{"id":10495,"date":"2025-11-01T20:53:28","date_gmt":"2025-11-01T20:53:28","guid":{"rendered":"https:\/\/modesthanim.com\/product\/alti-panelli-dikis-detayli-etek-saksonya-mavisi\/"},"modified":"2026-04-03T15:51:10","modified_gmt":"2026-04-03T15:51:10","slug":"alti-panelli-dikis-detayli-etek-saksonya-mavisi","status":"publish","type":"product","link":"https:\/\/mod.wisdar.net\/tr\/urun\/alti-panelli-dikis-detayli-etek-saksonya-mavisi\/","title":{"rendered":"Alt\u0131 Panelli Diki\u015f Detayl\u0131 Etek \u2013 Saksonya Mavisi"},"content":{"rendered":"<p>Bu etek, alt\u0131 panelli diki\u015f detaylar\u0131 ile zarafeti ve stili birle\u015ftirir, modern ve sofistike bir tasar\u0131m sunar. Katmanl\u0131 yap\u0131s\u0131 hareket \u00f6zg\u00fcrl\u00fc\u011f\u00fc sa\u011flarken, etek boyunca bulunan diki\u015f detaylar\u0131 ince i\u015f\u00e7ili\u011fi sergiler.<\/p>\n<p>\u2014 Teknik Detaylar \u2014<br \/>\nDesen: D\u00fcz<br \/>\nBel Tipi: Y\u00fcksek Bel<br \/>\nEtek Tipi: 6 Panel<br \/>\nCep: Cepsiz<br \/>\nAstar: Astarl\u0131<br \/>\n\u00dcr\u00fcn Uzunlu\u011fu: 95 cm<br \/>\nKal\u0131p: Rahat Kal\u0131p<br \/>\nModelin Giydi\u011fi Beden: 38<br \/>\nModel \u00d6l\u00e7\u00fcleri: {&#8216;Boy&#8217;: &#8216;176 cm&#8217;, &#8216;G\u00f6\u011f\u00fcs&#8217;: &#8217;82 cm&#8217;, &#8216;Bel&#8217;: &#8217;61 cm&#8217;, &#8216;Kal\u00e7a&#8217;: &#8217;88 cm&#8217;}<\/p>\n","protected":false},"excerpt":{"rendered":"<p>Bu etek, alt\u0131 panelli diki\u015f detaylar\u0131 ile zarafeti ve stili birle\u015ftirir, modern ve sofistike bir tasar\u0131m sunar. Katmanl\u0131 yap\u0131s\u0131 hareket \u00f6zg\u00fcrl\u00fc\u011f\u00fc sa\u011flarken, etek boyunca bulunan diki\u015f detaylar\u0131 ince i\u015f\u00e7ili\u011fi sergiler. \u2014 Teknik Detaylar \u2014 Desen: D\u00fcz Bel Tipi: Y\u00fcksek Bel Etek Tipi: 6 Panel Cep: Cepsiz Astar: Astarl\u0131 \u00dcr\u00fcn Uzunlu\u011fu: 95 cm Kal\u0131p: Rahat Kal\u0131p [&hellip;]<\/p>\n","protected":false},"featured_media":10447,"comment_status":"open","ping_status":"closed","template":"","meta":[],"product_brand":[],"product_cat":[1969],"product_tag":[5012,5013,8107],"class_list":{"0":"post-10495","1":"product","2":"type-product","3":"status-publish","4":"has-post-thumbnail","6":"product_cat-etekler","7":"product_tag-elegant","8":"product_tag-modern","9":"product_tag-sik","10":"pa_brand-tugba","11":"pa_color-saks","12":"pa_size-4706","13":"pa_size-4711","14":"pa_size-4713","15":"pa_size-4751","16":"pa_size-4749","17":"pa_size-4747","19":"first","20":"instock","21":"sale","22":"shipping-taxable","23":"purchasable","24":"product-type-variable"},"_links":{"self":[{"href":"https:\/\/mod.wisdar.net\/tr\/wp-json\/wp\/v2\/product\/10495","targetHints":{"allow":["GET"]}}],"collection":[{"href":"https:\/\/mod.wisdar.net\/tr\/wp-json\/wp\/v2\/product"}],"about":[{"href":"https:\/\/mod.wisdar.net\/tr\/wp-json\/wp\/v2\/types\/product"}],"replies":[{"embeddable":true,"href":"https:\/\/mod.wisdar.net\/tr\/wp-json\/wp\/v2\/comments?post=10495"}],"wp:featuredmedia":[{"embeddable":true,"href":"https:\/\/mod.wisdar.net\/tr\/wp-json\/wp\/v2\/media\/10447"}],"wp:attachment":[{"href":"https:\/\/mod.wisdar.net\/tr\/wp-json\/wp\/v2\/media?parent=10495"}],"wp:term":[{"taxonomy":"product_brand","embeddable":true,"href":"https:\/\/mod.wisdar.net\/tr\/wp-json\/wp\/v2\/product_brand?post=10495"},{"taxonomy":"product_cat","embeddable":true,"href":"https:\/\/mod.wisdar.net\/tr\/wp-json\/wp\/v2\/product_cat?post=10495"},{"taxonomy":"product_tag","embeddable":true,"href":"https:\/\/mod.wisdar.net\/tr\/wp-json\/wp\/v2\/product_tag?post=10495"}],"curies":[{"name":"wp","href":"https:\/\/api.w.org\/{rel}","templated":true}]}}