{"id":10502,"date":"2025-11-07T20:16:06","date_gmt":"2025-11-01T20:53:37","guid":{"rendered":"https:\/\/modesthanim.com\/product\/bes-cepli-etek-mercan\/"},"modified":"2026-02-09T14:45:48","modified_gmt":"2026-02-09T14:45:48","slug":"bes-cepli-etek-mercan","status":"publish","type":"product","link":"https:\/\/mod.wisdar.net\/tr\/urun\/bes-cepli-etek-mercan\/","title":{"rendered":"Be\u015f Cepli Etek \u2013 Mercan"},"content":{"rendered":"<p>Be\u015f farkl\u0131 cep detay\u0131 ile hem \u015f\u0131kl\u0131k hem de pratiklik sunan bu etek, modern ve i\u015flevsel bir tasar\u0131ma sahiptir. D\u00fcz kesimi ile sade bir g\u00f6r\u00fcn\u00fcm sa\u011flarken, cep detaylar\u0131 ile dinamik bir hava katmaktad\u0131r. G\u00fcnl\u00fck kombinlerinizle kolayca uyum sa\u011flar.<\/p>\n<p>Kuma\u015f \u0130\u00e7eri\u011fi: %65 Pamuk, %25 Polyester, %10 Elastan<br \/>\nDesen: D\u00fcz<br \/>\nBel Tipi: Y\u00fcksek Bel<br \/>\nEtek Tipi: \u00c7an Etek<br \/>\nCepler: 5 Cep<br \/>\nAstar: Astars\u0131z<br \/>\n\u00dcr\u00fcn Uzunlu\u011fu: 95 cm<br \/>\nKal\u0131p T\u00fcr\u00fc: Normal Kal\u0131p<br \/>\nModelin Giydi\u011fi Beden: 38<br \/>\nModel \u00d6l\u00e7\u00fcleri: Boy: 175 cm G\u00f6\u011f\u00fcs: 80 cm Bel: 62 cm Kal\u00e7a: 90 cm<\/p>\n<p>\u2014 Teknik Detaylar \u2014<br \/>\nDesen: D\u00fcz<br \/>\nBel Tipi: Y\u00fcksek Bel<br \/>\nEtek Tipi: \u00c7an Etek<br \/>\nCepler: 5 Cep<br \/>\nAstar: Astars\u0131z<br \/>\n\u00dcr\u00fcn Uzunlu\u011fu: 95 cm<br \/>\nKal\u0131p T\u00fcr\u00fc: Normal Kal\u0131p<br \/>\nModelin Giydi\u011fi Beden: 38<br \/>\nModel \u00d6l\u00e7\u00fcleri: Boy: 175 cm, G\u00f6\u011f\u00fcs: 80 cm, Bel: 62 cm, Kal\u00e7a: 90 cm<\/p>\n","protected":false},"excerpt":{"rendered":"<p>Be\u015f farkl\u0131 cep detay\u0131 ile hem \u015f\u0131kl\u0131k hem de pratiklik sunan bu etek, modern ve i\u015flevsel bir tasar\u0131ma sahiptir. D\u00fcz kesimi ile sade bir g\u00f6r\u00fcn\u00fcm sa\u011flarken, cep detaylar\u0131 ile dinamik bir hava katmaktad\u0131r. G\u00fcnl\u00fck kombinlerinizle kolayca uyum sa\u011flar. Kuma\u015f \u0130\u00e7eri\u011fi: %65 Pamuk, %25 Polyester, %10 Elastan Desen: D\u00fcz Bel Tipi: Y\u00fcksek Bel Etek Tipi: \u00c7an [&hellip;]<\/p>\n","protected":false},"featured_media":10466,"comment_status":"open","ping_status":"closed","template":"","meta":[],"product_brand":[],"product_cat":[1969],"product_tag":[],"class_list":{"0":"post-10502","1":"product","2":"type-product","3":"status-publish","4":"has-post-thumbnail","6":"product_cat-etekler","7":"pa_color-mercan","8":"pa_size-4706","9":"pa_size-4711","10":"pa_size-4713","11":"pa_size-4751","12":"pa_size-4749","13":"pa_size-4747","15":"first","16":"instock","17":"sale","18":"shipping-taxable","19":"purchasable","20":"product-type-variable"},"_links":{"self":[{"href":"https:\/\/mod.wisdar.net\/tr\/wp-json\/wp\/v2\/product\/10502","targetHints":{"allow":["GET"]}}],"collection":[{"href":"https:\/\/mod.wisdar.net\/tr\/wp-json\/wp\/v2\/product"}],"about":[{"href":"https:\/\/mod.wisdar.net\/tr\/wp-json\/wp\/v2\/types\/product"}],"replies":[{"embeddable":true,"href":"https:\/\/mod.wisdar.net\/tr\/wp-json\/wp\/v2\/comments?post=10502"}],"wp:featuredmedia":[{"embeddable":true,"href":"https:\/\/mod.wisdar.net\/tr\/wp-json\/wp\/v2\/media\/10466"}],"wp:attachment":[{"href":"https:\/\/mod.wisdar.net\/tr\/wp-json\/wp\/v2\/media?parent=10502"}],"wp:term":[{"taxonomy":"product_brand","embeddable":true,"href":"https:\/\/mod.wisdar.net\/tr\/wp-json\/wp\/v2\/product_brand?post=10502"},{"taxonomy":"product_cat","embeddable":true,"href":"https:\/\/mod.wisdar.net\/tr\/wp-json\/wp\/v2\/product_cat?post=10502"},{"taxonomy":"product_tag","embeddable":true,"href":"https:\/\/mod.wisdar.net\/tr\/wp-json\/wp\/v2\/product_tag?post=10502"}],"curies":[{"name":"wp","href":"https:\/\/api.w.org\/{rel}","templated":true}]}}