{"id":10538,"date":"2025-11-07T20:16:06","date_gmt":"2025-11-01T20:54:40","guid":{"rendered":"https:\/\/modesthanim.com\/product\/beli-lastikli-desenli-plisoley-etek-pembe\/"},"modified":"2026-04-03T15:51:54","modified_gmt":"2026-04-03T15:51:54","slug":"beli-lastikli-desenli-plisoley-etek-pembe","status":"publish","type":"product","link":"https:\/\/mod.wisdar.net\/tr\/urun\/beli-lastikli-desenli-plisoley-etek-pembe\/","title":{"rendered":"Beli Lastikli Desenli Plisoley Etek \u2013 Pembe"},"content":{"rendered":"<p>Desenli kuma\u015f\u0131 ve plisoley dokusu ile zarif bir hareketlilik kazanan bu etek, belindeki lastik detay\u0131 ile g\u00fcn boyu konfor sunar. Hafif yap\u0131s\u0131 ile her ad\u0131mda ak\u0131c\u0131 bir duru\u015f sergiler. G\u00fcnl\u00fck kombinlere feminen bir dokunu\u015f katar.<\/p>\n<p>\u2014 Teknik Detaylar \u2014<br \/>\nDesen: Kar\u0131\u015f\u0131k Desen<br \/>\nBel Tipi: Normal Bel \u2013 Beli Lastikli<br \/>\nEtek Tipi: Plise Etek<br \/>\nCep: Cepsiz<br \/>\nAstar: Astarl\u0131<br \/>\n\u00dcr\u00fcn Boyu: 95 cm<br \/>\nKal\u0131p Tipi: Normal Kal\u0131p<br \/>\nMankenin Giydi\u011fi Beden: 36<br \/>\nManken \u00d6l\u00e7\u00fcleri: Boy: 176 cm, G\u00f6\u011f\u00fcs: 80 cm, Bel: 60 cm, Basen: 90 cm<\/p>\n","protected":false},"excerpt":{"rendered":"<p>Desenli kuma\u015f\u0131 ve plisoley dokusu ile zarif bir hareketlilik kazanan bu etek, belindeki lastik detay\u0131 ile g\u00fcn boyu konfor sunar. Hafif yap\u0131s\u0131 ile her ad\u0131mda ak\u0131c\u0131 bir duru\u015f sergiler. G\u00fcnl\u00fck kombinlere feminen bir dokunu\u015f katar. \u2014 Teknik Detaylar \u2014 Desen: Kar\u0131\u015f\u0131k Desen Bel Tipi: Normal Bel \u2013 Beli Lastikli Etek Tipi: Plise Etek Cep: Cepsiz [&hellip;]<\/p>\n","protected":false},"featured_media":0,"comment_status":"open","ping_status":"closed","template":"","meta":[],"product_brand":[],"product_cat":[1969],"product_tag":[],"class_list":{"0":"post-10538","1":"product","2":"type-product","3":"status-publish","5":"product_cat-etekler","6":"pa_brand-tugba","7":"pa_color-pembe","8":"pa_size-4701","9":"pa_size-4706","10":"pa_size-4711","11":"pa_size-4713","13":"first","14":"instock","15":"sale","16":"shipping-taxable","17":"purchasable","18":"product-type-variable"},"_links":{"self":[{"href":"https:\/\/mod.wisdar.net\/tr\/wp-json\/wp\/v2\/product\/10538","targetHints":{"allow":["GET"]}}],"collection":[{"href":"https:\/\/mod.wisdar.net\/tr\/wp-json\/wp\/v2\/product"}],"about":[{"href":"https:\/\/mod.wisdar.net\/tr\/wp-json\/wp\/v2\/types\/product"}],"replies":[{"embeddable":true,"href":"https:\/\/mod.wisdar.net\/tr\/wp-json\/wp\/v2\/comments?post=10538"}],"wp:attachment":[{"href":"https:\/\/mod.wisdar.net\/tr\/wp-json\/wp\/v2\/media?parent=10538"}],"wp:term":[{"taxonomy":"product_brand","embeddable":true,"href":"https:\/\/mod.wisdar.net\/tr\/wp-json\/wp\/v2\/product_brand?post=10538"},{"taxonomy":"product_cat","embeddable":true,"href":"https:\/\/mod.wisdar.net\/tr\/wp-json\/wp\/v2\/product_cat?post=10538"},{"taxonomy":"product_tag","embeddable":true,"href":"https:\/\/mod.wisdar.net\/tr\/wp-json\/wp\/v2\/product_tag?post=10538"}],"curies":[{"name":"wp","href":"https:\/\/api.w.org\/{rel}","templated":true}]}}