{"id":105461,"date":"2026-02-16T13:28:26","date_gmt":"2026-02-16T13:28:26","guid":{"rendered":"https:\/\/modesthanim.com\/product\/2li-takim-sweatshirt-etek-kiz-bebek\/"},"modified":"2026-03-03T12:04:46","modified_gmt":"2026-03-03T12:04:46","slug":"2li-takim-sweatshirt-etek-kiz-bebek","status":"publish","type":"product","link":"https:\/\/mod.wisdar.net\/tr\/urun\/2li-takim-sweatshirt-etek-kiz-bebek\/","title":{"rendered":"2&#8217;li Tak\u0131m Sweatshirt Etek K\u0131z Bebek"},"content":{"rendered":"<p>K\u0131z bebekler i\u00e7in tasarlanan 2\u2019li tak\u0131m sweatshirt ve etek, yumu\u015fak dokusu sayesinde g\u00fcn boyu rahatl\u0131k sunar. \u015e\u0131k ve sevimli tasar\u0131m\u0131yla hem g\u00fcnl\u00fck kullan\u0131m hem de \u00f6zel anlar i\u00e7in ideal bir kombin olu\u015fturur.<\/p>\n<p>\u2014 Technical Details \u2014<br \/>\nKal\u0131p: Regular F\u0131t<br \/>\nCinsiyet: K\u0131z Bebek<br \/>\nDesen: \u00c7i\u00e7ekli<br \/>\nTak\u0131m \u0130\u00e7eri\u011fi: 2&#8217;li<br \/>\nMen\u015fei: TR<br \/>\n\u00dcr\u00fcn Grubu: K\u0131z Bebek Tak\u0131m \u2013 Set<\/p>\n","protected":false},"excerpt":{"rendered":"<p>K\u0131z bebekler i\u00e7in tasarlanan 2\u2019li tak\u0131m sweatshirt ve etek, yumu\u015fak dokusu sayesinde g\u00fcn boyu rahatl\u0131k sunar. \u015e\u0131k ve sevimli tasar\u0131m\u0131yla hem g\u00fcnl\u00fck kullan\u0131m hem de \u00f6zel anlar i\u00e7in ideal bir kombin olu\u015fturur. \u2014 Technical Details \u2014 Kal\u0131p: Regular F\u0131t Cinsiyet: K\u0131z Bebek Desen: \u00c7i\u00e7ekli Tak\u0131m \u0130\u00e7eri\u011fi: 2&#8217;li Men\u015fei: TR \u00dcr\u00fcn Grubu: K\u0131z Bebek Tak\u0131m \u2013 [&hellip;]<\/p>\n","protected":false},"featured_media":105447,"comment_status":"open","ping_status":"closed","template":"","meta":[],"product_brand":[],"product_cat":[8718,8721,8715,8694,8724,8697],"product_tag":[7508,6757],"class_list":{"0":"post-105461","1":"product","2":"type-product","3":"status-publish","4":"has-post-thumbnail","6":"product_cat-elbiseler-etekler","7":"product_cat-kiz-cocuk-takimlari","8":"product_cat-kiz-cocuklari-2-14-yas","9":"product_cat-cocuklar","10":"product_cat-tisortler-bluzlar","11":"product_cat-yenidogan-0-12-ay","12":"product_tag-cicekli","13":"product_tag-ekru","14":"pa_brand-defacto","15":"pa_color-ekru","16":"pa_size-12-18-ay-86cm","17":"pa_size-18-24-ay-92cm","18":"pa_size-2-3-yas-98cm","19":"pa_size-3-4-yas-104-cm","20":"pa_size-4-5-yas-110cm","21":"pa_size-5-6-yas-116cm","22":"pa_size-9-12-ay-80cm","24":"first","25":"instock","26":"sale","27":"shipping-taxable","28":"purchasable","29":"product-type-variable"},"_links":{"self":[{"href":"https:\/\/mod.wisdar.net\/tr\/wp-json\/wp\/v2\/product\/105461","targetHints":{"allow":["GET"]}}],"collection":[{"href":"https:\/\/mod.wisdar.net\/tr\/wp-json\/wp\/v2\/product"}],"about":[{"href":"https:\/\/mod.wisdar.net\/tr\/wp-json\/wp\/v2\/types\/product"}],"replies":[{"embeddable":true,"href":"https:\/\/mod.wisdar.net\/tr\/wp-json\/wp\/v2\/comments?post=105461"}],"wp:featuredmedia":[{"embeddable":true,"href":"https:\/\/mod.wisdar.net\/tr\/wp-json\/wp\/v2\/media\/105447"}],"wp:attachment":[{"href":"https:\/\/mod.wisdar.net\/tr\/wp-json\/wp\/v2\/media?parent=105461"}],"wp:term":[{"taxonomy":"product_brand","embeddable":true,"href":"https:\/\/mod.wisdar.net\/tr\/wp-json\/wp\/v2\/product_brand?post=105461"},{"taxonomy":"product_cat","embeddable":true,"href":"https:\/\/mod.wisdar.net\/tr\/wp-json\/wp\/v2\/product_cat?post=105461"},{"taxonomy":"product_tag","embeddable":true,"href":"https:\/\/mod.wisdar.net\/tr\/wp-json\/wp\/v2\/product_tag?post=105461"}],"curies":[{"name":"wp","href":"https:\/\/api.w.org\/{rel}","templated":true}]}}