{"id":105486,"date":"2026-02-16T13:28:39","date_gmt":"2026-02-16T13:28:39","guid":{"rendered":"https:\/\/modesthanim.com\/product\/cizgili-tulum-kiz-bebek\/"},"modified":"2026-03-03T12:08:24","modified_gmt":"2026-03-03T12:08:24","slug":"cizgili-tulum-kiz-bebek","status":"publish","type":"product","link":"https:\/\/mod.wisdar.net\/tr\/urun\/cizgili-tulum-kiz-bebek\/","title":{"rendered":"\u00c7izgili Tulum K\u0131z Bebek"},"content":{"rendered":"<p>K\u0131z bebek \u00e7izgili tulum, yumu\u015fak dokusu ve sevimli deseniyle hem \u015f\u0131k hem konforlu bir se\u00e7im sunar. G\u00fcnl\u00fck kullan\u0131m i\u00e7in pratik ve rahat bir par\u00e7ad\u0131r.<\/p>\n","protected":false},"excerpt":{"rendered":"<p>K\u0131z bebek \u00e7izgili tulum, yumu\u015fak dokusu ve sevimli deseniyle hem \u015f\u0131k hem konforlu bir se\u00e7im sunar. G\u00fcnl\u00fck kullan\u0131m i\u00e7in pratik ve rahat bir par\u00e7ad\u0131r.<\/p>\n","protected":false},"featured_media":105471,"comment_status":"open","ping_status":"closed","template":"","meta":[],"product_brand":[],"product_cat":[8721,8715,8694],"product_tag":[],"class_list":{"0":"post-105486","1":"product","2":"type-product","3":"status-publish","4":"has-post-thumbnail","6":"product_cat-kiz-cocuk-takimlari","7":"product_cat-kiz-cocuklari-2-14-yas","8":"product_cat-cocuklar","9":"pa_brand-defacto","10":"pa_color-pembe","11":"pa_size-12-18-ay-86cm","12":"pa_size-18-24-ay-92cm","13":"pa_size-24-36-ay-98-cm","14":"pa_size-3-4-yas-104-cm","15":"pa_size-4-5-yas-110cm","16":"pa_size-5-6-yas-116cm","17":"pa_size-9-12-ay-80cm","19":"first","20":"instock","21":"sale","22":"shipping-taxable","23":"purchasable","24":"product-type-variable"},"_links":{"self":[{"href":"https:\/\/mod.wisdar.net\/tr\/wp-json\/wp\/v2\/product\/105486","targetHints":{"allow":["GET"]}}],"collection":[{"href":"https:\/\/mod.wisdar.net\/tr\/wp-json\/wp\/v2\/product"}],"about":[{"href":"https:\/\/mod.wisdar.net\/tr\/wp-json\/wp\/v2\/types\/product"}],"replies":[{"embeddable":true,"href":"https:\/\/mod.wisdar.net\/tr\/wp-json\/wp\/v2\/comments?post=105486"}],"wp:featuredmedia":[{"embeddable":true,"href":"https:\/\/mod.wisdar.net\/tr\/wp-json\/wp\/v2\/media\/105471"}],"wp:attachment":[{"href":"https:\/\/mod.wisdar.net\/tr\/wp-json\/wp\/v2\/media?parent=105486"}],"wp:term":[{"taxonomy":"product_brand","embeddable":true,"href":"https:\/\/mod.wisdar.net\/tr\/wp-json\/wp\/v2\/product_brand?post=105486"},{"taxonomy":"product_cat","embeddable":true,"href":"https:\/\/mod.wisdar.net\/tr\/wp-json\/wp\/v2\/product_cat?post=105486"},{"taxonomy":"product_tag","embeddable":true,"href":"https:\/\/mod.wisdar.net\/tr\/wp-json\/wp\/v2\/product_tag?post=105486"}],"curies":[{"name":"wp","href":"https:\/\/api.w.org\/{rel}","templated":true}]}}