{"id":105532,"date":"2026-02-16T13:29:36","date_gmt":"2026-02-16T13:29:36","guid":{"rendered":"https:\/\/modesthanim.com\/product\/fitilli-basic-zibin-takim-0-3-yas-acik-bej\/"},"modified":"2026-04-01T04:53:14","modified_gmt":"2026-04-01T04:53:14","slug":"fitilli-basic-zibin-takim-0-3-yas-acik-bej","status":"publish","type":"product","link":"https:\/\/mod.wisdar.net\/tr\/urun\/fitilli-basic-zibin-takim-0-3-yas-acik-bej\/","title":{"rendered":"Fitilli Basic Z\u0131b\u0131n Tak\u0131m 0-3 Ya\u015f A\u00e7\u0131k Bej"},"content":{"rendered":"<p>. %97 Pamuk %3 oeko-tex sertifikal\u0131 Elastan<\/p>\n<p>. Mevsimlik kal\u0131nl\u0131\u011fa sahiptir<\/p>\n<p>. Nefes alan, yumu\u015fac\u0131k ve saf bir dokuya sahiptir<\/p>\n<p>. \u00c7ama\u015f\u0131r makinesinde maksimum 30\u00baC\u2019lik k\u0131sa programda y\u0131kay\u0131n\u0131z<\/p>\n","protected":false},"excerpt":{"rendered":"<p>. %97 Pamuk %3 oeko-tex sertifikal\u0131 Elastan . Mevsimlik kal\u0131nl\u0131\u011fa sahiptir . Nefes alan, yumu\u015fac\u0131k ve saf bir dokuya sahiptir . \u00c7ama\u015f\u0131r makinesinde maksimum 30\u00baC\u2019lik k\u0131sa programda y\u0131kay\u0131n\u0131z<\/p>\n","protected":false},"featured_media":105524,"comment_status":"open","ping_status":"closed","template":"","meta":[],"product_brand":[],"product_cat":[8703,8745,8739,8694,8697],"product_tag":[8096],"class_list":{"0":"post-105532","1":"product","2":"type-product","3":"status-publish","4":"has-post-thumbnail","6":"product_cat-bebek-setleri","7":"product_cat-erkek-cocuk-takimlari","8":"product_cat-erkek-cocuklar-2-14-yas","9":"product_cat-cocuklar","10":"product_cat-yenidogan-0-12-ay","11":"product_tag-fitilli-kumas","12":"pa_brand-cigit","13":"pa_color-a-bej","14":"pa_size-12-18-ay","15":"pa_size-18-24-ay","16":"pa_size-2-3-yas","17":"pa_size-3-6-ay","18":"pa_size-6-12-ay","20":"first","21":"instock","22":"sale","23":"shipping-taxable","24":"purchasable","25":"product-type-variable"},"_links":{"self":[{"href":"https:\/\/mod.wisdar.net\/tr\/wp-json\/wp\/v2\/product\/105532","targetHints":{"allow":["GET"]}}],"collection":[{"href":"https:\/\/mod.wisdar.net\/tr\/wp-json\/wp\/v2\/product"}],"about":[{"href":"https:\/\/mod.wisdar.net\/tr\/wp-json\/wp\/v2\/types\/product"}],"replies":[{"embeddable":true,"href":"https:\/\/mod.wisdar.net\/tr\/wp-json\/wp\/v2\/comments?post=105532"}],"wp:featuredmedia":[{"embeddable":true,"href":"https:\/\/mod.wisdar.net\/tr\/wp-json\/wp\/v2\/media\/105524"}],"wp:attachment":[{"href":"https:\/\/mod.wisdar.net\/tr\/wp-json\/wp\/v2\/media?parent=105532"}],"wp:term":[{"taxonomy":"product_brand","embeddable":true,"href":"https:\/\/mod.wisdar.net\/tr\/wp-json\/wp\/v2\/product_brand?post=105532"},{"taxonomy":"product_cat","embeddable":true,"href":"https:\/\/mod.wisdar.net\/tr\/wp-json\/wp\/v2\/product_cat?post=105532"},{"taxonomy":"product_tag","embeddable":true,"href":"https:\/\/mod.wisdar.net\/tr\/wp-json\/wp\/v2\/product_tag?post=105532"}],"curies":[{"name":"wp","href":"https:\/\/api.w.org\/{rel}","templated":true}]}}