{"id":105598,"date":"2026-02-16T13:30:44","date_gmt":"2026-02-16T13:30:44","guid":{"rendered":"https:\/\/modesthanim.com\/product\/kolsuz-poplin-yazlik-elbise-kiz-bebek\/"},"modified":"2026-03-03T12:15:44","modified_gmt":"2026-03-03T12:15:44","slug":"kolsuz-poplin-yazlik-elbise-kiz-bebek","status":"publish","type":"product","link":"https:\/\/mod.wisdar.net\/tr\/urun\/kolsuz-poplin-yazlik-elbise-kiz-bebek\/","title":{"rendered":"Kolsuz Poplin Yazl\u0131k Elbise K\u0131z Bebek"},"content":{"rendered":"<p>K\u0131z bebekler i\u00e7in ideal olan bu kolsuz poplin elbise, hafif ve nefes alabilen kuma\u015f\u0131yla yaz aylar\u0131nda serinlik sa\u011flar. Sevimli tasar\u0131m\u0131yla miniklerin \u015f\u0131kl\u0131\u011f\u0131n\u0131 tamamlar, rahat kal\u0131b\u0131yla da \u00f6zg\u00fcrce hareket etmelerine olanak tan\u0131r.<\/p>\n<p>\u2014 Technical Details \u2014<br \/>\nkol_boyu: Kolsuz<br \/>\ncinsiyet: K\u0131z Bebek<br \/>\nrenk: Ekru<br \/>\nkuma\u015f: Poplin<br \/>\nkal\u0131p: Regular Fit<br \/>\n\u00f6zel_\u00fcr\u00fcn: G\u00fcnl\u00fck<br \/>\nmen\u015fei: TR<br \/>\n\u00fcr\u00fcn_grubu: K\u0131z Bebek Elbise<br \/>\nmodel_\u00f6l\u00e7\u00fcleri: 12-18 Ay (86cm) Beden \u2013 0,74cm \u2013 40\/35\/40<br \/>\nnumune_bedeni: 12-18 Ay (86cm)<\/p>\n","protected":false},"excerpt":{"rendered":"<p>K\u0131z bebekler i\u00e7in ideal olan bu kolsuz poplin elbise, hafif ve nefes alabilen kuma\u015f\u0131yla yaz aylar\u0131nda serinlik sa\u011flar. Sevimli tasar\u0131m\u0131yla miniklerin \u015f\u0131kl\u0131\u011f\u0131n\u0131 tamamlar, rahat kal\u0131b\u0131yla da \u00f6zg\u00fcrce hareket etmelerine olanak tan\u0131r. \u2014 Technical Details \u2014 kol_boyu: Kolsuz cinsiyet: K\u0131z Bebek renk: Ekru kuma\u015f: Poplin kal\u0131p: Regular Fit \u00f6zel_\u00fcr\u00fcn: G\u00fcnl\u00fck men\u015fei: TR \u00fcr\u00fcn_grubu: K\u0131z Bebek Elbise [&hellip;]<\/p>\n","protected":false},"featured_media":105593,"comment_status":"open","ping_status":"closed","template":"","meta":[],"product_brand":[],"product_cat":[8712,8718,8715,8694,8697],"product_tag":[6757,7419],"class_list":{"0":"post-105598","1":"product","2":"type-product","3":"status-publish","4":"has-post-thumbnail","6":"product_cat-bebek-elbiseleri","7":"product_cat-elbiseler-etekler","8":"product_cat-kiz-cocuklari-2-14-yas","9":"product_cat-cocuklar","10":"product_cat-yenidogan-0-12-ay","11":"product_tag-ekru","12":"product_tag-gunluk","13":"pa_brand-defacto","14":"pa_color-ekru","15":"pa_size-12-18-ay-86cm","16":"pa_size-18-24-ay-92cm","17":"pa_size-24-36-ay-98-cm","18":"pa_size-3-4-yas-104-cm","19":"pa_size-4-5-yas-110cm","20":"pa_size-5-6-yas-116cm","21":"pa_size-9-12-ay-80cm","23":"first","24":"instock","25":"sale","26":"shipping-taxable","27":"purchasable","28":"product-type-variable"},"_links":{"self":[{"href":"https:\/\/mod.wisdar.net\/tr\/wp-json\/wp\/v2\/product\/105598","targetHints":{"allow":["GET"]}}],"collection":[{"href":"https:\/\/mod.wisdar.net\/tr\/wp-json\/wp\/v2\/product"}],"about":[{"href":"https:\/\/mod.wisdar.net\/tr\/wp-json\/wp\/v2\/types\/product"}],"replies":[{"embeddable":true,"href":"https:\/\/mod.wisdar.net\/tr\/wp-json\/wp\/v2\/comments?post=105598"}],"wp:featuredmedia":[{"embeddable":true,"href":"https:\/\/mod.wisdar.net\/tr\/wp-json\/wp\/v2\/media\/105593"}],"wp:attachment":[{"href":"https:\/\/mod.wisdar.net\/tr\/wp-json\/wp\/v2\/media?parent=105598"}],"wp:term":[{"taxonomy":"product_brand","embeddable":true,"href":"https:\/\/mod.wisdar.net\/tr\/wp-json\/wp\/v2\/product_brand?post=105598"},{"taxonomy":"product_cat","embeddable":true,"href":"https:\/\/mod.wisdar.net\/tr\/wp-json\/wp\/v2\/product_cat?post=105598"},{"taxonomy":"product_tag","embeddable":true,"href":"https:\/\/mod.wisdar.net\/tr\/wp-json\/wp\/v2\/product_tag?post=105598"}],"curies":[{"name":"wp","href":"https:\/\/api.w.org\/{rel}","templated":true}]}}