{"id":10572,"date":"2025-11-07T20:16:06","date_gmt":"2025-11-01T20:55:20","guid":{"rendered":"https:\/\/modesthanim.com\/product\/zebra-desen-etek-siyah\/"},"modified":"2026-04-10T16:02:23","modified_gmt":"2026-04-10T16:02:23","slug":"zebra-desen-etek-siyah","status":"publish","type":"product","link":"https:\/\/mod.wisdar.net\/tr\/urun\/zebra-desen-etek-siyah\/","title":{"rendered":"Zebra Desen Etek \u2013 Siyah"},"content":{"rendered":"<p>Dinamik zebra desenleriyle \u00f6ne \u00e7\u0131kan bu etek, modern ve iddial\u0131 bir stil sunar. Rahat kesimiyle g\u00fcn boyu konforlu bir kullan\u0131m sa\u011flar. Teknik Detaylar: Desen: Zebra Desen, Bel Tipi: Normal Bel, Etek Tipi: Pileli, Cep: Yok, Astar: Astarl\u0131, \u00dcr\u00fcn Boyu: 95 cm, Kal\u0131p Tipi: Normal Kal\u0131p, Mankenin Giydi\u011fi Beden: 36, Manken \u00d6l\u00e7\u00fcleri: Boy: 176 cm, G\u00f6\u011f\u00fcs: 75 cm, Bel: 59 cm, Basen: 87 cm<\/p>\n","protected":false},"excerpt":{"rendered":"<p>Dinamik zebra desenleriyle \u00f6ne \u00e7\u0131kan bu etek, modern ve iddial\u0131 bir stil sunar. Rahat kesimiyle g\u00fcn boyu konforlu bir kullan\u0131m sa\u011flar. Teknik Detaylar: Desen: Zebra Desen, Bel Tipi: Normal Bel, Etek Tipi: Pileli, Cep: Yok, Astar: Astarl\u0131, \u00dcr\u00fcn Boyu: 95 cm, Kal\u0131p Tipi: Normal Kal\u0131p, Mankenin Giydi\u011fi Beden: 36, Manken \u00d6l\u00e7\u00fcleri: Boy: 176 cm, G\u00f6\u011f\u00fcs: [&hellip;]<\/p>\n","protected":false},"featured_media":0,"comment_status":"open","ping_status":"closed","template":"","meta":[],"product_brand":[],"product_cat":[1969],"product_tag":[],"class_list":{"0":"post-10572","1":"product","2":"type-product","3":"status-publish","5":"product_cat-etekler","6":"pa_brand-tugba","7":"pa_color-siyah","8":"pa_size-4701","9":"pa_size-4706","10":"pa_size-4711","11":"pa_size-4713","13":"first","14":"instock","15":"sale","16":"shipping-taxable","17":"purchasable","18":"product-type-variable"},"_links":{"self":[{"href":"https:\/\/mod.wisdar.net\/tr\/wp-json\/wp\/v2\/product\/10572","targetHints":{"allow":["GET"]}}],"collection":[{"href":"https:\/\/mod.wisdar.net\/tr\/wp-json\/wp\/v2\/product"}],"about":[{"href":"https:\/\/mod.wisdar.net\/tr\/wp-json\/wp\/v2\/types\/product"}],"replies":[{"embeddable":true,"href":"https:\/\/mod.wisdar.net\/tr\/wp-json\/wp\/v2\/comments?post=10572"}],"wp:attachment":[{"href":"https:\/\/mod.wisdar.net\/tr\/wp-json\/wp\/v2\/media?parent=10572"}],"wp:term":[{"taxonomy":"product_brand","embeddable":true,"href":"https:\/\/mod.wisdar.net\/tr\/wp-json\/wp\/v2\/product_brand?post=10572"},{"taxonomy":"product_cat","embeddable":true,"href":"https:\/\/mod.wisdar.net\/tr\/wp-json\/wp\/v2\/product_cat?post=10572"},{"taxonomy":"product_tag","embeddable":true,"href":"https:\/\/mod.wisdar.net\/tr\/wp-json\/wp\/v2\/product_tag?post=10572"}],"curies":[{"name":"wp","href":"https:\/\/api.w.org\/{rel}","templated":true}]}}