{"id":106083,"date":"2026-02-16T18:23:16","date_gmt":"2026-02-16T18:23:16","guid":{"rendered":"https:\/\/modesthanim.com\/product\/mavi-deri-kapak-detayli-el-cantasi\/"},"modified":"2026-04-10T21:42:27","modified_gmt":"2026-04-10T21:42:27","slug":"mavi-deri-kapak-detayli-el-cantasi","status":"publish","type":"product","link":"https:\/\/mod.wisdar.net\/tr\/urun\/mavi-deri-kapak-detayli-el-cantasi\/","title":{"rendered":"Mavi Deri Kapak Detayl\u0131 El \u00c7antas\u0131"},"content":{"rendered":"<p>BAKIMI:<br \/>\n\u00dcr\u00fcn\u00fcm\u00fcz\u00fc nemli bir bez ile silerek temizleyebilirsiniz.<br \/>\nKuru yerde muhafaza ediniz.<br \/>\nED\u0130T\u00d6R\u00dcN YORUMU<br \/>\n Son d\u00f6nemin trend par\u00e7alar\u0131ndan biri olan deri kapak detayl\u0131 el \u00e7antas\u0131s\u0131 modern \u00e7izgileri ve nostaljik dokusuyla dikkatleri \u00fczerine \u00e7ekiyor. \u00c7\u0131t\u00e7\u0131t kapama detay\u0131 \u00e7antan\u0131n hem g\u00fcvenli\u011fini hem de zarafetini artt\u0131r\u0131yor. S\u0131n\u0131rl\u0131 say\u0131da \u00fcretilen \u00e7antam\u0131z ofis stili ve \u00f6zel davetlerde fark yarat\u0131yor. Yeni sezonun en \u015f\u0131k tasar\u0131m\u0131 olan \u00e7antam\u0131z\u0131 tesett\u00fcr tunik modelleri ile kombinleyerek tarz\u0131n\u0131za sofistike bir g\u00f6r\u00fcn\u00fcm sa\u011flaman\u0131z m\u00fcmk\u00fcn.<\/p>\n<p>\u2014 Technical Details \u2014<br \/>\nKuma\u015f: Polyester<br \/>\nDesen: D\u00fcz<br \/>\nKapama Tarz\u0131: Fermuar &amp; \u00c7\u0131t \u00e7\u0131t<br \/>\nY\u00fckseklik: 11 cm<br \/>\nGeni\u015flik: 8 cm<br \/>\nEn: 22 cm<\/p>\n","protected":false},"excerpt":{"rendered":"<p>BAKIMI: \u00dcr\u00fcn\u00fcm\u00fcz\u00fc nemli bir bez ile silerek temizleyebilirsiniz. Kuru yerde muhafaza ediniz. ED\u0130T\u00d6R\u00dcN YORUMU Son d\u00f6nemin trend par\u00e7alar\u0131ndan biri olan deri kapak detayl\u0131 el \u00e7antas\u0131s\u0131 modern \u00e7izgileri ve nostaljik dokusuyla dikkatleri \u00fczerine \u00e7ekiyor. \u00c7\u0131t\u00e7\u0131t kapama detay\u0131 \u00e7antan\u0131n hem g\u00fcvenli\u011fini hem de zarafetini artt\u0131r\u0131yor. S\u0131n\u0131rl\u0131 say\u0131da \u00fcretilen \u00e7antam\u0131z ofis stili ve \u00f6zel davetlerde fark yarat\u0131yor. Yeni [&hellip;]<\/p>\n","protected":false},"featured_media":106075,"comment_status":"open","ping_status":"closed","template":"","meta":[],"product_brand":[],"product_cat":[6960,6957],"product_tag":[7037,7020],"class_list":{"0":"post-106083","1":"product","2":"type-product","3":"status-publish","4":"has-post-thumbnail","6":"product_cat-cantalar","7":"product_cat-cantalar-el-cantalari","8":"product_tag-el-cantasi","9":"product_tag-gece-cantasi","10":"pa_brand-levidor","11":"pa_color-mavi","13":"first","14":"outofstock","15":"shipping-taxable","16":"product-type-variable"},"_links":{"self":[{"href":"https:\/\/mod.wisdar.net\/tr\/wp-json\/wp\/v2\/product\/106083","targetHints":{"allow":["GET"]}}],"collection":[{"href":"https:\/\/mod.wisdar.net\/tr\/wp-json\/wp\/v2\/product"}],"about":[{"href":"https:\/\/mod.wisdar.net\/tr\/wp-json\/wp\/v2\/types\/product"}],"replies":[{"embeddable":true,"href":"https:\/\/mod.wisdar.net\/tr\/wp-json\/wp\/v2\/comments?post=106083"}],"wp:featuredmedia":[{"embeddable":true,"href":"https:\/\/mod.wisdar.net\/tr\/wp-json\/wp\/v2\/media\/106075"}],"wp:attachment":[{"href":"https:\/\/mod.wisdar.net\/tr\/wp-json\/wp\/v2\/media?parent=106083"}],"wp:term":[{"taxonomy":"product_brand","embeddable":true,"href":"https:\/\/mod.wisdar.net\/tr\/wp-json\/wp\/v2\/product_brand?post=106083"},{"taxonomy":"product_cat","embeddable":true,"href":"https:\/\/mod.wisdar.net\/tr\/wp-json\/wp\/v2\/product_cat?post=106083"},{"taxonomy":"product_tag","embeddable":true,"href":"https:\/\/mod.wisdar.net\/tr\/wp-json\/wp\/v2\/product_tag?post=106083"}],"curies":[{"name":"wp","href":"https:\/\/api.w.org\/{rel}","templated":true}]}}