{"id":106102,"date":"2026-02-16T18:23:32","date_gmt":"2026-02-16T18:23:32","guid":{"rendered":"https:\/\/modesthanim.com\/product\/alien-cupra-uzun-elbise-vizon\/"},"modified":"2026-04-10T21:40:51","modified_gmt":"2026-04-10T21:40:51","slug":"alien-cupra-uzun-elbise-vizon","status":"publish","type":"product","link":"https:\/\/mod.wisdar.net\/tr\/urun\/alien-cupra-uzun-elbise-vizon\/","title":{"rendered":"Alien Cupra Uzun Elbise Vizon"},"content":{"rendered":"<p>Alien cupra uzun elbise vizon, ipek hissiyatl\u0131 cupra kar\u0131\u015f\u0131ml\u0131 kuma\u015f\u0131yla zarif ve rahat bir \u015f\u0131kl\u0131k sunar. Bol kesimi sayesinde konforlu bir kullan\u0131m sa\u011flarken, ak\u0131c\u0131 tasar\u0131m\u0131 feminen bir duru\u015f yarat\u0131r. Sandalet ya da spor ayakkab\u0131larla g\u00fcnd\u00fcz stilinizi tamamlayabilir, topuklu ayakkab\u0131lar ve aksesuarlarla \u00f6zel g\u00fcnlerde \u015f\u0131kl\u0131\u011f\u0131 yakalayabilirsiniz.<\/p>\n<p>\u00dcR\u00dcN \u00d6ZELL\u0130KLER\u0130<\/p>\n<p>Cupra kar\u0131\u015f\u0131ml\u0131 d\u00f6k\u00fcml\u00fc krep kuma\u015f,<br \/>\nOmuz pili detayl\u0131, fular yaka, balon kol,<br \/>\nKendi kuma\u015f\u0131ndan biye kemerli,<br \/>\n\u00c7an kesim d\u00f6k\u00fcml\u00fc uzun elbise.<\/p>\n<p>\u0130\u00c7ER\u0130K VE BAKIM<br \/>\n%100 PES<br \/>\n\u00c7ama\u015f\u0131r makinas\u0131nda d\u00fc\u015f\u00fck \u0131s\u0131da y\u0131kanabilir. Sererek kurutunuz.<br \/>\nD\u00fc\u015f\u00fck \u0131s\u0131da tersten \u00fct\u00fclenebilir. Elle \u00f6l\u00e7\u00fcmlerde 2-3 cm de\u011fi\u015fiklik g\u00f6sterebilir.<\/p>\n<p>Manken \u00d6l\u00e7\u00fcleri: Boy: 177cm, G\u00f6\u011f\u00fcs: 69cm, Basen: 89cm.<br \/>\nManken \u00fczerindeki \u00fcr\u00fcn 1 bedendir.<br \/>\n1 beden 36\/38 \u2013 2 beden 40\/42 beden aral\u0131\u011f\u0131 i\u00e7in uygundur.<\/p>\n","protected":false},"excerpt":{"rendered":"<p>Alien cupra uzun elbise vizon, ipek hissiyatl\u0131 cupra kar\u0131\u015f\u0131ml\u0131 kuma\u015f\u0131yla zarif ve rahat bir \u015f\u0131kl\u0131k sunar. Bol kesimi sayesinde konforlu bir kullan\u0131m sa\u011flarken, ak\u0131c\u0131 tasar\u0131m\u0131 feminen bir duru\u015f yarat\u0131r. Sandalet ya da spor ayakkab\u0131larla g\u00fcnd\u00fcz stilinizi tamamlayabilir, topuklu ayakkab\u0131lar ve aksesuarlarla \u00f6zel g\u00fcnlerde \u015f\u0131kl\u0131\u011f\u0131 yakalayabilirsiniz. \u00dcR\u00dcN \u00d6ZELL\u0130KLER\u0130 Cupra kar\u0131\u015f\u0131ml\u0131 d\u00f6k\u00fcml\u00fc krep kuma\u015f, Omuz pili detayl\u0131, [&hellip;]<\/p>\n","protected":false},"featured_media":106096,"comment_status":"open","ping_status":"closed","template":"","meta":[],"product_brand":[],"product_cat":[6249,1933],"product_tag":[],"class_list":{"0":"post-106102","1":"product","2":"type-product","3":"status-publish","4":"has-post-thumbnail","6":"product_cat-elbiseler","7":"product_cat-gunluk-ve-gunduz-elbiseleri","8":"pa_brand-kadriye-basturk","9":"pa_color-vizon","10":"pa_size-4446","11":"pa_size-4463","13":"first","14":"instock","15":"sale","16":"shipping-taxable","17":"purchasable","18":"product-type-variable"},"_links":{"self":[{"href":"https:\/\/mod.wisdar.net\/tr\/wp-json\/wp\/v2\/product\/106102","targetHints":{"allow":["GET"]}}],"collection":[{"href":"https:\/\/mod.wisdar.net\/tr\/wp-json\/wp\/v2\/product"}],"about":[{"href":"https:\/\/mod.wisdar.net\/tr\/wp-json\/wp\/v2\/types\/product"}],"replies":[{"embeddable":true,"href":"https:\/\/mod.wisdar.net\/tr\/wp-json\/wp\/v2\/comments?post=106102"}],"wp:featuredmedia":[{"embeddable":true,"href":"https:\/\/mod.wisdar.net\/tr\/wp-json\/wp\/v2\/media\/106096"}],"wp:attachment":[{"href":"https:\/\/mod.wisdar.net\/tr\/wp-json\/wp\/v2\/media?parent=106102"}],"wp:term":[{"taxonomy":"product_brand","embeddable":true,"href":"https:\/\/mod.wisdar.net\/tr\/wp-json\/wp\/v2\/product_brand?post=106102"},{"taxonomy":"product_cat","embeddable":true,"href":"https:\/\/mod.wisdar.net\/tr\/wp-json\/wp\/v2\/product_cat?post=106102"},{"taxonomy":"product_tag","embeddable":true,"href":"https:\/\/mod.wisdar.net\/tr\/wp-json\/wp\/v2\/product_tag?post=106102"}],"curies":[{"name":"wp","href":"https:\/\/api.w.org\/{rel}","templated":true}]}}