{"id":106133,"date":"2026-02-16T18:24:00","date_gmt":"2026-02-16T18:24:00","guid":{"rendered":"https:\/\/modesthanim.com\/product\/kemerli-can-uzun-elbise-siyah\/"},"modified":"2026-04-02T21:14:01","modified_gmt":"2026-04-02T21:14:01","slug":"kemerli-can-uzun-elbise-siyah","status":"publish","type":"product","link":"https:\/\/mod.wisdar.net\/tr\/urun\/kemerli-can-uzun-elbise-siyah\/","title":{"rendered":"Kemerli \u00c7an Uzun Elbise Siyah"},"content":{"rendered":"<p>\u00dcR\u00dcN TANIMI<br \/>\nKemerli \u00e7an uzun elbise siyah, cupra kar\u0131\u015f\u0131ml\u0131 ipek hissiyatl\u0131 kuma\u015f\u0131yla zarafeti ve rahatl\u0131\u011f\u0131 bir arada sunar. Belden a\u015fa\u011f\u0131 \u00e7an formuyla boyu uzun g\u00f6sterirken, kemerli ya da kemersiz kullan\u0131m\u0131yla farkl\u0131 tarzlara kolayca uyum sa\u011flar. Hem g\u00fcnd\u00fcz hem de gece kombinlerinize uyum sa\u011flayacak \u015fekilde tasarlanm\u0131\u015ft\u0131r. Zamans\u0131z tasar\u0131m\u0131 sayesinde mevsim ge\u00e7i\u015flerinde de ideal bir se\u00e7imdir.<\/p>\n<p>\u00dcR\u00dcN \u00d6ZELL\u0130KLER\u0130<\/p>\n<p>Cupra kar\u0131\u015f\u0131ml\u0131 d\u00f6k\u00fcml\u00fc kuma\u015f,<br \/>\nKlasik yaka, arkadan fermuar kapama, belden kesikli,<br \/>\n\u00d6n pat s\u00fcs d\u00fc\u011fme detayl\u0131, kuma\u015f kaplama kemerli,<br \/>\n\u00c7an etek formlu uzun elbise.<\/p>\n<p>\u0130\u00c7ER\u0130K VE BAKIM<br \/>\n%100 PES<br \/>\n\u00c7ama\u015f\u0131r makinas\u0131nda d\u00fc\u015f\u00fck \u0131s\u0131da y\u0131kanabilir. Sererek kurutunuz.<br \/>\nD\u00fc\u015f\u00fck \u0131s\u0131da tersten \u00fct\u00fclenebilir elle \u00f6l\u00e7\u00fcmlerde 2-3 cm de\u011fi\u015fiklik g\u00f6sterebilir.<\/p>\n<p>Manken \u00d6l\u00e7\u00fcleri: Boy:177cm, G\u00f6\u011f\u00fcs 69cm, Basen 89cm.<br \/>\nManken \u00fczerindeki \u00fcr\u00fcn 36 bedendir.<\/p>\n","protected":false},"excerpt":{"rendered":"<p>\u00dcR\u00dcN TANIMI Kemerli \u00e7an uzun elbise siyah, cupra kar\u0131\u015f\u0131ml\u0131 ipek hissiyatl\u0131 kuma\u015f\u0131yla zarafeti ve rahatl\u0131\u011f\u0131 bir arada sunar. Belden a\u015fa\u011f\u0131 \u00e7an formuyla boyu uzun g\u00f6sterirken, kemerli ya da kemersiz kullan\u0131m\u0131yla farkl\u0131 tarzlara kolayca uyum sa\u011flar. Hem g\u00fcnd\u00fcz hem de gece kombinlerinize uyum sa\u011flayacak \u015fekilde tasarlanm\u0131\u015ft\u0131r. Zamans\u0131z tasar\u0131m\u0131 sayesinde mevsim ge\u00e7i\u015flerinde de ideal bir se\u00e7imdir. \u00dcR\u00dcN [&hellip;]<\/p>\n","protected":false},"featured_media":106128,"comment_status":"open","ping_status":"closed","template":"","meta":[],"product_brand":[],"product_cat":[6249,1933],"product_tag":[8427,8299,6937,8409,6745],"class_list":{"0":"post-106133","1":"product","2":"type-product","3":"status-publish","4":"has-post-thumbnail","6":"product_cat-elbiseler","7":"product_cat-gunluk-ve-gunduz-elbiseleri","8":"product_tag-gece-elbisesi","9":"product_tag-kemerli-elbise","10":"product_tag-siyah-elbise","11":"product_tag-uzun-elbise","12":"product_tag-zarif-elbise","13":"pa_brand-kadriye-basturk","14":"pa_color-siyah","15":"pa_size-4701","16":"pa_size-4706","17":"pa_size-4711","18":"pa_size-4713","20":"first","21":"outofstock","22":"shipping-taxable","23":"product-type-variable"},"_links":{"self":[{"href":"https:\/\/mod.wisdar.net\/tr\/wp-json\/wp\/v2\/product\/106133","targetHints":{"allow":["GET"]}}],"collection":[{"href":"https:\/\/mod.wisdar.net\/tr\/wp-json\/wp\/v2\/product"}],"about":[{"href":"https:\/\/mod.wisdar.net\/tr\/wp-json\/wp\/v2\/types\/product"}],"replies":[{"embeddable":true,"href":"https:\/\/mod.wisdar.net\/tr\/wp-json\/wp\/v2\/comments?post=106133"}],"wp:featuredmedia":[{"embeddable":true,"href":"https:\/\/mod.wisdar.net\/tr\/wp-json\/wp\/v2\/media\/106128"}],"wp:attachment":[{"href":"https:\/\/mod.wisdar.net\/tr\/wp-json\/wp\/v2\/media?parent=106133"}],"wp:term":[{"taxonomy":"product_brand","embeddable":true,"href":"https:\/\/mod.wisdar.net\/tr\/wp-json\/wp\/v2\/product_brand?post=106133"},{"taxonomy":"product_cat","embeddable":true,"href":"https:\/\/mod.wisdar.net\/tr\/wp-json\/wp\/v2\/product_cat?post=106133"},{"taxonomy":"product_tag","embeddable":true,"href":"https:\/\/mod.wisdar.net\/tr\/wp-json\/wp\/v2\/product_tag?post=106133"}],"curies":[{"name":"wp","href":"https:\/\/api.w.org\/{rel}","templated":true}]}}