{"id":10616,"date":"2025-11-01T20:56:18","date_gmt":"2025-11-01T20:56:18","guid":{"rendered":"https:\/\/modesthanim.com\/product\/ince-kemerli-pileli-etek-ekru\/"},"modified":"2026-04-02T22:02:59","modified_gmt":"2026-04-02T22:02:59","slug":"ince-kemerli-pileli-etek-ekru","status":"publish","type":"product","link":"https:\/\/mod.wisdar.net\/tr\/urun\/ince-kemerli-pileli-etek-ekru\/","title":{"rendered":"\u0130nce Kemerli Pileli Etek \u2013 Ekru"},"content":{"rendered":"<p>Bu etek, zarif pile detaylar\u0131 ile hareket kazan\u0131r ve ince kemeri ile feminen bir duru\u015f sunar. Hafif yap\u0131s\u0131 g\u00fcn boyu konfor sa\u011flar. Klasik ve modern kombinasyonlara uygundur.<\/p>\n<p>Kuma\u015f \u0130\u00e7eri\u011fi: %70 Lyocell, %25 Polyester, %5 Elastan<br \/>\nDesen: D\u00fcz<br \/>\nBel Tipi: Normal Bel<br \/>\nEtek Tipi: Pileli<br \/>\nCep: Yan Cep<br \/>\nAstar: Astarl\u0131<br \/>\n\u00dcr\u00fcn Uzunlu\u011fu: 95 cm<br \/>\nKal\u0131p: Normal Kal\u0131p<br \/>\nModelin Giydi\u011fi Beden: 36<br \/>\nModel \u00d6l\u00e7\u00fcleri: Boy: 176 cm, G\u00f6\u011f\u00fcs: 80 cm, Bel: 60 cm, Kal\u00e7a: 90 cm<\/p>\n<p>\u2014 Teknik Detaylar \u2014<br \/>\nDesen: D\u00fcz<br \/>\nBel Tipi: Normal Bel<br \/>\nEtek Tipi: Pileli<br \/>\nCep: Yan Cep<br \/>\nAstar: Astarl\u0131<br \/>\n\u00dcr\u00fcn Uzunlu\u011fu: 95 cm<br \/>\nKal\u0131p: Normal Kal\u0131p<br \/>\nModelin Giydi\u011fi Beden: 36<br \/>\nModel \u00d6l\u00e7\u00fcleri: Boy: 176 cm, G\u00f6\u011f\u00fcs: 80 cm, Bel: 60 cm, Kal\u00e7a: 90 cm<\/p>\n","protected":false},"excerpt":{"rendered":"<p>Bu etek, zarif pile detaylar\u0131 ile hareket kazan\u0131r ve ince kemeri ile feminen bir duru\u015f sunar. Hafif yap\u0131s\u0131 g\u00fcn boyu konfor sa\u011flar. Klasik ve modern kombinasyonlara uygundur. Kuma\u015f \u0130\u00e7eri\u011fi: %70 Lyocell, %25 Polyester, %5 Elastan Desen: D\u00fcz Bel Tipi: Normal Bel Etek Tipi: Pileli Cep: Yan Cep Astar: Astarl\u0131 \u00dcr\u00fcn Uzunlu\u011fu: 95 cm Kal\u0131p: Normal [&hellip;]<\/p>\n","protected":false},"featured_media":10589,"comment_status":"open","ping_status":"closed","template":"","meta":[],"product_brand":[],"product_cat":[1969],"product_tag":[6757,5012,6766,6747,6751],"class_list":{"0":"post-10616","1":"product","2":"type-product","3":"status-publish","4":"has-post-thumbnail","6":"product_cat-etekler","7":"product_tag-ekru","8":"product_tag-elegant","9":"product_tag-hafif","10":"product_tag-pile-detayli","11":"product_tag-rahat","12":"pa_brand-tugba","13":"pa_color-ekru","14":"pa_size-4701","15":"pa_size-4706","16":"pa_size-4711","17":"pa_size-4713","18":"pa_size-4751","20":"first","21":"outofstock","22":"shipping-taxable","23":"product-type-variable"},"_links":{"self":[{"href":"https:\/\/mod.wisdar.net\/tr\/wp-json\/wp\/v2\/product\/10616","targetHints":{"allow":["GET"]}}],"collection":[{"href":"https:\/\/mod.wisdar.net\/tr\/wp-json\/wp\/v2\/product"}],"about":[{"href":"https:\/\/mod.wisdar.net\/tr\/wp-json\/wp\/v2\/types\/product"}],"replies":[{"embeddable":true,"href":"https:\/\/mod.wisdar.net\/tr\/wp-json\/wp\/v2\/comments?post=10616"}],"wp:featuredmedia":[{"embeddable":true,"href":"https:\/\/mod.wisdar.net\/tr\/wp-json\/wp\/v2\/media\/10589"}],"wp:attachment":[{"href":"https:\/\/mod.wisdar.net\/tr\/wp-json\/wp\/v2\/media?parent=10616"}],"wp:term":[{"taxonomy":"product_brand","embeddable":true,"href":"https:\/\/mod.wisdar.net\/tr\/wp-json\/wp\/v2\/product_brand?post=10616"},{"taxonomy":"product_cat","embeddable":true,"href":"https:\/\/mod.wisdar.net\/tr\/wp-json\/wp\/v2\/product_cat?post=10616"},{"taxonomy":"product_tag","embeddable":true,"href":"https:\/\/mod.wisdar.net\/tr\/wp-json\/wp\/v2\/product_tag?post=10616"}],"curies":[{"name":"wp","href":"https:\/\/api.w.org\/{rel}","templated":true}]}}