{"id":106173,"date":"2026-02-16T18:24:45","date_gmt":"2026-02-16T18:24:45","guid":{"rendered":"https:\/\/modesthanim.com\/product\/fleur-viskon-baglamali-uzun-elbise-sari\/"},"modified":"2026-04-10T21:41:43","modified_gmt":"2026-04-10T21:41:43","slug":"fleur-viskon-baglamali-uzun-elbise-sari","status":"publish","type":"product","link":"https:\/\/mod.wisdar.net\/tr\/urun\/fleur-viskon-baglamali-uzun-elbise-sari\/","title":{"rendered":"Fleur Viskon Ba\u011flamal\u0131 Uzun Elbise Sar\u0131"},"content":{"rendered":"<p>\u00dcR\u00dcN TANIMI Fleur Viskon Ba\u011flamal\u0131 Uzun Elbise Sar\u0131, viskon kuma\u015f\u0131, hafifli\u011fi ve nefes alabilir yap\u0131s\u0131yla size g\u00fcn boyu konfor sunarken, bisiklet yaka ve reglan kol detaylar\u0131 modern bir hava kat\u0131yor. Omuzlardaki b\u00fczg\u00fc detay\u0131 ve bel k\u0131sm\u0131ndaki ba\u011flama detay\u0131, v\u00fccut hatlar\u0131n\u0131z\u0131 zarif\u00e7e vurgular. Yar\u0131m patl\u0131 kapanma detay\u0131 ise kullan\u0131m kolayl\u0131\u011f\u0131 sa\u011flar. Rahat kesimi ve uzun formuyla g\u00fcnd\u00fczden geceye kadar \u015f\u0131kl\u0131\u011f\u0131n\u0131z\u0131 koruyarak yaz kombinlerinize m\u00fckemmel bir uyum sa\u011flar. Hem \u015f\u0131k bir terlik hem de spor ayakkab\u0131larla rahat\u00e7a kombinleyebilirsiniz. Giy \u00e7\u0131k kolayl\u0131\u011f\u0131n\u0131 en iyi \u015fekilde sunarak gard\u0131robunuzun star par\u00e7as\u0131 olacak! \u00dcR\u00dcN \u00d6ZELL\u0130KLER\u0130 Viskon kuma\u015f, Bisiklet yaka, reglan kol, omuz b\u00fczg\u00fcl\u00fc, bel kesikli, Bel b\u00fczg\u00fcl\u00fc, yar\u0131m patl\u0131, biye ile ba\u011flamal\u0131, Uzun rahat kesim elbise. \u0130\u00c7ER\u0130K VE BAKIM %100 Viskon. \u00c7ama\u015f\u0131r makinas\u0131nda d\u00fc\u015f\u00fck \u0131s\u0131da y\u0131kanabilir. Sererek kurutunuz. D\u00fc\u015f\u00fck \u0131s\u0131da tersten \u00fct\u00fclenebilir elle \u00f6l\u00e7\u00fcmlerde 2-3 cm de\u011fi\u015fiklik g\u00f6sterebilir. Manken \u00d6l\u00e7\u00fcleri: Boy 177cm, G\u00f6\u011f\u00fcs 69cm, Basen 89cm. Manken \u00fczerindeki \u00fcr\u00fcn 1 bedendir. 1 beden 36\/38 \u2013 2 beden 40\/42 beden aral\u0131\u011f\u0131 i\u00e7in uygundur.<\/p>\n","protected":false},"excerpt":{"rendered":"<p>\u00dcR\u00dcN TANIMI Fleur Viskon Ba\u011flamal\u0131 Uzun Elbise Sar\u0131, viskon kuma\u015f\u0131, hafifli\u011fi ve nefes alabilir yap\u0131s\u0131yla size g\u00fcn boyu konfor sunarken, bisiklet yaka ve reglan kol detaylar\u0131 modern bir hava kat\u0131yor. Omuzlardaki b\u00fczg\u00fc detay\u0131 ve bel k\u0131sm\u0131ndaki ba\u011flama detay\u0131, v\u00fccut hatlar\u0131n\u0131z\u0131 zarif\u00e7e vurgular. Yar\u0131m patl\u0131 kapanma detay\u0131 ise kullan\u0131m kolayl\u0131\u011f\u0131 sa\u011flar. Rahat kesimi ve uzun formuyla [&hellip;]<\/p>\n","protected":false},"featured_media":106161,"comment_status":"open","ping_status":"closed","template":"","meta":[],"product_brand":[],"product_cat":[6249,1933],"product_tag":[7575,6923,8409,6774,6877],"class_list":{"0":"post-106173","1":"product","2":"type-product","3":"status-publish","4":"has-post-thumbnail","6":"product_cat-elbiseler","7":"product_cat-gunluk-ve-gunduz-elbiseleri","8":"product_tag-gunluk-elbise","9":"product_tag-sari-elbise","10":"product_tag-uzun-elbise","11":"product_tag-viskon-elbise","12":"product_tag-yaz-elbisesi","13":"pa_brand-kadriye-basturk","14":"pa_color-sari","15":"pa_size-4446","16":"pa_size-4463","18":"first","19":"instock","20":"sale","21":"shipping-taxable","22":"purchasable","23":"product-type-variable"},"_links":{"self":[{"href":"https:\/\/mod.wisdar.net\/tr\/wp-json\/wp\/v2\/product\/106173","targetHints":{"allow":["GET"]}}],"collection":[{"href":"https:\/\/mod.wisdar.net\/tr\/wp-json\/wp\/v2\/product"}],"about":[{"href":"https:\/\/mod.wisdar.net\/tr\/wp-json\/wp\/v2\/types\/product"}],"replies":[{"embeddable":true,"href":"https:\/\/mod.wisdar.net\/tr\/wp-json\/wp\/v2\/comments?post=106173"}],"wp:featuredmedia":[{"embeddable":true,"href":"https:\/\/mod.wisdar.net\/tr\/wp-json\/wp\/v2\/media\/106161"}],"wp:attachment":[{"href":"https:\/\/mod.wisdar.net\/tr\/wp-json\/wp\/v2\/media?parent=106173"}],"wp:term":[{"taxonomy":"product_brand","embeddable":true,"href":"https:\/\/mod.wisdar.net\/tr\/wp-json\/wp\/v2\/product_brand?post=106173"},{"taxonomy":"product_cat","embeddable":true,"href":"https:\/\/mod.wisdar.net\/tr\/wp-json\/wp\/v2\/product_cat?post=106173"},{"taxonomy":"product_tag","embeddable":true,"href":"https:\/\/mod.wisdar.net\/tr\/wp-json\/wp\/v2\/product_tag?post=106173"}],"curies":[{"name":"wp","href":"https:\/\/api.w.org\/{rel}","templated":true}]}}