{"id":106203,"date":"2026-02-16T18:25:02","date_gmt":"2026-02-16T18:25:02","guid":{"rendered":"https:\/\/modesthanim.com\/product\/odri-vual-kras-uzun-elbise-ekru\/"},"modified":"2026-04-15T22:03:21","modified_gmt":"2026-04-15T22:03:21","slug":"odri-vual-kras-uzun-elbise-ekru","status":"publish","type":"product","link":"https:\/\/mod.wisdar.net\/tr\/urun\/odri-vual-kras-uzun-elbise-ekru\/","title":{"rendered":"Odri Vual Kra\u015f Uzun Elbise Ekru"},"content":{"rendered":"<p>Odri Vual Kra\u015f Uzun Elbise Ekru, modern tasar\u0131m\u0131 ve zarif kesimiyle her gard\u0131roba gereken \u015f\u0131kl\u0131\u011f\u0131 ve rahatl\u0131\u011f\u0131 kat\u0131yor. Krash efektli vual kuma\u015f, hem hafifli\u011fiyle hem de zarif yap\u0131s\u0131yla g\u00fcn boyu rahatl\u0131k sunarken, v\u00fccuda oturan tasar\u0131m\u0131 her ad\u0131mda \u015f\u0131kl\u0131\u011f\u0131n\u0131z\u0131 ortaya \u00e7\u0131kar\u0131r.D\u00fc\u015f\u00fck omuz detay\u0131, elbisenin zarif duru\u015funu g\u00fc\u00e7lendirirken, ayarlanabilir kol u\u00e7lar\u0131 ve seyyar biye kemeri, bedeninizi m\u00fckemmel bir \u015fekilde sarar. Dik yaka ve roba kesik detaylar\u0131, tasar\u0131ma modern bir dokunu\u015f eklerken, \u00f6zel g\u00fcnlerde ya da g\u00fcndelik stilinizde rahatl\u0131kla tercih edilebilecek bir se\u00e7enek haline gelir. \u00d6zel kuma\u015f yap\u0131s\u0131 ve \u015f\u0131k detaylar\u0131yla dolab\u0131n\u0131z\u0131n vazge\u00e7ilmezi olacak!<\/p>\n","protected":false},"excerpt":{"rendered":"<p>Odri Vual Kra\u015f Uzun Elbise Ekru, modern tasar\u0131m\u0131 ve zarif kesimiyle her gard\u0131roba gereken \u015f\u0131kl\u0131\u011f\u0131 ve rahatl\u0131\u011f\u0131 kat\u0131yor. Krash efektli vual kuma\u015f, hem hafifli\u011fiyle hem de zarif yap\u0131s\u0131yla g\u00fcn boyu rahatl\u0131k sunarken, v\u00fccuda oturan tasar\u0131m\u0131 her ad\u0131mda \u015f\u0131kl\u0131\u011f\u0131n\u0131z\u0131 ortaya \u00e7\u0131kar\u0131r.D\u00fc\u015f\u00fck omuz detay\u0131, elbisenin zarif duru\u015funu g\u00fc\u00e7lendirirken, ayarlanabilir kol u\u00e7lar\u0131 ve seyyar biye kemeri, bedeninizi m\u00fckemmel [&hellip;]<\/p>\n","protected":false},"featured_media":106192,"comment_status":"open","ping_status":"closed","template":"","meta":[],"product_brand":[],"product_cat":[6249,1933],"product_tag":[6936,6757,5012,5013,8409],"class_list":{"0":"post-106203","1":"product","2":"type-product","3":"status-publish","4":"has-post-thumbnail","6":"product_cat-elbiseler","7":"product_cat-gunluk-ve-gunduz-elbiseleri","8":"product_tag-cok-yonlu","9":"product_tag-ekru","10":"product_tag-elegant","11":"product_tag-modern","12":"product_tag-uzun-elbise","13":"pa_brand-kadriye-basturk","14":"pa_size-4446","15":"pa_size-4463","17":"first","18":"outofstock","19":"shipping-taxable","20":"product-type-variable"},"_links":{"self":[{"href":"https:\/\/mod.wisdar.net\/tr\/wp-json\/wp\/v2\/product\/106203","targetHints":{"allow":["GET"]}}],"collection":[{"href":"https:\/\/mod.wisdar.net\/tr\/wp-json\/wp\/v2\/product"}],"about":[{"href":"https:\/\/mod.wisdar.net\/tr\/wp-json\/wp\/v2\/types\/product"}],"replies":[{"embeddable":true,"href":"https:\/\/mod.wisdar.net\/tr\/wp-json\/wp\/v2\/comments?post=106203"}],"wp:featuredmedia":[{"embeddable":true,"href":"https:\/\/mod.wisdar.net\/tr\/wp-json\/wp\/v2\/media\/106192"}],"wp:attachment":[{"href":"https:\/\/mod.wisdar.net\/tr\/wp-json\/wp\/v2\/media?parent=106203"}],"wp:term":[{"taxonomy":"product_brand","embeddable":true,"href":"https:\/\/mod.wisdar.net\/tr\/wp-json\/wp\/v2\/product_brand?post=106203"},{"taxonomy":"product_cat","embeddable":true,"href":"https:\/\/mod.wisdar.net\/tr\/wp-json\/wp\/v2\/product_cat?post=106203"},{"taxonomy":"product_tag","embeddable":true,"href":"https:\/\/mod.wisdar.net\/tr\/wp-json\/wp\/v2\/product_tag?post=106203"}],"curies":[{"name":"wp","href":"https:\/\/api.w.org\/{rel}","templated":true}]}}