{"id":106238,"date":"2026-02-16T18:25:24","date_gmt":"2026-02-16T18:25:24","guid":{"rendered":"https:\/\/modesthanim.com\/product\/julie-vizon-uzun-elbise\/"},"modified":"2026-04-03T12:32:34","modified_gmt":"2026-04-03T12:32:34","slug":"julie-vizon-uzun-elbise","status":"publish","type":"product","link":"https:\/\/mod.wisdar.net\/tr\/urun\/julie-vizon-uzun-elbise\/","title":{"rendered":"Julie Vizon Uzun Elbise"},"content":{"rendered":"<p>Julie Vizon Uzun Elbise, \u00e7ok katmanl\u0131 \u015fifon kuma\u015f\u0131 ve hem hafif hem de nefes alabilir yap\u0131s\u0131yla g\u00fcn boyu konfor sunarken, bisiklet yaka ve b\u00fczg\u00fc detaylar\u0131 minimalist bir \u015f\u0131kl\u0131k yarat\u0131r. Katmanl\u0131 kesimi her hareketinizi \u00f6zg\u00fcrle\u015ftirirken, balon kollardaki astarl\u0131 yap\u0131 elbiseye zarif bir hava katar. Kemer detay\u0131 belinizi zarif\u00e7e vurgulayarak feminen bir siluet olu\u015fturur. Hem g\u00fcnd\u00fcz hem de ak\u015fam \u015f\u0131kl\u0131\u011f\u0131 i\u00e7in ideal g\u00f6r\u00fcn\u00fcmler yaratman\u0131za olanak tan\u0131r.<\/p>\n","protected":false},"excerpt":{"rendered":"<p>Julie Vizon Uzun Elbise, \u00e7ok katmanl\u0131 \u015fifon kuma\u015f\u0131 ve hem hafif hem de nefes alabilir yap\u0131s\u0131yla g\u00fcn boyu konfor sunarken, bisiklet yaka ve b\u00fczg\u00fc detaylar\u0131 minimalist bir \u015f\u0131kl\u0131k yarat\u0131r. Katmanl\u0131 kesimi her hareketinizi \u00f6zg\u00fcrle\u015ftirirken, balon kollardaki astarl\u0131 yap\u0131 elbiseye zarif bir hava katar. Kemer detay\u0131 belinizi zarif\u00e7e vurgulayarak feminen bir siluet olu\u015fturur. Hem g\u00fcnd\u00fcz hem [&hellip;]<\/p>\n","protected":false},"featured_media":106232,"comment_status":"open","ping_status":"closed","template":"","meta":[],"product_brand":[],"product_cat":[6249,1933],"product_tag":[],"class_list":{"0":"post-106238","1":"product","2":"type-product","3":"status-publish","4":"has-post-thumbnail","6":"product_cat-elbiseler","7":"product_cat-gunluk-ve-gunduz-elbiseleri","8":"pa_brand-kadriye-basturk","9":"pa_color-vizon","10":"pa_size-4446","11":"pa_size-4463","13":"first","14":"instock","15":"sale","16":"shipping-taxable","17":"purchasable","18":"product-type-variable"},"_links":{"self":[{"href":"https:\/\/mod.wisdar.net\/tr\/wp-json\/wp\/v2\/product\/106238","targetHints":{"allow":["GET"]}}],"collection":[{"href":"https:\/\/mod.wisdar.net\/tr\/wp-json\/wp\/v2\/product"}],"about":[{"href":"https:\/\/mod.wisdar.net\/tr\/wp-json\/wp\/v2\/types\/product"}],"replies":[{"embeddable":true,"href":"https:\/\/mod.wisdar.net\/tr\/wp-json\/wp\/v2\/comments?post=106238"}],"wp:featuredmedia":[{"embeddable":true,"href":"https:\/\/mod.wisdar.net\/tr\/wp-json\/wp\/v2\/media\/106232"}],"wp:attachment":[{"href":"https:\/\/mod.wisdar.net\/tr\/wp-json\/wp\/v2\/media?parent=106238"}],"wp:term":[{"taxonomy":"product_brand","embeddable":true,"href":"https:\/\/mod.wisdar.net\/tr\/wp-json\/wp\/v2\/product_brand?post=106238"},{"taxonomy":"product_cat","embeddable":true,"href":"https:\/\/mod.wisdar.net\/tr\/wp-json\/wp\/v2\/product_cat?post=106238"},{"taxonomy":"product_tag","embeddable":true,"href":"https:\/\/mod.wisdar.net\/tr\/wp-json\/wp\/v2\/product_tag?post=106238"}],"curies":[{"name":"wp","href":"https:\/\/api.w.org\/{rel}","templated":true}]}}