{"id":106313,"date":"2026-02-16T18:43:46","date_gmt":"2026-02-16T18:43:46","guid":{"rendered":"https:\/\/modesthanim.com\/product\/yaka-ve-kol-volanli-sifon-takim-ekru\/"},"modified":"2026-03-27T00:12:17","modified_gmt":"2026-03-27T00:12:17","slug":"yaka-ve-kol-volanli-sifon-takim-ekru","status":"publish","type":"product","link":"https:\/\/mod.wisdar.net\/tr\/urun\/yaka-ve-kol-volanli-sifon-takim-ekru\/","title":{"rendered":"Yaka ve Kol Volanl\u0131 \u015eifon Tak\u0131m \u2013 Ekru"},"content":{"rendered":"","protected":false},"excerpt":{"rendered":"","protected":false},"featured_media":106304,"comment_status":"open","ping_status":"closed","template":"","meta":[],"product_brand":[],"product_cat":[1900],"product_tag":[6757,5012,6767,7959,6879],"class_list":{"0":"post-106313","1":"product","2":"type-product","3":"status-publish","4":"has-post-thumbnail","6":"product_cat-koordinatlar-setler","7":"product_tag-ekru","8":"product_tag-elegant","9":"product_tag-feminen","10":"product_tag-resmi-giyim","11":"product_tag-volan-kollar","12":"pa_brand-ahel","13":"pa_color-ekru","14":"pa_size-4446","15":"pa_size-4463","17":"first","18":"instock","19":"sale","20":"shipping-taxable","21":"purchasable","22":"product-type-variable"},"_links":{"self":[{"href":"https:\/\/mod.wisdar.net\/tr\/wp-json\/wp\/v2\/product\/106313","targetHints":{"allow":["GET"]}}],"collection":[{"href":"https:\/\/mod.wisdar.net\/tr\/wp-json\/wp\/v2\/product"}],"about":[{"href":"https:\/\/mod.wisdar.net\/tr\/wp-json\/wp\/v2\/types\/product"}],"replies":[{"embeddable":true,"href":"https:\/\/mod.wisdar.net\/tr\/wp-json\/wp\/v2\/comments?post=106313"}],"wp:featuredmedia":[{"embeddable":true,"href":"https:\/\/mod.wisdar.net\/tr\/wp-json\/wp\/v2\/media\/106304"}],"wp:attachment":[{"href":"https:\/\/mod.wisdar.net\/tr\/wp-json\/wp\/v2\/media?parent=106313"}],"wp:term":[{"taxonomy":"product_brand","embeddable":true,"href":"https:\/\/mod.wisdar.net\/tr\/wp-json\/wp\/v2\/product_brand?post=106313"},{"taxonomy":"product_cat","embeddable":true,"href":"https:\/\/mod.wisdar.net\/tr\/wp-json\/wp\/v2\/product_cat?post=106313"},{"taxonomy":"product_tag","embeddable":true,"href":"https:\/\/mod.wisdar.net\/tr\/wp-json\/wp\/v2\/product_tag?post=106313"}],"curies":[{"name":"wp","href":"https:\/\/api.w.org\/{rel}","templated":true}]}}