{"id":106370,"date":"2026-02-16T18:45:44","date_gmt":"2026-02-16T18:45:44","guid":{"rendered":"https:\/\/modesthanim.com\/product\/yaka-ve-kol-volanli-sifon-takim-haki\/"},"modified":"2026-04-02T21:56:33","modified_gmt":"2026-04-02T21:56:33","slug":"yaka-ve-kol-volanli-sifon-takim-haki","status":"publish","type":"product","link":"https:\/\/mod.wisdar.net\/tr\/urun\/yaka-ve-kol-volanli-sifon-takim-haki\/","title":{"rendered":"Yaka ve Kol Volanl\u0131 \u015eifon Tak\u0131m \u2013 Haki"},"content":{"rendered":"","protected":false},"excerpt":{"rendered":"","protected":false},"featured_media":106355,"comment_status":"open","ping_status":"closed","template":"","meta":[],"product_brand":[],"product_cat":[1900],"product_tag":[6925,7547],"class_list":{"0":"post-106370","1":"product","2":"type-product","3":"status-publish","4":"has-post-thumbnail","6":"product_cat-koordinatlar-setler","7":"product_tag-firfirli-kollar","8":"product_tag-kadin-giyim","9":"pa_brand-ahel","10":"pa_color-haki","11":"pa_size-4446","12":"pa_size-4463","14":"first","15":"outofstock","16":"sale","17":"shipping-taxable","18":"purchasable","19":"product-type-variable"},"_links":{"self":[{"href":"https:\/\/mod.wisdar.net\/tr\/wp-json\/wp\/v2\/product\/106370","targetHints":{"allow":["GET"]}}],"collection":[{"href":"https:\/\/mod.wisdar.net\/tr\/wp-json\/wp\/v2\/product"}],"about":[{"href":"https:\/\/mod.wisdar.net\/tr\/wp-json\/wp\/v2\/types\/product"}],"replies":[{"embeddable":true,"href":"https:\/\/mod.wisdar.net\/tr\/wp-json\/wp\/v2\/comments?post=106370"}],"wp:featuredmedia":[{"embeddable":true,"href":"https:\/\/mod.wisdar.net\/tr\/wp-json\/wp\/v2\/media\/106355"}],"wp:attachment":[{"href":"https:\/\/mod.wisdar.net\/tr\/wp-json\/wp\/v2\/media?parent=106370"}],"wp:term":[{"taxonomy":"product_brand","embeddable":true,"href":"https:\/\/mod.wisdar.net\/tr\/wp-json\/wp\/v2\/product_brand?post=106370"},{"taxonomy":"product_cat","embeddable":true,"href":"https:\/\/mod.wisdar.net\/tr\/wp-json\/wp\/v2\/product_cat?post=106370"},{"taxonomy":"product_tag","embeddable":true,"href":"https:\/\/mod.wisdar.net\/tr\/wp-json\/wp\/v2\/product_tag?post=106370"}],"curies":[{"name":"wp","href":"https:\/\/api.w.org\/{rel}","templated":true}]}}