{"id":10638,"date":"2025-11-01T20:56:47","date_gmt":"2025-11-01T20:56:47","guid":{"rendered":"https:\/\/modesthanim.com\/product\/beli-lastikli-etek-havaci\/"},"modified":"2026-03-26T01:41:54","modified_gmt":"2026-03-26T01:41:54","slug":"beli-lastikli-etek-havaci","status":"publish","type":"product","link":"https:\/\/mod.wisdar.net\/tr\/urun\/beli-lastikli-etek-havaci\/","title":{"rendered":"Beli Lastikli Etek \u2013 Havac\u0131"},"content":{"rendered":"<p>Konforu \u015f\u0131kl\u0131kla bulu\u015fturan Beli Lastikli Etek, g\u00fcn boyu rahat hareket etmenizi sa\u011flarken zarif duru\u015fuyla da stilinizi tamamlar. Esnek bel yap\u0131s\u0131 sayesinde farkl\u0131 bedenlere uyum sa\u011flar, v\u00fccudu s\u0131kmadan ideal bir oturu\u015f sunar.<\/p>\n<p>Kuma\u015f \u0130\u00e7eri\u011fi: %100 Polyester<br \/>\nDesen: D\u00fcz<br \/>\nBel Tipi: Y\u00fcksek Bel<br \/>\nEtek Tipi: A-Line<br \/>\nCep: Cepsiz<br \/>\nAstar: Astarl\u0131<br \/>\n\u00dcr\u00fcn Boyu: 95 cm<br \/>\nKal\u0131p Tipi: Normal Kal\u0131p<br \/>\nMankenin Giydi\u011fi Beden: 36<br \/>\nManken \u00d6l\u00e7\u00fcleri: Boy: 176 cm, G\u00f6\u011f\u00fcs: 80 cm, Bel: 60 cm, Basen: 90 cm<\/p>\n<p>\u2014 Technical Details \u2014<br \/>\nDesen: D\u00fcz<br \/>\nBel Tipi: Y\u00fcksek Bel<br \/>\nEtek Tipi: A-Line<br \/>\nCep: Cepsiz<br \/>\nAstar: Astarl\u0131<br \/>\n\u00dcr\u00fcn Boyu: 95 cm<br \/>\nKal\u0131p Tipi: Normal Kal\u0131p<br \/>\nMankenin Giydi\u011fi Beden: 36<br \/>\nManken \u00d6l\u00e7\u00fcleri: Boy: 176 cm, G\u00f6\u011f\u00fcs: 80 cm, Bel: 60 cm, Basen: 90 cm<\/p>\n","protected":false},"excerpt":{"rendered":"<p>Konforu \u015f\u0131kl\u0131kla bulu\u015fturan Beli Lastikli Etek, g\u00fcn boyu rahat hareket etmenizi sa\u011flarken zarif duru\u015fuyla da stilinizi tamamlar. Esnek bel yap\u0131s\u0131 sayesinde farkl\u0131 bedenlere uyum sa\u011flar, v\u00fccudu s\u0131kmadan ideal bir oturu\u015f sunar. Kuma\u015f \u0130\u00e7eri\u011fi: %100 Polyester Desen: D\u00fcz Bel Tipi: Y\u00fcksek Bel Etek Tipi: A-Line Cep: Cepsiz Astar: Astarl\u0131 \u00dcr\u00fcn Boyu: 95 cm Kal\u0131p Tipi: Normal [&hellip;]<\/p>\n","protected":false},"featured_media":0,"comment_status":"open","ping_status":"closed","template":"","meta":[],"product_brand":[],"product_cat":[1969],"product_tag":[4848,6921,6759],"class_list":{"0":"post-10638","1":"product","2":"type-product","3":"status-publish","5":"product_cat-etekler","6":"product_tag-a-line-skirt","7":"product_tag-astarli","8":"product_tag-konfor","9":"pa_color-havaci","10":"pa_size-4701","11":"pa_size-4706","12":"pa_size-4711","13":"pa_size-4713","14":"pa_size-4751","15":"pa_size-4749","17":"first","18":"instock","19":"sale","20":"shipping-taxable","21":"purchasable","22":"product-type-variable"},"_links":{"self":[{"href":"https:\/\/mod.wisdar.net\/tr\/wp-json\/wp\/v2\/product\/10638","targetHints":{"allow":["GET"]}}],"collection":[{"href":"https:\/\/mod.wisdar.net\/tr\/wp-json\/wp\/v2\/product"}],"about":[{"href":"https:\/\/mod.wisdar.net\/tr\/wp-json\/wp\/v2\/types\/product"}],"replies":[{"embeddable":true,"href":"https:\/\/mod.wisdar.net\/tr\/wp-json\/wp\/v2\/comments?post=10638"}],"wp:attachment":[{"href":"https:\/\/mod.wisdar.net\/tr\/wp-json\/wp\/v2\/media?parent=10638"}],"wp:term":[{"taxonomy":"product_brand","embeddable":true,"href":"https:\/\/mod.wisdar.net\/tr\/wp-json\/wp\/v2\/product_brand?post=10638"},{"taxonomy":"product_cat","embeddable":true,"href":"https:\/\/mod.wisdar.net\/tr\/wp-json\/wp\/v2\/product_cat?post=10638"},{"taxonomy":"product_tag","embeddable":true,"href":"https:\/\/mod.wisdar.net\/tr\/wp-json\/wp\/v2\/product_tag?post=10638"}],"curies":[{"name":"wp","href":"https:\/\/api.w.org\/{rel}","templated":true}]}}