{"id":106427,"date":"2026-02-16T18:47:25","date_gmt":"2026-02-16T18:47:25","guid":{"rendered":"https:\/\/modesthanim.com\/product\/asimetrik-firfirli-pilise-elbise-cagla\/"},"modified":"2026-04-15T22:02:58","modified_gmt":"2026-04-15T22:02:58","slug":"asimetrik-firfirli-pilise-elbise-cagla","status":"publish","type":"product","link":"https:\/\/mod.wisdar.net\/tr\/urun\/asimetrik-firfirli-pilise-elbise-cagla\/","title":{"rendered":"Asimetrik F\u0131rf\u0131rl\u0131 Pilise Elbise \u2013 \u00c7a\u011fla"},"content":{"rendered":"","protected":false},"excerpt":{"rendered":"","protected":false},"featured_media":106420,"comment_status":"open","ping_status":"closed","template":"","meta":[],"product_brand":[],"product_cat":[6249,1933],"product_tag":[8427,7547],"class_list":{"0":"post-106427","1":"product","2":"type-product","3":"status-publish","4":"has-post-thumbnail","6":"product_cat-elbiseler","7":"product_cat-gunluk-ve-gunduz-elbiseleri","8":"product_tag-gece-elbisesi","9":"product_tag-kadin-giyim","10":"pa_brand-ahel","11":"pa_color-cagla","12":"pa_size-4446","13":"pa_size-4463","15":"first","16":"outofstock","17":"shipping-taxable","18":"product-type-variable"},"_links":{"self":[{"href":"https:\/\/mod.wisdar.net\/tr\/wp-json\/wp\/v2\/product\/106427","targetHints":{"allow":["GET"]}}],"collection":[{"href":"https:\/\/mod.wisdar.net\/tr\/wp-json\/wp\/v2\/product"}],"about":[{"href":"https:\/\/mod.wisdar.net\/tr\/wp-json\/wp\/v2\/types\/product"}],"replies":[{"embeddable":true,"href":"https:\/\/mod.wisdar.net\/tr\/wp-json\/wp\/v2\/comments?post=106427"}],"wp:featuredmedia":[{"embeddable":true,"href":"https:\/\/mod.wisdar.net\/tr\/wp-json\/wp\/v2\/media\/106420"}],"wp:attachment":[{"href":"https:\/\/mod.wisdar.net\/tr\/wp-json\/wp\/v2\/media?parent=106427"}],"wp:term":[{"taxonomy":"product_brand","embeddable":true,"href":"https:\/\/mod.wisdar.net\/tr\/wp-json\/wp\/v2\/product_brand?post=106427"},{"taxonomy":"product_cat","embeddable":true,"href":"https:\/\/mod.wisdar.net\/tr\/wp-json\/wp\/v2\/product_cat?post=106427"},{"taxonomy":"product_tag","embeddable":true,"href":"https:\/\/mod.wisdar.net\/tr\/wp-json\/wp\/v2\/product_tag?post=106427"}],"curies":[{"name":"wp","href":"https:\/\/api.w.org\/{rel}","templated":true}]}}