{"id":106558,"date":"2026-02-16T18:51:04","date_gmt":"2026-02-16T18:51:04","guid":{"rendered":"https:\/\/modesthanim.com\/product\/eva-parcali-uzun-etek-antrasit\/"},"modified":"2026-04-10T21:20:55","modified_gmt":"2026-04-10T21:20:55","slug":"eva-parcali-uzun-etek-antrasit","status":"publish","type":"product","link":"https:\/\/mod.wisdar.net\/tr\/urun\/eva-parcali-uzun-etek-antrasit\/","title":{"rendered":"Eva Par\u00e7al\u0131 Uzun Etek Antrasit"},"content":{"rendered":"<p>\u00dcR\u00dcN TANIMI<br \/>\nEva par\u00e7al\u0131 uzun etek antrasit, ince ve d\u00f6k\u00fcml\u00fc krep kuma\u015f\u0131yla g\u00fcn boyu \u00fczerinizde yokmu\u015f gibi hafif bir deneyim sunar. Hareketli par\u00e7al\u0131 tasar\u0131m\u0131, ete\u011fe modern bir \u015f\u0131kl\u0131k kazand\u0131r\u0131rken orta bel kesimi ve astarl\u0131 yap\u0131s\u0131 rahatl\u0131k sa\u011flar. Basic \u00fcstlerle kombinlendi\u011finde g\u00fcnl\u00fck bir stil, \u015f\u0131k bluz ve topuklu ayakkab\u0131larla \u00f6zel g\u00fcnlerde dikkat \u00e7eken bir g\u00f6r\u00fcn\u00fcm olu\u015fturabilirsiniz. Zarif ve zamans\u0131z tasar\u0131m\u0131yla dolab\u0131n\u0131zda her an kurtar\u0131c\u0131 bir par\u00e7a olarak yer alacak!<\/p>\n<p>\u00dcR\u00dcN \u00d6ZELL\u0130KLER\u0130 <\/p>\n<p>D\u00f6k\u00fcml\u00fc ince krep kuma\u015f,<br \/>\nOrta bel, yandan fermuar kapama,<br \/>\nPar\u00e7al\u0131, rengarenk pamuk astarl\u0131,<br \/>\nKlo\u015f form uzun etek.<\/p>\n<p>\u0130\u00c7ER\u0130K VE BAKIM<br \/>\n%100 PES<br \/>\n\u00c7ama\u015f\u0131r makinas\u0131nda d\u00fc\u015f\u00fck \u0131s\u0131da y\u0131kanabilir.Sererek kurutunuz.<br \/>\nD\u00fc\u015f\u00fck \u0131s\u0131da tersten \u00fct\u00fclenebilir elle \u00f6l\u00e7\u00fcmlerde 2-3 cm de\u011fi\u015fiklik g\u00f6sterebilir.<br \/>\nManken \u00d6l\u00e7\u00fcleri: Boy 177cm, G\u00f6\u011f\u00fcs 69cm, Basen 89cm.<br \/>\nManken \u00fczerindeki \u00fcr\u00fcn 36 bedendir.<\/p>\n<p>\u2014 Technical Details \u2014<br \/>\nmeasurements: {&#8217;36&#8217;: {&#8216;boy&#8217;: &#8217;95&#8217;, &#8216;bel&#8217;: &#8217;68&#8217;, &#8216;basen&#8217;: &#8217;90&#8217;}, &#8217;38&#8217;: {&#8216;boy&#8217;: &#8217;95&#8217;, &#8216;bel&#8217;: &#8217;72&#8217;, &#8216;basen&#8217;: &#8217;94&#8217;}, &#8217;40&#8217;: {&#8216;boy&#8217;: &#8217;95&#8217;, &#8216;bel&#8217;: &#8217;76&#8217;, &#8216;basen&#8217;: &#8217;98&#8217;}, &#8217;42&#8217;: {&#8216;boy&#8217;: &#8217;95&#8217;, &#8216;bel&#8217;: &#8217;80&#8217;, &#8216;basen&#8217;: &#8216;102&#8217;}}<\/p>\n","protected":false},"excerpt":{"rendered":"<p>\u00dcR\u00dcN TANIMI Eva par\u00e7al\u0131 uzun etek antrasit, ince ve d\u00f6k\u00fcml\u00fc krep kuma\u015f\u0131yla g\u00fcn boyu \u00fczerinizde yokmu\u015f gibi hafif bir deneyim sunar. Hareketli par\u00e7al\u0131 tasar\u0131m\u0131, ete\u011fe modern bir \u015f\u0131kl\u0131k kazand\u0131r\u0131rken orta bel kesimi ve astarl\u0131 yap\u0131s\u0131 rahatl\u0131k sa\u011flar. Basic \u00fcstlerle kombinlendi\u011finde g\u00fcnl\u00fck bir stil, \u015f\u0131k bluz ve topuklu ayakkab\u0131larla \u00f6zel g\u00fcnlerde dikkat \u00e7eken bir g\u00f6r\u00fcn\u00fcm olu\u015fturabilirsiniz. [&hellip;]<\/p>\n","protected":false},"featured_media":106552,"comment_status":"open","ping_status":"closed","template":"","meta":[],"product_brand":[],"product_cat":[1969],"product_tag":[6936,5012,6744,8247,7948,7601],"class_list":{"0":"post-106558","1":"product","2":"type-product","3":"status-publish","4":"has-post-thumbnail","6":"product_cat-etekler","7":"product_tag-cok-yonlu","8":"product_tag-elegant","9":"product_tag-kadin-modasi","10":"product_tag-klos-etek","11":"product_tag-krep-kumas","12":"product_tag-uzun-etek","13":"pa_brand-kadriye-basturk","14":"pa_color-antrasit","15":"pa_size-4701","16":"pa_size-4706","17":"pa_size-4711","18":"pa_size-4713","20":"first","21":"instock","22":"sale","23":"shipping-taxable","24":"purchasable","25":"product-type-variable"},"_links":{"self":[{"href":"https:\/\/mod.wisdar.net\/tr\/wp-json\/wp\/v2\/product\/106558","targetHints":{"allow":["GET"]}}],"collection":[{"href":"https:\/\/mod.wisdar.net\/tr\/wp-json\/wp\/v2\/product"}],"about":[{"href":"https:\/\/mod.wisdar.net\/tr\/wp-json\/wp\/v2\/types\/product"}],"replies":[{"embeddable":true,"href":"https:\/\/mod.wisdar.net\/tr\/wp-json\/wp\/v2\/comments?post=106558"}],"wp:featuredmedia":[{"embeddable":true,"href":"https:\/\/mod.wisdar.net\/tr\/wp-json\/wp\/v2\/media\/106552"}],"wp:attachment":[{"href":"https:\/\/mod.wisdar.net\/tr\/wp-json\/wp\/v2\/media?parent=106558"}],"wp:term":[{"taxonomy":"product_brand","embeddable":true,"href":"https:\/\/mod.wisdar.net\/tr\/wp-json\/wp\/v2\/product_brand?post=106558"},{"taxonomy":"product_cat","embeddable":true,"href":"https:\/\/mod.wisdar.net\/tr\/wp-json\/wp\/v2\/product_cat?post=106558"},{"taxonomy":"product_tag","embeddable":true,"href":"https:\/\/mod.wisdar.net\/tr\/wp-json\/wp\/v2\/product_tag?post=106558"}],"curies":[{"name":"wp","href":"https:\/\/api.w.org\/{rel}","templated":true}]}}