{"id":106665,"date":"2026-02-16T18:53:46","date_gmt":"2026-02-16T18:53:46","guid":{"rendered":"https:\/\/modesthanim.com\/product\/dokumlu-bol-kot-pantolon-ekru\/"},"modified":"2026-04-10T21:21:51","modified_gmt":"2026-04-10T21:21:51","slug":"dokumlu-bol-kot-pantolon-ekru","status":"publish","type":"product","link":"https:\/\/mod.wisdar.net\/tr\/urun\/dokumlu-bol-kot-pantolon-ekru\/","title":{"rendered":"D\u00f6k\u00fcml\u00fc Bol Kot Pantolon Ekru"},"content":{"rendered":"<p>\u00dcR\u00dcN TANIMI D\u00f6k\u00fcml\u00fc bol kot pantolon koyu ekru, ince dokulu pamuk denim kuma\u015f\u0131 ile g\u00fcn boyu rahatl\u0131k sunar. Y\u00fcksek bel tasar\u0131m\u0131, v\u00fccut hatlar\u0131n\u0131 zarif bir \u015fekilde vurgularken, bol pa\u00e7a kesimi modern ve \u00f6zg\u00fcn bir tarz yarat\u0131r. Esnek arka bel lasti\u011fi ve kullan\u0131\u015fl\u0131 cepleriyle hem konfor hem de i\u015flevsellik sa\u011flar. Sade bir stil i\u00e7in basic g\u00f6mlek ve d\u00fcz ayakkab\u0131larla kombinleyebilir, \u015f\u0131k bir g\u00f6r\u00fcn\u00fcm i\u00e7in zarif bluzlar ve topuklu ayakkab\u0131larla tamamlayabilirsiniz. Her ortamda hem rahat hem de \u00e7abas\u0131z \u015f\u0131k g\u00f6r\u00fcnmek isteyenler i\u00e7in ideal bir tercih! \u00dcR\u00dcN \u00d6ZELL\u0130KLER\u0130 \u0130nce pamuk denim kuma\u015f, Y\u00fcksek bel, arka bel lastikli, cepli, fermuar kapama, Ekstra bol pa\u00e7a pantolon. \u0130\u00c7ER\u0130K VE BAKIM %100 Cotton \u00c7ama\u015f\u0131r makinas\u0131nda d\u00fc\u015f\u00fck \u0131s\u0131da y\u0131kanabilir.Sererek kurutunuz. D\u00fc\u015f\u00fck \u0131s\u0131da tersten \u00fct\u00fclenebilir elle \u00f6l\u00e7\u00fcmlerde 2-3 cm de\u011fi\u015fiklik g\u00f6sterebilir. Manken \u00d6l\u00e7\u00fcleri: Boy 177cm, G\u00f6\u011f\u00fcs 69cm, Basen 89cm. Manken \u00fczerindeki \u00fcr\u00fcn 36 bedendir.<\/p>\n","protected":false},"excerpt":{"rendered":"<p>\u00dcR\u00dcN TANIMI D\u00f6k\u00fcml\u00fc bol kot pantolon koyu ekru, ince dokulu pamuk denim kuma\u015f\u0131 ile g\u00fcn boyu rahatl\u0131k sunar. Y\u00fcksek bel tasar\u0131m\u0131, v\u00fccut hatlar\u0131n\u0131 zarif bir \u015fekilde vurgularken, bol pa\u00e7a kesimi modern ve \u00f6zg\u00fcn bir tarz yarat\u0131r. Esnek arka bel lasti\u011fi ve kullan\u0131\u015fl\u0131 cepleriyle hem konfor hem de i\u015flevsellik sa\u011flar. Sade bir stil i\u00e7in basic g\u00f6mlek [&hellip;]<\/p>\n","protected":false},"featured_media":106658,"comment_status":"open","ping_status":"closed","template":"","meta":[],"product_brand":[],"product_cat":[1882],"product_tag":[6936,6905,7488,6751,7650],"class_list":{"0":"post-106665","1":"product","2":"type-product","3":"status-publish","4":"has-post-thumbnail","6":"product_cat-alt-giyim","7":"product_tag-cok-yonlu","8":"product_tag-gunluk-sik","9":"product_tag-pamuk","10":"product_tag-rahat","11":"product_tag-yuksek-bel-3","12":"pa_brand-kadriye-basturk","13":"pa_size-4701","14":"pa_size-4706","15":"pa_size-4711","16":"pa_size-4713","18":"first","19":"instock","20":"shipping-taxable","21":"purchasable","22":"product-type-variable"},"_links":{"self":[{"href":"https:\/\/mod.wisdar.net\/tr\/wp-json\/wp\/v2\/product\/106665","targetHints":{"allow":["GET"]}}],"collection":[{"href":"https:\/\/mod.wisdar.net\/tr\/wp-json\/wp\/v2\/product"}],"about":[{"href":"https:\/\/mod.wisdar.net\/tr\/wp-json\/wp\/v2\/types\/product"}],"replies":[{"embeddable":true,"href":"https:\/\/mod.wisdar.net\/tr\/wp-json\/wp\/v2\/comments?post=106665"}],"wp:featuredmedia":[{"embeddable":true,"href":"https:\/\/mod.wisdar.net\/tr\/wp-json\/wp\/v2\/media\/106658"}],"wp:attachment":[{"href":"https:\/\/mod.wisdar.net\/tr\/wp-json\/wp\/v2\/media?parent=106665"}],"wp:term":[{"taxonomy":"product_brand","embeddable":true,"href":"https:\/\/mod.wisdar.net\/tr\/wp-json\/wp\/v2\/product_brand?post=106665"},{"taxonomy":"product_cat","embeddable":true,"href":"https:\/\/mod.wisdar.net\/tr\/wp-json\/wp\/v2\/product_cat?post=106665"},{"taxonomy":"product_tag","embeddable":true,"href":"https:\/\/mod.wisdar.net\/tr\/wp-json\/wp\/v2\/product_tag?post=106665"}],"curies":[{"name":"wp","href":"https:\/\/api.w.org\/{rel}","templated":true}]}}