{"id":106702,"date":"2026-02-16T18:54:10","date_gmt":"2026-02-16T18:54:10","guid":{"rendered":"https:\/\/modesthanim.com\/product\/yuksek-bel-cimali-genis-paca-kot-pantolon-acik-mavi\/"},"modified":"2026-04-03T21:13:39","modified_gmt":"2026-04-03T21:13:39","slug":"yuksek-bel-cimali-genis-paca-kot-pantolon-acik-mavi","status":"publish","type":"product","link":"https:\/\/mod.wisdar.net\/tr\/urun\/yuksek-bel-cimali-genis-paca-kot-pantolon-acik-mavi\/","title":{"rendered":"Y\u00fcksek Bel \u00c7imal\u0131 Geni\u015f Pa\u00e7a Kot Pantolon A\u00e7\u0131k Mavi"},"content":{"rendered":"<p>\u00dcR\u00dcN TANIMI<br \/>\nY\u00fcksek Bel Geni\u015f Pa\u00e7a Pantolon A\u00e7\u0131k Mavi, likral\u0131 gabardin kuma\u015f\u0131 sayesinde g\u00fcn boyu esnek ve konforlu bir kullan\u0131m sunar. Y\u00fcksek bel yap\u0131s\u0131 ve geni\u015f pa\u00e7a kesimi, modern ve \u015f\u0131k bir g\u00f6r\u00fcn\u00fcm kazand\u0131r\u0131r. G\u00f6mlek ve bluz gibi farkl\u0131 \u00fcst giyim par\u00e7alar\u0131yla kolayca kombinlenebilir; g\u00fcnl\u00fck kombinlerden ofis \u015f\u0131kl\u0131\u011f\u0131na kadar bir\u00e7ok farkl\u0131 ortamda rahatl\u0131kla tercih edilebilir.<br \/>\n\u00dcR\u00dcN \u00d6ZELL\u0130KLER\u0130<br \/>\n\u00dcr\u00fcn Tipi: Kot Pantolon<br \/>\nKuma\u015f: Likral\u0131 gabardin<br \/>\nBel: Y\u00fcksek bel<br \/>\nKal\u0131p: K\u0131sa kesim, \u00e7an pa\u00e7a<br \/>\nDetaylar: Cepli<br \/>\n\u0130\u00c7ER\u0130K &amp; BAKIM<br \/>\n%100 Cotton<br \/>\n\u00c7ama\u015f\u0131r makinas\u0131nda d\u00fc\u015f\u00fck \u0131s\u0131da y\u0131kanabilir.<br \/>\nD\u00fc\u015f\u00fck \u0131s\u0131da, tersinden \u00fct\u00fclenebilir.<br \/>\nSererek kurutulmas\u0131 tavsiye edilir.<br \/>\nElle yap\u0131lan \u00f6l\u00e7\u00fcmlerde 2\u20133 cm farkl\u0131l\u0131k g\u00f6r\u00fclebilir.<br \/>\nManken \u00d6l\u00e7\u00fcleri: Boy 177 cm \/ G\u00f6\u011f\u00fcs 69 cm \/ Basen 89 cm<br \/>\nManken \u00fczerindeki \u00fcr\u00fcn 36 bedendir.<\/p>\n","protected":false},"excerpt":{"rendered":"<p>\u00dcR\u00dcN TANIMI Y\u00fcksek Bel Geni\u015f Pa\u00e7a Pantolon A\u00e7\u0131k Mavi, likral\u0131 gabardin kuma\u015f\u0131 sayesinde g\u00fcn boyu esnek ve konforlu bir kullan\u0131m sunar. Y\u00fcksek bel yap\u0131s\u0131 ve geni\u015f pa\u00e7a kesimi, modern ve \u015f\u0131k bir g\u00f6r\u00fcn\u00fcm kazand\u0131r\u0131r. G\u00f6mlek ve bluz gibi farkl\u0131 \u00fcst giyim par\u00e7alar\u0131yla kolayca kombinlenebilir; g\u00fcnl\u00fck kombinlerden ofis \u015f\u0131kl\u0131\u011f\u0131na kadar bir\u00e7ok farkl\u0131 ortamda rahatl\u0131kla tercih edilebilir. [&hellip;]<\/p>\n","protected":false},"featured_media":106687,"comment_status":"open","ping_status":"closed","template":"","meta":[],"product_brand":[],"product_cat":[1882],"product_tag":[7490,7352,7419,7807,8397,8232,7488,7489],"class_list":{"0":"post-106702","1":"product","2":"type-product","3":"status-publish","4":"has-post-thumbnail","6":"product_cat-alt-giyim","7":"product_tag-bol-paca-2","8":"product_tag-cepli","9":"product_tag-gunluk","10":"product_tag-jean","11":"product_tag-kisa-2","12":"product_tag-klos","13":"product_tag-pamuk","14":"product_tag-yuksek-bel-2","15":"pa_brand-kadriye-basturk","16":"pa_color-acik-mavi","17":"pa_size-4701","18":"pa_size-4706","19":"pa_size-4711","20":"pa_size-4713","22":"first","23":"instock","24":"sale","25":"shipping-taxable","26":"purchasable","27":"product-type-variable"},"_links":{"self":[{"href":"https:\/\/mod.wisdar.net\/tr\/wp-json\/wp\/v2\/product\/106702","targetHints":{"allow":["GET"]}}],"collection":[{"href":"https:\/\/mod.wisdar.net\/tr\/wp-json\/wp\/v2\/product"}],"about":[{"href":"https:\/\/mod.wisdar.net\/tr\/wp-json\/wp\/v2\/types\/product"}],"replies":[{"embeddable":true,"href":"https:\/\/mod.wisdar.net\/tr\/wp-json\/wp\/v2\/comments?post=106702"}],"wp:featuredmedia":[{"embeddable":true,"href":"https:\/\/mod.wisdar.net\/tr\/wp-json\/wp\/v2\/media\/106687"}],"wp:attachment":[{"href":"https:\/\/mod.wisdar.net\/tr\/wp-json\/wp\/v2\/media?parent=106702"}],"wp:term":[{"taxonomy":"product_brand","embeddable":true,"href":"https:\/\/mod.wisdar.net\/tr\/wp-json\/wp\/v2\/product_brand?post=106702"},{"taxonomy":"product_cat","embeddable":true,"href":"https:\/\/mod.wisdar.net\/tr\/wp-json\/wp\/v2\/product_cat?post=106702"},{"taxonomy":"product_tag","embeddable":true,"href":"https:\/\/mod.wisdar.net\/tr\/wp-json\/wp\/v2\/product_tag?post=106702"}],"curies":[{"name":"wp","href":"https:\/\/api.w.org\/{rel}","templated":true}]}}