{"id":106952,"date":"2026-02-16T18:59:15","date_gmt":"2026-02-16T18:59:15","guid":{"rendered":"https:\/\/modesthanim.com\/product\/desenli-jakar-bomber-ceket-ucuk-mavi\/"},"modified":"2026-04-10T12:41:52","modified_gmt":"2026-04-10T12:41:52","slug":"desenli-jakar-bomber-ceket-ucuk-mavi","status":"publish","type":"product","link":"https:\/\/mod.wisdar.net\/tr\/urun\/desenli-jakar-bomber-ceket-ucuk-mavi\/","title":{"rendered":"Desenli Jakar Bomber Ceket U\u00e7uk Mavi"},"content":{"rendered":"<p>Desenli Jakar Bomber Ceket U\u00e7uk Mavi, \u00f6zel dokuma kuma\u015f\u0131n\u0131n kendine has dokusu ve desenli tasar\u0131m\u0131yla stilinize g\u00fc\u00e7l\u00fc bir karakter katar. Dik yaka kesimi ve gizli \u00e7\u0131t\u00e7\u0131t kapama detay\u0131, ceket tasar\u0131m\u0131na yal\u0131n ve modern bir sil\u00fcet kazand\u0131r\u0131r. Etek ucundaki lastik yap\u0131s\u0131 sayesinde v\u00fccut formuna uyum sa\u011flayan ikili tak\u0131m, i\u015flevsel yan cepleriyle kullan\u0131m kolayl\u0131\u011f\u0131n\u0131 destekler.<\/p>\n<p>\u00dcR\u00dcN \u00d6ZELL\u0130KLER\u0130<br \/>\n\u00dcr\u00fcn Tipi: Bomber Ceket<br \/>\nKuma\u015f: \u00d6zel dokuma jakar<br \/>\nYaka: Dik yaka<br \/>\nKal\u0131p: Etek ucu lastikli<br \/>\nDetaylar: Desenli tasar\u0131m, gizli \u00e7\u0131t\u00e7\u0131t kapama, cepli<\/p>\n<p>\u0130\u00c7ER\u0130K &amp; BAKIM<br \/>\n%100 PES<br \/>\n\u00c7ama\u015f\u0131r makinas\u0131nda d\u00fc\u015f\u00fck \u0131s\u0131da y\u0131kanabilir.<br \/>\nD\u00fc\u015f\u00fck \u0131s\u0131da, tersinden \u00fct\u00fclenebilir.<br \/>\nSererek kurutulmas\u0131 tavsiye edilir.<br \/>\nElle yap\u0131lan \u00f6l\u00e7\u00fcmlerde 2\u20133 cm farkl\u0131l\u0131k g\u00f6r\u00fclebilir.<\/p>\n<p>Manken \u00d6l\u00e7\u00fcleri: Boy 177 cm \/ G\u00f6\u011f\u00fcs 69 cm \/ Basen 89 cm<br \/>\nManken \u00fczerindeki \u00fcr\u00fcn 1 bedendir.<br \/>\n1 beden 36\/38, 2 beden 40\/42 beden aral\u0131\u011f\u0131 i\u00e7in uygundur.<\/p>\n","protected":false},"excerpt":{"rendered":"<p>Desenli Jakar Bomber Ceket U\u00e7uk Mavi, \u00f6zel dokuma kuma\u015f\u0131n\u0131n kendine has dokusu ve desenli tasar\u0131m\u0131yla stilinize g\u00fc\u00e7l\u00fc bir karakter katar. Dik yaka kesimi ve gizli \u00e7\u0131t\u00e7\u0131t kapama detay\u0131, ceket tasar\u0131m\u0131na yal\u0131n ve modern bir sil\u00fcet kazand\u0131r\u0131r. Etek ucundaki lastik yap\u0131s\u0131 sayesinde v\u00fccut formuna uyum sa\u011flayan ikili tak\u0131m, i\u015flevsel yan cepleriyle kullan\u0131m kolayl\u0131\u011f\u0131n\u0131 destekler. \u00dcR\u00dcN \u00d6ZELL\u0130KLER\u0130 [&hellip;]<\/p>\n","protected":false},"featured_media":106940,"comment_status":"open","ping_status":"closed","template":"","meta":[],"product_brand":[],"product_cat":[2044],"product_tag":[9059,4118,4104,9092,9060,9061,9062],"class_list":{"0":"post-106952","1":"product","2":"type-product","3":"status-publish","4":"has-post-thumbnail","6":"product_cat-ceketler","7":"product_tag-blzrckt25","8":"product_tag-bomber","9":"product_tag-ceket","10":"product_tag-css","11":"product_tag-feyzareklam","12":"product_tag-hknew","13":"product_tag-sh26","14":"pa_brand-kadriye-basturk","15":"pa_color-ucuk-mavi","16":"pa_size-4446","17":"pa_size-4463","19":"first","20":"instock","21":"sale","22":"shipping-taxable","23":"purchasable","24":"product-type-variable"},"_links":{"self":[{"href":"https:\/\/mod.wisdar.net\/tr\/wp-json\/wp\/v2\/product\/106952","targetHints":{"allow":["GET"]}}],"collection":[{"href":"https:\/\/mod.wisdar.net\/tr\/wp-json\/wp\/v2\/product"}],"about":[{"href":"https:\/\/mod.wisdar.net\/tr\/wp-json\/wp\/v2\/types\/product"}],"replies":[{"embeddable":true,"href":"https:\/\/mod.wisdar.net\/tr\/wp-json\/wp\/v2\/comments?post=106952"}],"wp:featuredmedia":[{"embeddable":true,"href":"https:\/\/mod.wisdar.net\/tr\/wp-json\/wp\/v2\/media\/106940"}],"wp:attachment":[{"href":"https:\/\/mod.wisdar.net\/tr\/wp-json\/wp\/v2\/media?parent=106952"}],"wp:term":[{"taxonomy":"product_brand","embeddable":true,"href":"https:\/\/mod.wisdar.net\/tr\/wp-json\/wp\/v2\/product_brand?post=106952"},{"taxonomy":"product_cat","embeddable":true,"href":"https:\/\/mod.wisdar.net\/tr\/wp-json\/wp\/v2\/product_cat?post=106952"},{"taxonomy":"product_tag","embeddable":true,"href":"https:\/\/mod.wisdar.net\/tr\/wp-json\/wp\/v2\/product_tag?post=106952"}],"curies":[{"name":"wp","href":"https:\/\/api.w.org\/{rel}","templated":true}]}}