{"id":106963,"date":"2026-02-16T18:59:22","date_gmt":"2026-02-16T18:59:22","guid":{"rendered":"https:\/\/modesthanim.com\/product\/dik-yaka-buzgulu-bomber-ceket-vizon\/"},"modified":"2026-04-03T12:31:49","modified_gmt":"2026-04-03T12:31:49","slug":"dik-yaka-buzgulu-bomber-ceket-vizon","status":"publish","type":"product","link":"https:\/\/mod.wisdar.net\/tr\/urun\/dik-yaka-buzgulu-bomber-ceket-vizon\/","title":{"rendered":"Dik Yaka B\u00fczg\u00fcl\u00fc Bomber Ceket Vizon"},"content":{"rendered":"<p>\u00dcR\u00dcN TANIMI Dik Yaka B\u00fczg\u00fcl\u00fc Bomber Ceket Vizon, viskon kar\u0131\u015f\u0131ml\u0131 teknik kuma\u015f\u0131n\u0131n p\u00fcr\u00fczs\u00fcz dokusuyla \u00fcst\u00fcn\u00fczde hafif bir his b\u0131rak\u0131r. Dik yaka tasar\u0131m\u0131, reglan balon kollar\u0131 ve a\u015fa\u011f\u0131ya do\u011fru geni\u015fleyen evaze formu, al\u0131\u015f\u0131lm\u0131\u015f ceket tasar\u0131mlar\u0131na modern bir yorum katar. \u00c7\u0131t\u00e7\u0131tl\u0131 kapamas\u0131, gizli metal fermuar\u0131 ve i\u00e7 astar\u0131 ile kullan\u0131m kalitesini art\u0131r\u0131rken, yan cepleriyle g\u00fcnl\u00fck pratiklik sunar.<br \/>\n\u00dcR\u00dcN \u00d6ZELL\u0130KLER\u0130 \u00dcr\u00fcn Tipi: Bomber Ceket Kuma\u015f: D\u00f6k\u00fcml\u00fc viskon kar\u0131\u015f\u0131ml\u0131 teknik kuma\u015f Yaka: Dik yaka Kal\u0131p: Evaze form, reglan ve balon kol Detaylar: \u00c7\u0131t\u00e7\u0131tl\u0131, gizli fermuarl\u0131, astarl\u0131, yan cepli, ayarlanabilir etek ucu ve gizli lastikli man\u015fetler<br \/>\n\u0130\u00c7ER\u0130K &amp; BAKIM %80 Tencel, %20 Viskon \u00c7ama\u015f\u0131r makinas\u0131nda d\u00fc\u015f\u00fck \u0131s\u0131da y\u0131kanabilir. D\u00fc\u015f\u00fck \u0131s\u0131da, tersinden \u00fct\u00fclenebilir. Sererek kurutulmas\u0131 tavsiye edilir. Elle yap\u0131lan \u00f6l\u00e7\u00fcmlerde 2\u20133 cm farkl\u0131l\u0131k g\u00f6r\u00fclebilir.<br \/>\nManken \u00d6l\u00e7\u00fcleri: Boy 177 cm \/ G\u00f6\u011f\u00fcs 69 cm \/ Basen 89 cm Manken \u00fczerindeki \u00fcr\u00fcn 1 bedendir. 1 beden 36\/38, 2 beden 40\/42 beden aral\u0131\u011f\u0131 i\u00e7in uygundur.<\/p>\n","protected":false},"excerpt":{"rendered":"<p>\u00dcR\u00dcN TANIMI Dik Yaka B\u00fczg\u00fcl\u00fc Bomber Ceket Vizon, viskon kar\u0131\u015f\u0131ml\u0131 teknik kuma\u015f\u0131n\u0131n p\u00fcr\u00fczs\u00fcz dokusuyla \u00fcst\u00fcn\u00fczde hafif bir his b\u0131rak\u0131r. Dik yaka tasar\u0131m\u0131, reglan balon kollar\u0131 ve a\u015fa\u011f\u0131ya do\u011fru geni\u015fleyen evaze formu, al\u0131\u015f\u0131lm\u0131\u015f ceket tasar\u0131mlar\u0131na modern bir yorum katar. \u00c7\u0131t\u00e7\u0131tl\u0131 kapamas\u0131, gizli metal fermuar\u0131 ve i\u00e7 astar\u0131 ile kullan\u0131m kalitesini art\u0131r\u0131rken, yan cepleriyle g\u00fcnl\u00fck pratiklik sunar. [&hellip;]<\/p>\n","protected":false},"featured_media":106948,"comment_status":"open","ping_status":"closed","template":"","meta":[],"product_brand":[],"product_cat":[2044],"product_tag":[9059,4118,9060,9061,2990,9062],"class_list":{"0":"post-106963","1":"product","2":"type-product","3":"status-publish","4":"has-post-thumbnail","6":"product_cat-ceketler","7":"product_tag-blzrckt25","8":"product_tag-bomber","9":"product_tag-feyzareklam","10":"product_tag-hknew","11":"product_tag-jacket","12":"product_tag-sh26","13":"pa_brand-kadriye-basturk","14":"pa_color-vizon","15":"pa_size-4446","16":"pa_size-4463","18":"first","19":"instock","20":"sale","21":"shipping-taxable","22":"purchasable","23":"product-type-variable"},"_links":{"self":[{"href":"https:\/\/mod.wisdar.net\/tr\/wp-json\/wp\/v2\/product\/106963","targetHints":{"allow":["GET"]}}],"collection":[{"href":"https:\/\/mod.wisdar.net\/tr\/wp-json\/wp\/v2\/product"}],"about":[{"href":"https:\/\/mod.wisdar.net\/tr\/wp-json\/wp\/v2\/types\/product"}],"replies":[{"embeddable":true,"href":"https:\/\/mod.wisdar.net\/tr\/wp-json\/wp\/v2\/comments?post=106963"}],"wp:featuredmedia":[{"embeddable":true,"href":"https:\/\/mod.wisdar.net\/tr\/wp-json\/wp\/v2\/media\/106948"}],"wp:attachment":[{"href":"https:\/\/mod.wisdar.net\/tr\/wp-json\/wp\/v2\/media?parent=106963"}],"wp:term":[{"taxonomy":"product_brand","embeddable":true,"href":"https:\/\/mod.wisdar.net\/tr\/wp-json\/wp\/v2\/product_brand?post=106963"},{"taxonomy":"product_cat","embeddable":true,"href":"https:\/\/mod.wisdar.net\/tr\/wp-json\/wp\/v2\/product_cat?post=106963"},{"taxonomy":"product_tag","embeddable":true,"href":"https:\/\/mod.wisdar.net\/tr\/wp-json\/wp\/v2\/product_tag?post=106963"}],"curies":[{"name":"wp","href":"https:\/\/api.w.org\/{rel}","templated":true}]}}