{"id":107040,"date":"2026-02-16T19:00:41","date_gmt":"2026-02-16T19:00:41","guid":{"rendered":"https:\/\/modesthanim.com\/product\/diane-viskon-firfirli-uzun-elbise-soft-oranj\/"},"modified":"2026-02-16T19:01:29","modified_gmt":"2026-02-16T19:01:29","slug":"diane-viskon-firfirli-uzun-elbise-soft-oranj","status":"publish","type":"product","link":"https:\/\/mod.wisdar.net\/tr\/urun\/diane-viskon-firfirli-uzun-elbise-soft-oranj\/","title":{"rendered":"Diane Viskon F\u0131rf\u0131rl\u0131 Uzun Elbise Soft Oranj"},"content":{"rendered":"<p>Diane Viskon F\u0131rf\u0131rl\u0131 Uzun Elbise Soft Oranj, yaz\u0131n hafifli\u011fini ve zarafetini v\u00fccuda yans\u0131tan m\u00fckemmel bir se\u00e7enek. Viskon kuma\u015f\u0131n\u0131n yumu\u015fak dokusu, hafifli\u011fi ile g\u00fcn boyu konfor sunar. F\u0131rf\u0131r detaylar\u0131 ve V yaka tasar\u0131m\u0131yla zarif bir g\u00f6r\u00fcn\u00fcm elde edilirken, \u00f6n ve arka bedenindeki b\u00fczg\u00fc detay\u0131 v\u00fccut hatlar\u0131n\u0131 zarif\u00e7e vurgular. Etek ucundaki \u00e7ift kat kesikli tasar\u0131m, modern bir hava katarken, lastikli kol u\u00e7lar\u0131 hareket \u00f6zg\u00fcrl\u00fc\u011f\u00fc sa\u011flar. Ofiste \u015f\u0131k bir g\u00f6r\u00fcn\u00fcm sergileyebilir, kahve bulu\u015fmalar\u0131nda ya da ak\u015fam etkinlikleri i\u00e7in rahat\u00e7a kullanabilirsiniz.\u00c7ok y\u00f6nl\u00fc kullan\u0131m kolayl\u0131\u011f\u0131 ile kombinlerinizin bir numaral\u0131 par\u00e7as\u0131 olacak!<\/p>\n","protected":false},"excerpt":{"rendered":"<p>Diane Viskon F\u0131rf\u0131rl\u0131 Uzun Elbise Soft Oranj, yaz\u0131n hafifli\u011fini ve zarafetini v\u00fccuda yans\u0131tan m\u00fckemmel bir se\u00e7enek. Viskon kuma\u015f\u0131n\u0131n yumu\u015fak dokusu, hafifli\u011fi ile g\u00fcn boyu konfor sunar. F\u0131rf\u0131r detaylar\u0131 ve V yaka tasar\u0131m\u0131yla zarif bir g\u00f6r\u00fcn\u00fcm elde edilirken, \u00f6n ve arka bedenindeki b\u00fczg\u00fc detay\u0131 v\u00fccut hatlar\u0131n\u0131 zarif\u00e7e vurgular. Etek ucundaki \u00e7ift kat kesikli tasar\u0131m, modern bir [&hellip;]<\/p>\n","protected":false},"featured_media":107025,"comment_status":"open","ping_status":"closed","template":"","meta":[],"product_brand":[],"product_cat":[6249,1933],"product_tag":[8427,6754,8409,6774,6877,6745],"class_list":{"0":"post-107040","1":"product","2":"type-product","3":"status-publish","4":"has-post-thumbnail","6":"product_cat-elbiseler","7":"product_cat-gunluk-ve-gunduz-elbiseleri","8":"product_tag-gece-elbisesi","9":"product_tag-ofis-kiyafeti","10":"product_tag-uzun-elbise","11":"product_tag-viskon-elbise","12":"product_tag-yaz-elbisesi","13":"product_tag-zarif-elbise","14":"pa_brand-kadriye-basturk","15":"pa_size-4446","16":"pa_size-4463","18":"first","19":"instock","20":"shipping-taxable","21":"purchasable","22":"product-type-variable"},"_links":{"self":[{"href":"https:\/\/mod.wisdar.net\/tr\/wp-json\/wp\/v2\/product\/107040","targetHints":{"allow":["GET"]}}],"collection":[{"href":"https:\/\/mod.wisdar.net\/tr\/wp-json\/wp\/v2\/product"}],"about":[{"href":"https:\/\/mod.wisdar.net\/tr\/wp-json\/wp\/v2\/types\/product"}],"replies":[{"embeddable":true,"href":"https:\/\/mod.wisdar.net\/tr\/wp-json\/wp\/v2\/comments?post=107040"}],"wp:featuredmedia":[{"embeddable":true,"href":"https:\/\/mod.wisdar.net\/tr\/wp-json\/wp\/v2\/media\/107025"}],"wp:attachment":[{"href":"https:\/\/mod.wisdar.net\/tr\/wp-json\/wp\/v2\/media?parent=107040"}],"wp:term":[{"taxonomy":"product_brand","embeddable":true,"href":"https:\/\/mod.wisdar.net\/tr\/wp-json\/wp\/v2\/product_brand?post=107040"},{"taxonomy":"product_cat","embeddable":true,"href":"https:\/\/mod.wisdar.net\/tr\/wp-json\/wp\/v2\/product_cat?post=107040"},{"taxonomy":"product_tag","embeddable":true,"href":"https:\/\/mod.wisdar.net\/tr\/wp-json\/wp\/v2\/product_tag?post=107040"}],"curies":[{"name":"wp","href":"https:\/\/api.w.org\/{rel}","templated":true}]}}