{"id":107045,"date":"2026-02-16T19:00:34","date_gmt":"2026-02-16T19:00:34","guid":{"rendered":"https:\/\/modesthanim.com\/product\/fleur-viskon-baglamali-uzun-elbise-kahve\/"},"modified":"2026-02-16T19:01:32","modified_gmt":"2026-02-16T19:01:32","slug":"fleur-viskon-baglamali-uzun-elbise-kahve","status":"publish","type":"product","link":"https:\/\/mod.wisdar.net\/tr\/urun\/fleur-viskon-baglamali-uzun-elbise-kahve\/","title":{"rendered":"Fleur Viskon Ba\u011flamal\u0131 Uzun Elbise Kahve"},"content":{"rendered":"<p>Fleur Viskon Ba\u011flamal\u0131 Uzun Elbise Kahve, viskon kuma\u015f\u0131, hafifli\u011fi ve nefes alabilir yap\u0131s\u0131yla size g\u00fcn boyu konfor sunarken, bisiklet yaka ve reglan kol detaylar\u0131 modern bir hava kat\u0131yor. Omuzlardaki b\u00fczg\u00fc detay\u0131 ve bel k\u0131sm\u0131ndaki ba\u011flama detay\u0131, v\u00fccut hatlar\u0131n\u0131z\u0131 zarif\u00e7e vurgular. Yar\u0131m patl\u0131 kapanma detay\u0131 ise kullan\u0131m kolayl\u0131\u011f\u0131 sa\u011flar. Rahat kesimi ve uzun formuyla g\u00fcnd\u00fczden geceye kadar \u015f\u0131kl\u0131\u011f\u0131n\u0131z\u0131 koruyarak yaz kombinlerinize m\u00fckemmel bir uyum sa\u011flar. Hem \u015f\u0131k bir terlik hem de spor ayakkab\u0131larla rahat\u00e7a kombinleyebilirsiniz. Giy \u00e7\u0131k kolayl\u0131\u011f\u0131n\u0131 en iyi \u015fekilde sunarak gard\u0131robunuzun star par\u00e7as\u0131 olacak!<\/p>\n","protected":false},"excerpt":{"rendered":"<p>Fleur Viskon Ba\u011flamal\u0131 Uzun Elbise Kahve, viskon kuma\u015f\u0131, hafifli\u011fi ve nefes alabilir yap\u0131s\u0131yla size g\u00fcn boyu konfor sunarken, bisiklet yaka ve reglan kol detaylar\u0131 modern bir hava kat\u0131yor. Omuzlardaki b\u00fczg\u00fc detay\u0131 ve bel k\u0131sm\u0131ndaki ba\u011flama detay\u0131, v\u00fccut hatlar\u0131n\u0131z\u0131 zarif\u00e7e vurgular. Yar\u0131m patl\u0131 kapanma detay\u0131 ise kullan\u0131m kolayl\u0131\u011f\u0131 sa\u011flar. Rahat kesimi ve uzun formuyla g\u00fcnd\u00fczden geceye [&hellip;]<\/p>\n","protected":false},"featured_media":107033,"comment_status":"open","ping_status":"closed","template":"","meta":[],"product_brand":[],"product_cat":[6249,1933],"product_tag":[6905,7547,8437,8409,6774],"class_list":{"0":"post-107045","1":"product","2":"type-product","3":"status-publish","4":"has-post-thumbnail","6":"product_cat-elbiseler","7":"product_cat-gunluk-ve-gunduz-elbiseleri","8":"product_tag-gunluk-sik","9":"product_tag-kadin-giyim","10":"product_tag-kahve-elbise-2","11":"product_tag-uzun-elbise","12":"product_tag-viskon-elbise","13":"pa_brand-kadriye-basturk","14":"pa_size-4446","15":"pa_size-4463","17":"first","18":"instock","19":"shipping-taxable","20":"purchasable","21":"product-type-variable"},"_links":{"self":[{"href":"https:\/\/mod.wisdar.net\/tr\/wp-json\/wp\/v2\/product\/107045","targetHints":{"allow":["GET"]}}],"collection":[{"href":"https:\/\/mod.wisdar.net\/tr\/wp-json\/wp\/v2\/product"}],"about":[{"href":"https:\/\/mod.wisdar.net\/tr\/wp-json\/wp\/v2\/types\/product"}],"replies":[{"embeddable":true,"href":"https:\/\/mod.wisdar.net\/tr\/wp-json\/wp\/v2\/comments?post=107045"}],"wp:featuredmedia":[{"embeddable":true,"href":"https:\/\/mod.wisdar.net\/tr\/wp-json\/wp\/v2\/media\/107033"}],"wp:attachment":[{"href":"https:\/\/mod.wisdar.net\/tr\/wp-json\/wp\/v2\/media?parent=107045"}],"wp:term":[{"taxonomy":"product_brand","embeddable":true,"href":"https:\/\/mod.wisdar.net\/tr\/wp-json\/wp\/v2\/product_brand?post=107045"},{"taxonomy":"product_cat","embeddable":true,"href":"https:\/\/mod.wisdar.net\/tr\/wp-json\/wp\/v2\/product_cat?post=107045"},{"taxonomy":"product_tag","embeddable":true,"href":"https:\/\/mod.wisdar.net\/tr\/wp-json\/wp\/v2\/product_tag?post=107045"}],"curies":[{"name":"wp","href":"https:\/\/api.w.org\/{rel}","templated":true}]}}