{"id":107087,"date":"2026-02-16T19:02:48","date_gmt":"2026-02-16T19:02:48","guid":{"rendered":"https:\/\/modesthanim.com\/product\/azur-vual-katli-uzun-elbise-bebe-mavisi\/"},"modified":"2026-04-03T21:23:49","modified_gmt":"2026-04-03T21:23:49","slug":"azur-vual-katli-uzun-elbise-bebe-mavisi","status":"publish","type":"product","link":"https:\/\/mod.wisdar.net\/tr\/urun\/azur-vual-katli-uzun-elbise-bebe-mavisi\/","title":{"rendered":"Azur Vual Katl\u0131 Uzun Elbise Bebe Mavisi"},"content":{"rendered":"<p>Azur Vual Katl\u0131 Uzun Elbise Bebe Mavisi, pamuk vual kuma\u015f\u0131n\u0131n hafifli\u011fi ve nefes alabilirli\u011fi ile yaz boyunca rahatl\u0131k sa\u011flar. \u0130nce kuma\u015f\u0131, v\u00fccuda nazik\u00e7e otururken size \u00f6zg\u00fcrl\u00fck sunar. Yar\u0131m patl\u0131 d\u00fc\u011fme kapanma ve dik yaka, elbiseye zarif bir hava katarken, katl\u0131 kesim ve firfir detaylar\u0131 da modern ve feminen bir g\u00f6r\u00fcn\u00fcm olu\u015fturur. Balon kol yap\u0131s\u0131 ve lastikli kol u\u00e7lar\u0131, \u015f\u0131kl\u0131\u011f\u0131 ve rahatl\u0131\u011f\u0131 bir arada sunarak g\u00fcn boyu rahatl\u0131kla kullan\u0131labilir. \u00d6zellikle yaz ak\u015famlar\u0131nda ya da \u00f6zel davetlerde, her ortamda rahat\u00e7a kombinlenebilirli\u011fi sayesinde favori par\u00e7alar\u0131n\u0131zdan biri olacak!<\/p>\n<p>\u2014 Technical Details \u2014<br \/>\nfeatures: [&#8216;Pamuk vual kuma\u015f&#8217;, &#8216;Dik yaka, yar\u0131m patl\u0131, d\u00fc\u011fme kapama&#8217;, &#8216;Katl\u0131 kesimli, f\u0131rf\u0131r detayl\u0131, balon kol, kol ucu gizli lastikli, astarl\u0131&#8217;, &#8216;Uzun klo\u015f elbise&#8217;]<br \/>\ncare_instructions: \u00c7ama\u015f\u0131r makinas\u0131nda d\u00fc\u015f\u00fck \u0131s\u0131da y\u0131kanabilir. Sererek kurutunuz. D\u00fc\u015f\u00fck \u0131s\u0131da tersten \u00fct\u00fclenebilir elle \u00f6l\u00e7\u00fcmlerde 2-3 cm de\u011fi\u015fiklik g\u00f6sterebilir.<br \/>\nsize_guide: {&#8216;1&#8217;: {&#8216;BOY&#8217;: &#8216;135.0&#8217;, &#8216;G\u00d6\u011e\u00dcS \u00c7API&#8217;: &#8216;110.0&#8217;, &#8216;KOL BOYU&#8217;: &#8216;53.0&#8217;, &#8216;KOL UCU \u00c7EVRE&#8217;: &#8216;20.0&#8217;}, &#8216;2&#8217;: {&#8216;BOY&#8217;: &#8216;135.5&#8217;, &#8216;G\u00d6\u011e\u00dcS \u00c7API&#8217;: &#8216;116.0&#8217;, &#8216;KOL BOYU&#8217;: &#8216;53.5&#8217;, &#8216;KOL UCU \u00c7EVRE&#8217;: &#8216;21.0&#8217;}}<br \/>\nmodel_measurements: Boy 177cm, G\u00f6\u011f\u00fcs 69cm, Basen 89cm<br \/>\nsize_range: 1 beden 36\/38 \u2013 2 beden 40\/42 beden aral\u0131\u011f\u0131 i\u00e7in uygundur<\/p>\n","protected":false},"excerpt":{"rendered":"<p>Azur Vual Katl\u0131 Uzun Elbise Bebe Mavisi, pamuk vual kuma\u015f\u0131n\u0131n hafifli\u011fi ve nefes alabilirli\u011fi ile yaz boyunca rahatl\u0131k sa\u011flar. \u0130nce kuma\u015f\u0131, v\u00fccuda nazik\u00e7e otururken size \u00f6zg\u00fcrl\u00fck sunar. Yar\u0131m patl\u0131 d\u00fc\u011fme kapanma ve dik yaka, elbiseye zarif bir hava katarken, katl\u0131 kesim ve firfir detaylar\u0131 da modern ve feminen bir g\u00f6r\u00fcn\u00fcm olu\u015fturur. Balon kol yap\u0131s\u0131 ve [&hellip;]<\/p>\n","protected":false},"featured_media":107077,"comment_status":"open","ping_status":"closed","template":"","meta":[],"product_brand":[],"product_cat":[6249,1933],"product_tag":[5012,6767,6905,8409,6877],"class_list":{"0":"post-107087","1":"product","2":"type-product","3":"status-publish","4":"has-post-thumbnail","6":"product_cat-elbiseler","7":"product_cat-gunluk-ve-gunduz-elbiseleri","8":"product_tag-elegant","9":"product_tag-feminen","10":"product_tag-gunluk-sik","11":"product_tag-uzun-elbise","12":"product_tag-yaz-elbisesi","13":"pa_brand-kadriye-basturk","14":"pa_color-bebe-mavisi","15":"pa_size-4446","16":"pa_size-4463","18":"first","19":"outofstock","20":"shipping-taxable","21":"product-type-variable"},"_links":{"self":[{"href":"https:\/\/mod.wisdar.net\/tr\/wp-json\/wp\/v2\/product\/107087","targetHints":{"allow":["GET"]}}],"collection":[{"href":"https:\/\/mod.wisdar.net\/tr\/wp-json\/wp\/v2\/product"}],"about":[{"href":"https:\/\/mod.wisdar.net\/tr\/wp-json\/wp\/v2\/types\/product"}],"replies":[{"embeddable":true,"href":"https:\/\/mod.wisdar.net\/tr\/wp-json\/wp\/v2\/comments?post=107087"}],"wp:featuredmedia":[{"embeddable":true,"href":"https:\/\/mod.wisdar.net\/tr\/wp-json\/wp\/v2\/media\/107077"}],"wp:attachment":[{"href":"https:\/\/mod.wisdar.net\/tr\/wp-json\/wp\/v2\/media?parent=107087"}],"wp:term":[{"taxonomy":"product_brand","embeddable":true,"href":"https:\/\/mod.wisdar.net\/tr\/wp-json\/wp\/v2\/product_brand?post=107087"},{"taxonomy":"product_cat","embeddable":true,"href":"https:\/\/mod.wisdar.net\/tr\/wp-json\/wp\/v2\/product_cat?post=107087"},{"taxonomy":"product_tag","embeddable":true,"href":"https:\/\/mod.wisdar.net\/tr\/wp-json\/wp\/v2\/product_tag?post=107087"}],"curies":[{"name":"wp","href":"https:\/\/api.w.org\/{rel}","templated":true}]}}