{"id":107126,"date":"2026-02-16T19:04:32","date_gmt":"2026-02-16T19:04:32","guid":{"rendered":"https:\/\/modesthanim.com\/product\/diane-viskon-firfirli-uzun-elbise-mavi\/"},"modified":"2026-02-16T19:04:56","modified_gmt":"2026-02-16T19:04:56","slug":"diane-viskon-firfirli-uzun-elbise-mavi","status":"publish","type":"product","link":"https:\/\/mod.wisdar.net\/tr\/urun\/diane-viskon-firfirli-uzun-elbise-mavi\/","title":{"rendered":"Diane Viskon F\u0131rf\u0131rl\u0131 Uzun Elbise Mavi"},"content":{"rendered":"<p>Diane Viskon F\u0131rf\u0131rl\u0131 Uzun Elbise Mavi, yaz\u0131n hafifli\u011fini ve zarafetini v\u00fccuda yans\u0131tan m\u00fckemmel bir se\u00e7enek. Viskon kuma\u015f\u0131n\u0131n yumu\u015fak dokusu, hafifli\u011fi ile g\u00fcn boyu konfor sunar. F\u0131rf\u0131r detaylar\u0131 ve V yaka tasar\u0131m\u0131yla zarif bir g\u00f6r\u00fcn\u00fcm elde edilirken, \u00f6n ve arka bedenindeki b\u00fczg\u00fc detay\u0131 v\u00fccut hatlar\u0131n\u0131 zarif\u00e7e vurgular. Etek ucundaki \u00e7ift kat kesikli tasar\u0131m, modern bir hava katarken, lastikli kol u\u00e7lar\u0131 hareket \u00f6zg\u00fcrl\u00fc\u011f\u00fc sa\u011flar. Ofiste \u015f\u0131k bir g\u00f6r\u00fcn\u00fcm sergileyebilir, kahve bulu\u015fmalar\u0131nda ya da ak\u015fam etkinlikleri i\u00e7in rahat\u00e7a kullanabilirsiniz.\u00c7ok y\u00f6nl\u00fc kullan\u0131m kolayl\u0131\u011f\u0131 ile kombinlerinizin bir numaral\u0131 par\u00e7as\u0131 olacak!<\/p>\n<p>\u2014 Technical Details \u2014<br \/>\nmeasurements: {&#8216;1&#8217;: {&#8216;BOY&#8217;: &#8216;134.0&#8217;, &#8216;G\u00d6\u011e\u00dcS \u00c7API&#8217;: &#8216;112.0&#8217;, &#8216;KOL BOYU&#8217;: &#8216;76.0&#8217;, &#8216;KOL UCU \u00c7EVRE&#8217;: &#8216;20.0&#8217;}, &#8216;2&#8217;: {&#8216;BOY&#8217;: &#8216;134.5&#8217;, &#8216;G\u00d6\u011e\u00dcS \u00c7API&#8217;: &#8216;118.0&#8217;, &#8216;KOL BOYU&#8217;: &#8216;77.0&#8217;, &#8216;KOL UCU \u00c7EVRE&#8217;: &#8216;21.0&#8217;}}<br \/>\nfeatures: [&#8216;Viskon kuma\u015f&#8217;, &#8216;V yaka, yaka f\u0131rf\u0131r detayl\u0131, \u00f6n ve arka beden b\u00fczg\u00fc detayl\u0131&#8217;, &#8216;Etek ucu \u00e7ift kat kesikli, kol ucu lastikl&#8217;, &#8216;Rahat kesim uzun elbise&#8217;]<br \/>\ncare_instructions: \u00c7ama\u015f\u0131r makinas\u0131nda d\u00fc\u015f\u00fck \u0131s\u0131da y\u0131kanabilir. Sererek kurutunuz. D\u00fc\u015f\u00fck \u0131s\u0131da tersten \u00fct\u00fclenebilir elle \u00f6l\u00e7\u00fcmlerde 2-3 cm de\u011fi\u015fiklik g\u00f6sterebilir.<br \/>\nmodel_info: Manken \u00d6l\u00e7\u00fcleri: Boy 177cm, G\u00f6\u011f\u00fcs 83cm, Basen 89cm. Manken \u00fczerindeki \u00fcr\u00fcn 1 bedendir. 1 beden 36\/38 \u2013 2 beden 40\/42 beden aral\u0131\u011f\u0131 i\u00e7in uygundur.<\/p>\n","protected":false},"excerpt":{"rendered":"<p>Diane Viskon F\u0131rf\u0131rl\u0131 Uzun Elbise Mavi, yaz\u0131n hafifli\u011fini ve zarafetini v\u00fccuda yans\u0131tan m\u00fckemmel bir se\u00e7enek. Viskon kuma\u015f\u0131n\u0131n yumu\u015fak dokusu, hafifli\u011fi ile g\u00fcn boyu konfor sunar. F\u0131rf\u0131r detaylar\u0131 ve V yaka tasar\u0131m\u0131yla zarif bir g\u00f6r\u00fcn\u00fcm elde edilirken, \u00f6n ve arka bedenindeki b\u00fczg\u00fc detay\u0131 v\u00fccut hatlar\u0131n\u0131 zarif\u00e7e vurgular. Etek ucundaki \u00e7ift kat kesikli tasar\u0131m, modern bir hava [&hellip;]<\/p>\n","protected":false},"featured_media":107117,"comment_status":"open","ping_status":"closed","template":"","meta":[],"product_brand":[],"product_cat":[6249,1933],"product_tag":[8427,6744,7562,6754,8409,6774,6877,6745],"class_list":{"0":"post-107126","1":"product","2":"type-product","3":"status-publish","4":"has-post-thumbnail","6":"product_cat-elbiseler","7":"product_cat-gunluk-ve-gunduz-elbiseleri","8":"product_tag-gece-elbisesi","9":"product_tag-kadin-modasi","10":"product_tag-mavi-elbise","11":"product_tag-ofis-kiyafeti","12":"product_tag-uzun-elbise","13":"product_tag-viskon-elbise","14":"product_tag-yaz-elbisesi","15":"product_tag-zarif-elbise","16":"pa_brand-kadriye-basturk","17":"pa_color-mavi","18":"pa_size-4446","19":"pa_size-4463","21":"first","22":"instock","23":"shipping-taxable","24":"purchasable","25":"product-type-variable"},"_links":{"self":[{"href":"https:\/\/mod.wisdar.net\/tr\/wp-json\/wp\/v2\/product\/107126","targetHints":{"allow":["GET"]}}],"collection":[{"href":"https:\/\/mod.wisdar.net\/tr\/wp-json\/wp\/v2\/product"}],"about":[{"href":"https:\/\/mod.wisdar.net\/tr\/wp-json\/wp\/v2\/types\/product"}],"replies":[{"embeddable":true,"href":"https:\/\/mod.wisdar.net\/tr\/wp-json\/wp\/v2\/comments?post=107126"}],"wp:featuredmedia":[{"embeddable":true,"href":"https:\/\/mod.wisdar.net\/tr\/wp-json\/wp\/v2\/media\/107117"}],"wp:attachment":[{"href":"https:\/\/mod.wisdar.net\/tr\/wp-json\/wp\/v2\/media?parent=107126"}],"wp:term":[{"taxonomy":"product_brand","embeddable":true,"href":"https:\/\/mod.wisdar.net\/tr\/wp-json\/wp\/v2\/product_brand?post=107126"},{"taxonomy":"product_cat","embeddable":true,"href":"https:\/\/mod.wisdar.net\/tr\/wp-json\/wp\/v2\/product_cat?post=107126"},{"taxonomy":"product_tag","embeddable":true,"href":"https:\/\/mod.wisdar.net\/tr\/wp-json\/wp\/v2\/product_tag?post=107126"}],"curies":[{"name":"wp","href":"https:\/\/api.w.org\/{rel}","templated":true}]}}