{"id":107151,"date":"2026-02-16T19:04:57","date_gmt":"2026-02-16T19:04:57","guid":{"rendered":"https:\/\/modesthanim.com\/product\/azur-vual-katli-uzun-elbise-cagla\/"},"modified":"2026-03-16T19:28:55","modified_gmt":"2026-03-16T19:28:55","slug":"azur-vual-katli-uzun-elbise-cagla","status":"publish","type":"product","link":"https:\/\/mod.wisdar.net\/tr\/urun\/azur-vual-katli-uzun-elbise-cagla\/","title":{"rendered":"Azur Vual Katl\u0131 Uzun Elbise \u00c7a\u011fla"},"content":{"rendered":"<p>Azur Vual Katl\u0131 Uzun Elbise \u00c7a\u011fla, pamuk vual kuma\u015f\u0131n\u0131n hafifli\u011fi ve nefes alabilirli\u011fi ile yaz boyunca rahatl\u0131k sa\u011flar. \u0130nce kuma\u015f\u0131, v\u00fccuda nazik\u00e7e otururken size \u00f6zg\u00fcrl\u00fck sunar. Yar\u0131m patl\u0131 d\u00fc\u011fme kapanma ve dik yaka, elbiseye zarif bir hava katarken, katl\u0131 kesim ve firfir detaylar\u0131 da modern ve feminen bir g\u00f6r\u00fcn\u00fcm olu\u015fturur. Balon kol yap\u0131s\u0131 ve lastikli kol u\u00e7lar\u0131, \u015f\u0131kl\u0131\u011f\u0131 ve rahatl\u0131\u011f\u0131 bir arada sunarak g\u00fcn boyu rahatl\u0131kla kullan\u0131labilir. \u00d6zellikle yaz ak\u015famlar\u0131nda ya da \u00f6zel davetlerde, her ortamda rahat\u00e7a kombinlenebilirli\u011fi sayesinde favori par\u00e7alar\u0131n\u0131zdan biri olacak!<\/p>\n","protected":false},"excerpt":{"rendered":"<p>Azur Vual Katl\u0131 Uzun Elbise \u00c7a\u011fla, pamuk vual kuma\u015f\u0131n\u0131n hafifli\u011fi ve nefes alabilirli\u011fi ile yaz boyunca rahatl\u0131k sa\u011flar. \u0130nce kuma\u015f\u0131, v\u00fccuda nazik\u00e7e otururken size \u00f6zg\u00fcrl\u00fck sunar. Yar\u0131m patl\u0131 d\u00fc\u011fme kapanma ve dik yaka, elbiseye zarif bir hava katarken, katl\u0131 kesim ve firfir detaylar\u0131 da modern ve feminen bir g\u00f6r\u00fcn\u00fcm olu\u015fturur. Balon kol yap\u0131s\u0131 ve lastikli [&hellip;]<\/p>\n","protected":false},"featured_media":107144,"comment_status":"open","ping_status":"closed","template":"","meta":[],"product_brand":[],"product_cat":[6249,1933],"product_tag":[7523],"class_list":{"0":"post-107151","1":"product","2":"type-product","3":"status-publish","4":"has-post-thumbnail","6":"product_cat-elbiseler","7":"product_cat-gunluk-ve-gunduz-elbiseleri","8":"product_tag-dress","9":"pa_brand-kadriye-basturk","10":"pa_size-4446","11":"pa_size-4463","13":"first","14":"outofstock","15":"shipping-taxable","16":"product-type-variable"},"_links":{"self":[{"href":"https:\/\/mod.wisdar.net\/tr\/wp-json\/wp\/v2\/product\/107151","targetHints":{"allow":["GET"]}}],"collection":[{"href":"https:\/\/mod.wisdar.net\/tr\/wp-json\/wp\/v2\/product"}],"about":[{"href":"https:\/\/mod.wisdar.net\/tr\/wp-json\/wp\/v2\/types\/product"}],"replies":[{"embeddable":true,"href":"https:\/\/mod.wisdar.net\/tr\/wp-json\/wp\/v2\/comments?post=107151"}],"wp:featuredmedia":[{"embeddable":true,"href":"https:\/\/mod.wisdar.net\/tr\/wp-json\/wp\/v2\/media\/107144"}],"wp:attachment":[{"href":"https:\/\/mod.wisdar.net\/tr\/wp-json\/wp\/v2\/media?parent=107151"}],"wp:term":[{"taxonomy":"product_brand","embeddable":true,"href":"https:\/\/mod.wisdar.net\/tr\/wp-json\/wp\/v2\/product_brand?post=107151"},{"taxonomy":"product_cat","embeddable":true,"href":"https:\/\/mod.wisdar.net\/tr\/wp-json\/wp\/v2\/product_cat?post=107151"},{"taxonomy":"product_tag","embeddable":true,"href":"https:\/\/mod.wisdar.net\/tr\/wp-json\/wp\/v2\/product_tag?post=107151"}],"curies":[{"name":"wp","href":"https:\/\/api.w.org\/{rel}","templated":true}]}}