{"id":107190,"date":"2026-02-16T19:06:24","date_gmt":"2026-02-16T19:06:24","guid":{"rendered":"https:\/\/modesthanim.com\/product\/yesil-nakis-detayli-cupra-etek-takim\/"},"modified":"2026-02-16T19:06:54","modified_gmt":"2026-02-16T19:06:54","slug":"yesil-nakis-detayli-cupra-etek-takim","status":"publish","type":"product","link":"https:\/\/mod.wisdar.net\/tr\/urun\/yesil-nakis-detayli-cupra-etek-takim\/","title":{"rendered":"Ye\u015fil Nak\u0131\u015f Detayl\u0131 Cupra Etek Tak\u0131m"},"content":{"rendered":"<p>BAKIMI:<br \/>\n\u00dcr\u00fcn\u00fcm\u00fcz\u00fc tersinden hassas programda tek y\u0131kay\u0131n\u0131z.<br \/>\n S\u0131v\u0131 deterjanla y\u0131kamal\u0131 ve d\u00fc\u015f\u00fck devirde s\u0131kma yapmal\u0131s\u0131n\u0131z.<br \/>\n Sererek kurutmal\u0131 ve d\u00fc\u015f\u00fck s\u0131cakl\u0131kta \u00fct\u00fc yapmal\u0131s\u0131n\u0131z.<br \/>\nED\u0130T\u00d6R\u00dcN YORUMU<br \/>\n Nak\u0131\u015f detayl\u0131 cupra etek tak\u0131m tasar\u0131m\u0131 sofistike duru\u015fu ve ince detaylar\u0131yla her ortamda zarif bir duru\u015f sergilemek isteyenler i\u00e7in ideal bir se\u00e7enek halini al\u0131yor. G\u00fcnl\u00fck hayat\u0131n ko\u015fu\u015fturmas\u0131nda hem rahat hem de \u015f\u0131k olmak isteyen kad\u0131nlar\u0131n favorisidir. Terletmeyen kuma\u015f\u0131 \u00f6zellikle ilkbahar ve yaz aylar\u0131nda ferah bir kullan\u0131m sunuyor. Sneakers babet ya da topuklu ayakkab\u0131larla rahat\u00e7a kombinleyebilir; g\u00fcnl\u00fck stilinizi an\u0131nda y\u00fckseltebilirsiniz.<\/p>\n<p>\u2014 Technical Details \u2014<br \/>\nKuma\u015f: Cupra<br \/>\nDesen: D\u00fcz<br \/>\nManken \u00d6l\u00e7\u00fcs\u00fc: Boy:170 cm,Gog\u00fcs:86 cm,Bel:64 cm,Basen:95 cm,Kol Boyu:60 cm.<br \/>\nKapama Tarz\u0131: D\u00fc\u011fmeli<br \/>\nYaka Tipi: G\u00f6mlek Yaka<\/p>\n","protected":false},"excerpt":{"rendered":"<p>BAKIMI: \u00dcr\u00fcn\u00fcm\u00fcz\u00fc tersinden hassas programda tek y\u0131kay\u0131n\u0131z. S\u0131v\u0131 deterjanla y\u0131kamal\u0131 ve d\u00fc\u015f\u00fck devirde s\u0131kma yapmal\u0131s\u0131n\u0131z. Sererek kurutmal\u0131 ve d\u00fc\u015f\u00fck s\u0131cakl\u0131kta \u00fct\u00fc yapmal\u0131s\u0131n\u0131z. ED\u0130T\u00d6R\u00dcN YORUMU Nak\u0131\u015f detayl\u0131 cupra etek tak\u0131m tasar\u0131m\u0131 sofistike duru\u015fu ve ince detaylar\u0131yla her ortamda zarif bir duru\u015f sergilemek isteyenler i\u00e7in ideal bir se\u00e7enek halini al\u0131yor. G\u00fcnl\u00fck hayat\u0131n ko\u015fu\u015fturmas\u0131nda hem rahat hem de [&hellip;]<\/p>\n","protected":false},"featured_media":107184,"comment_status":"open","ping_status":"closed","template":"","meta":[],"product_brand":[],"product_cat":[1900],"product_tag":[8398,7825],"class_list":{"0":"post-107190","1":"product","2":"type-product","3":"status-publish","4":"has-post-thumbnail","6":"product_cat-koordinatlar-setler","7":"product_tag-etek-takim","8":"product_tag-yesil","9":"pa_brand-levidor","10":"pa_color-yesil","11":"pa_size-4706","12":"pa_size-4711","13":"pa_size-4713","14":"pa_size-4751","16":"first","17":"instock","18":"shipping-taxable","19":"purchasable","20":"product-type-variable"},"_links":{"self":[{"href":"https:\/\/mod.wisdar.net\/tr\/wp-json\/wp\/v2\/product\/107190","targetHints":{"allow":["GET"]}}],"collection":[{"href":"https:\/\/mod.wisdar.net\/tr\/wp-json\/wp\/v2\/product"}],"about":[{"href":"https:\/\/mod.wisdar.net\/tr\/wp-json\/wp\/v2\/types\/product"}],"replies":[{"embeddable":true,"href":"https:\/\/mod.wisdar.net\/tr\/wp-json\/wp\/v2\/comments?post=107190"}],"wp:featuredmedia":[{"embeddable":true,"href":"https:\/\/mod.wisdar.net\/tr\/wp-json\/wp\/v2\/media\/107184"}],"wp:attachment":[{"href":"https:\/\/mod.wisdar.net\/tr\/wp-json\/wp\/v2\/media?parent=107190"}],"wp:term":[{"taxonomy":"product_brand","embeddable":true,"href":"https:\/\/mod.wisdar.net\/tr\/wp-json\/wp\/v2\/product_brand?post=107190"},{"taxonomy":"product_cat","embeddable":true,"href":"https:\/\/mod.wisdar.net\/tr\/wp-json\/wp\/v2\/product_cat?post=107190"},{"taxonomy":"product_tag","embeddable":true,"href":"https:\/\/mod.wisdar.net\/tr\/wp-json\/wp\/v2\/product_tag?post=107190"}],"curies":[{"name":"wp","href":"https:\/\/api.w.org\/{rel}","templated":true}]}}