{"id":10724,"date":"2025-11-07T20:16:06","date_gmt":"2025-11-01T20:58:37","guid":{"rendered":"https:\/\/modesthanim.com\/product\/etnik-desenli-etek-bej\/"},"modified":"2026-04-03T15:54:51","modified_gmt":"2026-04-03T15:54:51","slug":"etnik-desenli-etek-bej","status":"publish","type":"product","link":"https:\/\/mod.wisdar.net\/tr\/urun\/etnik-desenli-etek-bej\/","title":{"rendered":"Etnik Desenli Etek \u2013 Bej"},"content":{"rendered":"<p>Canl\u0131 renk ge\u00e7i\u015fleri ve geleneksel motiflerden ilham alan etnik desenlerle tasarlanan bu etek, stilinize karakter kat\u0131yor.<\/p>\n<p>Kuma\u015f \u0130\u00e7eri\u011fi: %50 Pamuk, %50 Keten<br \/>\nDesen: Etnik Desen<br \/>\nBel Tipi: Normal Bel<br \/>\nEtek Tipi: Pileli<br \/>\nCep: Gizli Cep<br \/>\nAstar: Astarl\u0131<br \/>\n\u00dcr\u00fcn Boyu: 95 cm<br \/>\nKal\u0131p Tipi: Normal Kal\u0131p<br \/>\nMankenin Giydi\u011fi Beden: 38<br \/>\nManken \u00d6l\u00e7\u00fcleri: Boy: 177 cm, G\u00f6\u011f\u00fcs: 88 cm, Bel: 58 cm, Basen: 93 cm<\/p>\n","protected":false},"excerpt":{"rendered":"<p>Canl\u0131 renk ge\u00e7i\u015fleri ve geleneksel motiflerden ilham alan etnik desenlerle tasarlanan bu etek, stilinize karakter kat\u0131yor. Kuma\u015f \u0130\u00e7eri\u011fi: %50 Pamuk, %50 Keten Desen: Etnik Desen Bel Tipi: Normal Bel Etek Tipi: Pileli Cep: Gizli Cep Astar: Astarl\u0131 \u00dcr\u00fcn Boyu: 95 cm Kal\u0131p Tipi: Normal Kal\u0131p Mankenin Giydi\u011fi Beden: 38 Manken \u00d6l\u00e7\u00fcleri: Boy: 177 cm, G\u00f6\u011f\u00fcs: [&hellip;]<\/p>\n","protected":false},"featured_media":0,"comment_status":"open","ping_status":"closed","template":"","meta":[],"product_brand":[],"product_cat":[1969],"product_tag":[],"class_list":{"0":"post-10724","1":"product","2":"type-product","3":"status-publish","5":"product_cat-etekler","6":"pa_brand-tugba","7":"pa_color-bej","8":"pa_size-4706","9":"pa_size-4711","10":"pa_size-4713","11":"pa_size-4751","13":"first","14":"instock","15":"sale","16":"shipping-taxable","17":"purchasable","18":"product-type-variable"},"_links":{"self":[{"href":"https:\/\/mod.wisdar.net\/tr\/wp-json\/wp\/v2\/product\/10724","targetHints":{"allow":["GET"]}}],"collection":[{"href":"https:\/\/mod.wisdar.net\/tr\/wp-json\/wp\/v2\/product"}],"about":[{"href":"https:\/\/mod.wisdar.net\/tr\/wp-json\/wp\/v2\/types\/product"}],"replies":[{"embeddable":true,"href":"https:\/\/mod.wisdar.net\/tr\/wp-json\/wp\/v2\/comments?post=10724"}],"wp:attachment":[{"href":"https:\/\/mod.wisdar.net\/tr\/wp-json\/wp\/v2\/media?parent=10724"}],"wp:term":[{"taxonomy":"product_brand","embeddable":true,"href":"https:\/\/mod.wisdar.net\/tr\/wp-json\/wp\/v2\/product_brand?post=10724"},{"taxonomy":"product_cat","embeddable":true,"href":"https:\/\/mod.wisdar.net\/tr\/wp-json\/wp\/v2\/product_cat?post=10724"},{"taxonomy":"product_tag","embeddable":true,"href":"https:\/\/mod.wisdar.net\/tr\/wp-json\/wp\/v2\/product_tag?post=10724"}],"curies":[{"name":"wp","href":"https:\/\/api.w.org\/{rel}","templated":true}]}}