{"id":107277,"date":"2026-02-16T19:10:47","date_gmt":"2026-02-16T19:10:47","guid":{"rendered":"https:\/\/modesthanim.com\/product\/bej-gizli-kemer-detayli-panco\/"},"modified":"2026-02-16T20:24:32","modified_gmt":"2026-02-16T20:24:32","slug":"bej-gizli-kemer-detayli-panco","status":"publish","type":"product","link":"https:\/\/mod.wisdar.net\/tr\/urun\/bej-gizli-kemer-detayli-panco\/","title":{"rendered":"Bej Gizli Kemer Detayl\u0131 Pan\u00e7o"},"content":{"rendered":"<p>BAKIMI:<br \/>\n\u00dcr\u00fcn\u00fcm\u00fcz\u00fc tersinden hassas programda tek y\u0131kay\u0131n\u0131z.<br \/>\n S\u0131v\u0131 deterjanla y\u0131kamal\u0131 ve d\u00fc\u015f\u00fck devirde s\u0131kma yapmal\u0131s\u0131n\u0131z.<br \/>\n Sererek kurutmal\u0131 ve d\u00fc\u015f\u00fck s\u0131cakl\u0131kta \u00fct\u00fc yapmal\u0131s\u0131n\u0131z.<br \/>\nED\u0130T\u00d6R\u00dcN YORUMU<br \/>\nZarif tasar\u0131m\u0131 ve fonksiyonel yap\u0131s\u0131yla d\u0131\u015f giyimde \u015f\u0131kl\u0131\u011f\u0131 \u00f6n plana \u00e7\u0131karan gizli kemer detayl\u0131 pan\u00e7o kombinlerinizde dikkat \u00e7ekici bir sil\u00fcet olu\u015fturuyor. \u0130\u00e7 k\u0131sm\u0131nda yer alan gizli kemer detay\u0131 pan\u00e7oya belden oturan modern bir form kazand\u0131rarak daha ince g\u00f6r\u00fcnmenizi sa\u011fl\u0131yor. Rahat kesimi sayesinde hem g\u00fcnl\u00fck kullan\u0131mda hem de \u00f6zel kombinlerde konforlu bir deneyim sunuyor. Mevsim ge\u00e7i\u015fleri i\u00e7in ideal olan bu pan\u00e7o modeli serin havalarda stilinizden \u00f6d\u00fcn vermeden sizi s\u0131cak tutuyor. Yeni sezon pan\u00e7omuzu pantolon elbise ve etek kombinleriyle kolayca kullanabilirsiniz. \u015e\u0131k ve minimal detaylar\u0131yla dikkat \u00e7eken bu yeni pan\u00e7o modern kad\u0131n stilini tamamlayan g\u00fc\u00e7l\u00fc bir d\u0131\u015f giyim alternatifi olarak \u00f6ne \u00e7\u0131k\u0131yor.<\/p>\n<p>\u2014 Technical Details \u2014<br \/>\nKuma\u015f: Polyester<br \/>\nDesen: D\u00fcz<br \/>\nManken \u00d6l\u00e7\u00fcs\u00fc: Boy: 176 cm,Gog\u00fcs: 94 cm,Bel: 75 cm,Basen: 107 cm,Kol Boyu: 61 cm<br \/>\nKapama Tarz\u0131: Kemerli<br \/>\nAstar Durumu: Astarl\u0131<br \/>\nYaka Tipi: Dik Yaka<\/p>\n","protected":false},"excerpt":{"rendered":"<p>BAKIMI: \u00dcr\u00fcn\u00fcm\u00fcz\u00fc tersinden hassas programda tek y\u0131kay\u0131n\u0131z. S\u0131v\u0131 deterjanla y\u0131kamal\u0131 ve d\u00fc\u015f\u00fck devirde s\u0131kma yapmal\u0131s\u0131n\u0131z. Sererek kurutmal\u0131 ve d\u00fc\u015f\u00fck s\u0131cakl\u0131kta \u00fct\u00fc yapmal\u0131s\u0131n\u0131z. ED\u0130T\u00d6R\u00dcN YORUMU Zarif tasar\u0131m\u0131 ve fonksiyonel yap\u0131s\u0131yla d\u0131\u015f giyimde \u015f\u0131kl\u0131\u011f\u0131 \u00f6n plana \u00e7\u0131karan gizli kemer detayl\u0131 pan\u00e7o kombinlerinizde dikkat \u00e7ekici bir sil\u00fcet olu\u015fturuyor. \u0130\u00e7 k\u0131sm\u0131nda yer alan gizli kemer detay\u0131 pan\u00e7oya belden oturan [&hellip;]<\/p>\n","protected":false},"featured_media":107269,"comment_status":"open","ping_status":"closed","template":"","meta":[],"product_brand":[],"product_cat":[2047],"product_tag":[6753,5012,6744,7668,7447,5013,4999,6751,8107],"class_list":{"0":"post-107277","1":"product","2":"type-product","3":"status-publish","4":"has-post-thumbnail","6":"product_cat-paltolar","7":"product_tag-bej","8":"product_tag-elegant","9":"product_tag-kadin-modasi","10":"product_tag-kemerli","11":"product_tag-mevsim-gecisi","12":"product_tag-modern","13":"product_tag-outerwear","14":"product_tag-rahat","15":"product_tag-sik","16":"pa_brand-levidor","17":"pa_color-bej","18":"pa_size-4446","19":"pa_size-4463","20":"pa_size-4680","22":"first","23":"instock","24":"sale","25":"shipping-taxable","26":"purchasable","27":"product-type-variable"},"_links":{"self":[{"href":"https:\/\/mod.wisdar.net\/tr\/wp-json\/wp\/v2\/product\/107277","targetHints":{"allow":["GET"]}}],"collection":[{"href":"https:\/\/mod.wisdar.net\/tr\/wp-json\/wp\/v2\/product"}],"about":[{"href":"https:\/\/mod.wisdar.net\/tr\/wp-json\/wp\/v2\/types\/product"}],"replies":[{"embeddable":true,"href":"https:\/\/mod.wisdar.net\/tr\/wp-json\/wp\/v2\/comments?post=107277"}],"wp:featuredmedia":[{"embeddable":true,"href":"https:\/\/mod.wisdar.net\/tr\/wp-json\/wp\/v2\/media\/107269"}],"wp:attachment":[{"href":"https:\/\/mod.wisdar.net\/tr\/wp-json\/wp\/v2\/media?parent=107277"}],"wp:term":[{"taxonomy":"product_brand","embeddable":true,"href":"https:\/\/mod.wisdar.net\/tr\/wp-json\/wp\/v2\/product_brand?post=107277"},{"taxonomy":"product_cat","embeddable":true,"href":"https:\/\/mod.wisdar.net\/tr\/wp-json\/wp\/v2\/product_cat?post=107277"},{"taxonomy":"product_tag","embeddable":true,"href":"https:\/\/mod.wisdar.net\/tr\/wp-json\/wp\/v2\/product_tag?post=107277"}],"curies":[{"name":"wp","href":"https:\/\/api.w.org\/{rel}","templated":true}]}}