{"id":107382,"date":"2026-02-16T19:14:04","date_gmt":"2026-02-16T19:14:04","guid":{"rendered":"https:\/\/modesthanim.com\/product\/yesil-yarim-patli-firfir-detayli-ikili-takim\/"},"modified":"2026-02-16T19:22:03","modified_gmt":"2026-02-16T19:22:03","slug":"yesil-yarim-patli-firfir-detayli-ikili-takim","status":"publish","type":"product","link":"https:\/\/mod.wisdar.net\/tr\/urun\/yesil-yarim-patli-firfir-detayli-ikili-takim\/","title":{"rendered":"Ye\u015fil Yar\u0131m Patl\u0131 F\u0131rf\u0131r Detayl\u0131 \u0130kili Tak\u0131m"},"content":{"rendered":"<p>BAKIMI:<br \/>\n\u00dcr\u00fcn\u00fcm\u00fcz\u00fc tersinden hassas programda tek y\u0131kay\u0131n\u0131z.<br \/>\n S\u0131v\u0131 deterjanla y\u0131kamal\u0131 ve d\u00fc\u015f\u00fck devirde s\u0131kma yapmal\u0131s\u0131n\u0131z.<br \/>\n Sererek kurutmal\u0131 ve d\u00fc\u015f\u00fck s\u0131cakl\u0131kta \u00fct\u00fc yapmal\u0131s\u0131n\u0131z.<br \/>\nED\u0130T\u00d6R\u00dcN YORUMU<br \/>\nYar\u0131m patl\u0131 f\u0131rf\u0131r detayl\u0131 ikili tak\u0131m soft dokunu\u015flar\u0131 ve rahat kesimiyle g\u00fcnl\u00fck \u015f\u0131kl\u0131\u011f\u0131 \u00f6n plana \u00e7\u0131karan \u00f6zel bir tasar\u0131md\u0131r. \u00dcst par\u00e7ada yer alan yar\u0131m pat detay\u0131 tak\u0131ma sade ama zarif bir g\u00f6r\u00fcn\u00fcm kazand\u0131r\u0131yor. F\u0131rf\u0131r detaylar\u0131 tasar\u0131ma hareket katarak daha yumu\u015fak ve \u015f\u0131k bir stil olu\u015fturuyor. Hafif ve b\u00fcr\u00fcmc\u00fck kuma\u015f\u0131 g\u00fcn boyu rahat bir kullan\u0131m sunuyor. G\u00fcnl\u00fck kombinlerde spor ayakkab\u0131 ve minimal \u00e7antalarla tamamlanarak rahat bir stil elde edilebilirsiniz. Serin havalarda ince bir h\u0131rka veya ceketle birlikte kullan\u0131larak katmanl\u0131 bir stil olu\u015fturulabilirsiniz. Rahat kal\u0131b\u0131 ve zarif detaylar\u0131yla \u015f\u0131kl\u0131\u011f\u0131 konforla bulu\u015fturan bayan ikili tak\u0131m modelimiz spor \u015f\u0131kl\u0131\u011f\u0131 sevenler i\u00e7in tasarlanm\u0131\u015ft\u0131r.<\/p>\n<p>\u2014 Technical Details \u2014<br \/>\nKuma\u015f: B\u00fcr\u00fcmc\u00fck<br \/>\nDesen: D\u00fcz<br \/>\nManken \u00d6l\u00e7\u00fcs\u00fc: Boy:174 cm,G\u00f6g\u00fcs 90 cm, Bel 65 cm, Basen 95 cm, Kol Boyu 60 cm.<br \/>\nBel: Lastikli<br \/>\nKapama Tarz\u0131: D\u00fc\u011fmeli<br \/>\nKuma\u015f Tipi: Polyester<\/p>\n","protected":false},"excerpt":{"rendered":"<p>BAKIMI: \u00dcr\u00fcn\u00fcm\u00fcz\u00fc tersinden hassas programda tek y\u0131kay\u0131n\u0131z. S\u0131v\u0131 deterjanla y\u0131kamal\u0131 ve d\u00fc\u015f\u00fck devirde s\u0131kma yapmal\u0131s\u0131n\u0131z. Sererek kurutmal\u0131 ve d\u00fc\u015f\u00fck s\u0131cakl\u0131kta \u00fct\u00fc yapmal\u0131s\u0131n\u0131z. ED\u0130T\u00d6R\u00dcN YORUMU Yar\u0131m patl\u0131 f\u0131rf\u0131r detayl\u0131 ikili tak\u0131m soft dokunu\u015flar\u0131 ve rahat kesimiyle g\u00fcnl\u00fck \u015f\u0131kl\u0131\u011f\u0131 \u00f6n plana \u00e7\u0131karan \u00f6zel bir tasar\u0131md\u0131r. \u00dcst par\u00e7ada yer alan yar\u0131m pat detay\u0131 tak\u0131ma sade ama zarif bir [&hellip;]<\/p>\n","protected":false},"featured_media":107376,"comment_status":"open","ping_status":"closed","template":"","meta":[],"product_brand":[],"product_cat":[1900],"product_tag":[5012,7354,6744,7948,6751],"class_list":{"0":"post-107382","1":"product","2":"type-product","3":"status-publish","4":"has-post-thumbnail","6":"product_cat-koordinatlar-setler","7":"product_tag-elegant","8":"product_tag-gunluk-giyim-2","9":"product_tag-kadin-modasi","10":"product_tag-krep-kumas","11":"product_tag-rahat","12":"pa_brand-levidor","13":"pa_color-yesil","14":"pa_size-l","15":"pa_size-m","16":"pa_size-s","18":"first","19":"instock","20":"shipping-taxable","21":"purchasable","22":"product-type-variable"},"_links":{"self":[{"href":"https:\/\/mod.wisdar.net\/tr\/wp-json\/wp\/v2\/product\/107382","targetHints":{"allow":["GET"]}}],"collection":[{"href":"https:\/\/mod.wisdar.net\/tr\/wp-json\/wp\/v2\/product"}],"about":[{"href":"https:\/\/mod.wisdar.net\/tr\/wp-json\/wp\/v2\/types\/product"}],"replies":[{"embeddable":true,"href":"https:\/\/mod.wisdar.net\/tr\/wp-json\/wp\/v2\/comments?post=107382"}],"wp:featuredmedia":[{"embeddable":true,"href":"https:\/\/mod.wisdar.net\/tr\/wp-json\/wp\/v2\/media\/107376"}],"wp:attachment":[{"href":"https:\/\/mod.wisdar.net\/tr\/wp-json\/wp\/v2\/media?parent=107382"}],"wp:term":[{"taxonomy":"product_brand","embeddable":true,"href":"https:\/\/mod.wisdar.net\/tr\/wp-json\/wp\/v2\/product_brand?post=107382"},{"taxonomy":"product_cat","embeddable":true,"href":"https:\/\/mod.wisdar.net\/tr\/wp-json\/wp\/v2\/product_cat?post=107382"},{"taxonomy":"product_tag","embeddable":true,"href":"https:\/\/mod.wisdar.net\/tr\/wp-json\/wp\/v2\/product_tag?post=107382"}],"curies":[{"name":"wp","href":"https:\/\/api.w.org\/{rel}","templated":true}]}}