{"id":107440,"date":"2026-02-16T19:16:44","date_gmt":"2026-02-16T19:16:44","guid":{"rendered":"https:\/\/modesthanim.com\/product\/krem-kumas-gorunumlu-el-cantasi\/"},"modified":"2026-04-15T22:31:31","modified_gmt":"2026-04-15T22:31:31","slug":"krem-kumas-gorunumlu-el-cantasi","status":"publish","type":"product","link":"https:\/\/mod.wisdar.net\/tr\/urun\/krem-kumas-gorunumlu-el-cantasi\/","title":{"rendered":"Krem Kuma\u015f G\u00f6r\u00fcn\u00fcml\u00fc El \u00c7antas\u0131"},"content":{"rendered":"<p>BAKIMI:<br \/>\n\u00dcr\u00fcn\u00fcm\u00fcz\u00fc nemli bir bez ile silerek temizleyebilirsiniz.<br \/>\nKuru yerde muhafaza ediniz.<br \/>\nED\u0130T\u00d6R\u00dcN YORUMU<br \/>\nTarz\u0131n\u0131za fark yaratacak bir dokunu\u015f ar\u0131yorsan\u0131z kuma\u015f g\u00f6r\u00fcn\u00fcml\u00fc el \u00e7antas\u0131 tam size g\u00f6re! \u00d6zel tasar\u0131m\u0131 geni\u015f i\u00e7 hacmi ve zamans\u0131z kullan\u0131m kolayl\u0131\u011f\u0131yla bu \u00e7anta zevk sahibi bayanlar\u0131n zarif ama cesur duru\u015funu kusursuz bir \u015fekilde yans\u0131t\u0131yor. K\u0131sa ve uzun omuz ask\u0131s\u0131 ve metal marka arma detay\u0131 sayesinde kombinlerinizi hem konforlu hem dikkat \u00e7ekici k\u0131l\u0131yor. Klasik par\u00e7alar\u0131n aras\u0131na modern bir yorum katan bu model gard\u0131robunuzun vazge\u00e7ilmezi oluyor. \u0130ster spor bir tunikle isterseniz uzun tren\u00e7kot ile kombinledi\u011finde stilinize hava kat\u0131yor. Ayarlanabilir ask\u0131 detay\u0131 ise hem elde hem omuzda kullan\u0131m i\u00e7in esneklik sunuyor.<\/p>\n<p>\u2014 Technical Details \u2014<br \/>\nKuma\u015f: Keten<br \/>\nDesen: D\u00fcz<br \/>\nKapama Tarz\u0131: Fermuarl\u0131<br \/>\nAstar Durumu: Astarl\u0131<br \/>\nY\u00fckseklik: 17 cm<br \/>\nGeni\u015flik: 10 cm<br \/>\nEn: 23 cm<br \/>\n\u0130\u00e7 Cep: Var<\/p>\n","protected":false},"excerpt":{"rendered":"<p>BAKIMI: \u00dcr\u00fcn\u00fcm\u00fcz\u00fc nemli bir bez ile silerek temizleyebilirsiniz. Kuru yerde muhafaza ediniz. ED\u0130T\u00d6R\u00dcN YORUMU Tarz\u0131n\u0131za fark yaratacak bir dokunu\u015f ar\u0131yorsan\u0131z kuma\u015f g\u00f6r\u00fcn\u00fcml\u00fc el \u00e7antas\u0131 tam size g\u00f6re! \u00d6zel tasar\u0131m\u0131 geni\u015f i\u00e7 hacmi ve zamans\u0131z kullan\u0131m kolayl\u0131\u011f\u0131yla bu \u00e7anta zevk sahibi bayanlar\u0131n zarif ama cesur duru\u015funu kusursuz bir \u015fekilde yans\u0131t\u0131yor. K\u0131sa ve uzun omuz ask\u0131s\u0131 ve [&hellip;]<\/p>\n","protected":false},"featured_media":107436,"comment_status":"open","ping_status":"closed","template":"","meta":[],"product_brand":[],"product_cat":[6960,6957],"product_tag":[7037,5012,5013],"class_list":{"0":"post-107440","1":"product","2":"type-product","3":"status-publish","4":"has-post-thumbnail","6":"product_cat-cantalar","7":"product_cat-cantalar-el-cantalari","8":"product_tag-el-cantasi","9":"product_tag-elegant","10":"product_tag-modern","11":"pa_brand-levidor","12":"pa_color-krem","14":"first","15":"outofstock","16":"shipping-taxable","17":"product-type-variable"},"_links":{"self":[{"href":"https:\/\/mod.wisdar.net\/tr\/wp-json\/wp\/v2\/product\/107440","targetHints":{"allow":["GET"]}}],"collection":[{"href":"https:\/\/mod.wisdar.net\/tr\/wp-json\/wp\/v2\/product"}],"about":[{"href":"https:\/\/mod.wisdar.net\/tr\/wp-json\/wp\/v2\/types\/product"}],"replies":[{"embeddable":true,"href":"https:\/\/mod.wisdar.net\/tr\/wp-json\/wp\/v2\/comments?post=107440"}],"wp:featuredmedia":[{"embeddable":true,"href":"https:\/\/mod.wisdar.net\/tr\/wp-json\/wp\/v2\/media\/107436"}],"wp:attachment":[{"href":"https:\/\/mod.wisdar.net\/tr\/wp-json\/wp\/v2\/media?parent=107440"}],"wp:term":[{"taxonomy":"product_brand","embeddable":true,"href":"https:\/\/mod.wisdar.net\/tr\/wp-json\/wp\/v2\/product_brand?post=107440"},{"taxonomy":"product_cat","embeddable":true,"href":"https:\/\/mod.wisdar.net\/tr\/wp-json\/wp\/v2\/product_cat?post=107440"},{"taxonomy":"product_tag","embeddable":true,"href":"https:\/\/mod.wisdar.net\/tr\/wp-json\/wp\/v2\/product_tag?post=107440"}],"curies":[{"name":"wp","href":"https:\/\/api.w.org\/{rel}","templated":true}]}}