{"id":107494,"date":"2026-02-16T19:23:08","date_gmt":"2026-02-16T19:23:08","guid":{"rendered":"https:\/\/modesthanim.com\/product\/kirmizi-buzgu-kapamali-zincir-askili-omuz-cantasi\/"},"modified":"2026-04-10T21:55:56","modified_gmt":"2026-04-10T21:55:56","slug":"kirmizi-buzgu-kapamali-zincir-askili-omuz-cantasi","status":"publish","type":"product","link":"https:\/\/mod.wisdar.net\/tr\/urun\/kirmizi-buzgu-kapamali-zincir-askili-omuz-cantasi\/","title":{"rendered":"K\u0131rm\u0131z\u0131 B\u00fczg\u00fc Kapamal\u0131 Zincir Ask\u0131l\u0131 Omuz \u00c7antas\u0131"},"content":{"rendered":"<p>BAKIMI:<br \/>\n\u00dcr\u00fcn\u00fcm\u00fcz\u00fc nemli bir bez ile silerek temizleyebilirsiniz.<br \/>\nKuru yerde muhafaza ediniz.<br \/>\nED\u0130T\u00d6R\u00dcN YORUMU<br \/>\nKendine \u00f6zg\u00fcn ask\u0131 tasar\u0131m\u0131yla b\u00fczg\u00fc kapamal\u0131 zincir ask\u0131l\u0131 omuz \u00e7antas\u0131 kombinlere modern ve zarif bir dokunu\u015f kat\u0131yor. Ask\u0131 k\u0131sm\u0131nda yer alan zincir detay\u0131 \u00e7antay\u0131 sade bir aksesuardan \u00e7\u0131kararak stilinizin odak noktas\u0131 oluyor. Omuz \u00e7antas\u0131 formu d\u00fczenli ve \u015f\u0131k bir g\u00f6r\u00fcn\u00fcm sunuyor. G\u00fcnl\u00fck kombinlerinizde bol pa\u00e7a pantolon ve d\u00fc\u011fmeli tuniklerinizle kullan\u0131larak sade ama dikkat \u00e7ekici bir stil olu\u015fturulabilirsiniz. \u015e\u0131k omuz \u00e7antas\u0131 aray\u0131\u015f\u0131ndakiler i\u00e7in \u00f6zel olarak tasarlanan modelimiz farkl\u0131 renk se\u00e7enekleri ile be\u011feninize sunuluyor.<\/p>\n<p>\u2014 Technical Details \u2014<br \/>\nKuma\u015f: Suni Deri<br \/>\nDesen: Kapitone<br \/>\nKapama Tarz\u0131: \u00c7\u0131t \u00c7\u0131t<br \/>\nAstar Durumu: Astarl\u0131<br \/>\nY\u00fckseklik: 18 cm<br \/>\nGeni\u015flik: 9 cm<br \/>\nEn: 15 cm<br \/>\n\u0130\u00e7 Cep: Var<\/p>\n","protected":false},"excerpt":{"rendered":"<p>BAKIMI: \u00dcr\u00fcn\u00fcm\u00fcz\u00fc nemli bir bez ile silerek temizleyebilirsiniz. Kuru yerde muhafaza ediniz. ED\u0130T\u00d6R\u00dcN YORUMU Kendine \u00f6zg\u00fcn ask\u0131 tasar\u0131m\u0131yla b\u00fczg\u00fc kapamal\u0131 zincir ask\u0131l\u0131 omuz \u00e7antas\u0131 kombinlere modern ve zarif bir dokunu\u015f kat\u0131yor. Ask\u0131 k\u0131sm\u0131nda yer alan zincir detay\u0131 \u00e7antay\u0131 sade bir aksesuardan \u00e7\u0131kararak stilinizin odak noktas\u0131 oluyor. Omuz \u00e7antas\u0131 formu d\u00fczenli ve \u015f\u0131k bir g\u00f6r\u00fcn\u00fcm sunuyor. [&hellip;]<\/p>\n","protected":false},"featured_media":107489,"comment_status":"open","ping_status":"closed","template":"","meta":[],"product_brand":[],"product_cat":[6960,6957],"product_tag":[5012,7145,7035,6980,6998],"class_list":{"0":"post-107494","1":"product","2":"type-product","3":"status-publish","4":"has-post-thumbnail","6":"product_cat-cantalar","7":"product_cat-cantalar-el-cantalari","8":"product_tag-elegant","9":"product_tag-kadin-aksesuari","10":"product_tag-moda-canta","11":"product_tag-omuz-cantasi","12":"product_tag-suni-deri","13":"pa_brand-levidor","14":"pa_color-kirmizi","16":"first","17":"outofstock","18":"shipping-taxable","19":"product-type-variable"},"_links":{"self":[{"href":"https:\/\/mod.wisdar.net\/tr\/wp-json\/wp\/v2\/product\/107494","targetHints":{"allow":["GET"]}}],"collection":[{"href":"https:\/\/mod.wisdar.net\/tr\/wp-json\/wp\/v2\/product"}],"about":[{"href":"https:\/\/mod.wisdar.net\/tr\/wp-json\/wp\/v2\/types\/product"}],"replies":[{"embeddable":true,"href":"https:\/\/mod.wisdar.net\/tr\/wp-json\/wp\/v2\/comments?post=107494"}],"wp:featuredmedia":[{"embeddable":true,"href":"https:\/\/mod.wisdar.net\/tr\/wp-json\/wp\/v2\/media\/107489"}],"wp:attachment":[{"href":"https:\/\/mod.wisdar.net\/tr\/wp-json\/wp\/v2\/media?parent=107494"}],"wp:term":[{"taxonomy":"product_brand","embeddable":true,"href":"https:\/\/mod.wisdar.net\/tr\/wp-json\/wp\/v2\/product_brand?post=107494"},{"taxonomy":"product_cat","embeddable":true,"href":"https:\/\/mod.wisdar.net\/tr\/wp-json\/wp\/v2\/product_cat?post=107494"},{"taxonomy":"product_tag","embeddable":true,"href":"https:\/\/mod.wisdar.net\/tr\/wp-json\/wp\/v2\/product_tag?post=107494"}],"curies":[{"name":"wp","href":"https:\/\/api.w.org\/{rel}","templated":true}]}}