{"id":107550,"date":"2026-02-16T19:23:52","date_gmt":"2026-02-16T19:23:52","guid":{"rendered":"https:\/\/modesthanim.com\/product\/gri-cizgi-detayli-kapusonlu-ikili-takim\/"},"modified":"2026-02-16T19:30:17","modified_gmt":"2026-02-16T19:30:17","slug":"gri-cizgi-detayli-kapusonlu-ikili-takim","status":"publish","type":"product","link":"https:\/\/mod.wisdar.net\/tr\/urun\/gri-cizgi-detayli-kapusonlu-ikili-takim\/","title":{"rendered":"Gri \u00c7izgi Detayl\u0131 Kap\u00fc\u015fonlu \u0130kili Tak\u0131m"},"content":{"rendered":"<p>BAKIMI:<br \/>\n\u00dcr\u00fcn\u00fcm\u00fcz\u00fc tersinden hassas programda tek y\u0131kay\u0131n\u0131z.<br \/>\n S\u0131v\u0131 deterjanla y\u0131kamal\u0131 ve d\u00fc\u015f\u00fck devirde s\u0131kma yapmal\u0131s\u0131n\u0131z.<br \/>\n Sererek kurutmal\u0131 ve d\u00fc\u015f\u00fck s\u0131cakl\u0131kta \u00fct\u00fc yapmal\u0131s\u0131n\u0131z.<br \/>\nED\u0130T\u00d6R\u00dcN YORUMU<br \/>\n\u00c7izgi detayl\u0131 kap\u00fc\u015fonlu ikili tak\u0131m dinamik tasar\u0131m\u0131yla g\u00fcnl\u00fck stilin konforlu tamamlay\u0131c\u0131lar\u0131 aras\u0131nda yer al\u0131yor. Tak\u0131m \u00fczerinde yer alan \u00e7izgi detaylar\u0131 sade g\u00f6r\u00fcn\u00fcme hareket katarak sportif bir \u015f\u0131kl\u0131k sunuyor. Kap\u00fc\u015fonlu \u00fcst par\u00e7a rahat kal\u0131b\u0131yla g\u00fcn boyu konforlu bir kullan\u0131m sa\u011fl\u0131yor. Aktif g\u00fcnl\u00fck ya\u015fam\u0131n tempoya uyum sa\u011flayacak \u015fekilde tasarlanm\u0131\u015ft\u0131r. Yumu\u015fak dokulu kuma\u015f\u0131 mevsim ge\u00e7i\u015flerinde ideal bir kullan\u0131m sa\u011fl\u0131yor. \u0130kili tak\u0131m formu sayesinde farkl\u0131 par\u00e7alarla kombinleyerek birden fazla stil olu\u015fturabilirsiniz. Daha \u015f\u0131k bir g\u00f6r\u00fcn\u00fcm i\u00e7in sade sneaker ve minimal aksesuarlarla kombinleyerek tak\u0131ma enerjik bir hava kazand\u0131rabilirsiniz. Ev giyimi y\u00fcr\u00fcy\u00fc\u015f veya hafta sonu kombinleri i\u00e7in rahatl\u0131kla tercih edilebilir.<\/p>\n<p>\u2014 Technical Details \u2014<br \/>\nKuma\u015f: Tensel<br \/>\nDesen: D\u00fcz<br \/>\nManken \u00d6l\u00e7\u00fcs\u00fc: Boy:174 cm, G\u00f6\u011f\u00fcs: 87 cm, Basen: 100 cm, Kol Boyu: 60 cm<br \/>\nBel: Lastikli<br \/>\nYaka Tipi: Kap\u00fc\u015fonlu<\/p>\n","protected":false},"excerpt":{"rendered":"<p>BAKIMI: \u00dcr\u00fcn\u00fcm\u00fcz\u00fc tersinden hassas programda tek y\u0131kay\u0131n\u0131z. S\u0131v\u0131 deterjanla y\u0131kamal\u0131 ve d\u00fc\u015f\u00fck devirde s\u0131kma yapmal\u0131s\u0131n\u0131z. Sererek kurutmal\u0131 ve d\u00fc\u015f\u00fck s\u0131cakl\u0131kta \u00fct\u00fc yapmal\u0131s\u0131n\u0131z. ED\u0130T\u00d6R\u00dcN YORUMU \u00c7izgi detayl\u0131 kap\u00fc\u015fonlu ikili tak\u0131m dinamik tasar\u0131m\u0131yla g\u00fcnl\u00fck stilin konforlu tamamlay\u0131c\u0131lar\u0131 aras\u0131nda yer al\u0131yor. Tak\u0131m \u00fczerinde yer alan \u00e7izgi detaylar\u0131 sade g\u00f6r\u00fcn\u00fcme hareket katarak sportif bir \u015f\u0131kl\u0131k sunuyor. Kap\u00fc\u015fonlu \u00fcst par\u00e7a [&hellip;]<\/p>\n","protected":false},"featured_media":107539,"comment_status":"open","ping_status":"closed","template":"","meta":[],"product_brand":[],"product_cat":[1900],"product_tag":[7426,6751,7420],"class_list":{"0":"post-107550","1":"product","2":"type-product","3":"status-publish","4":"has-post-thumbnail","6":"product_cat-koordinatlar-setler","7":"product_tag-gunluk-giyim-3","8":"product_tag-rahat","9":"product_tag-sportif","10":"pa_brand-levidor","11":"pa_color-gri","12":"pa_size-4706","13":"pa_size-4711","14":"pa_size-4713","15":"pa_size-4751","17":"first","18":"instock","19":"sale","20":"shipping-taxable","21":"purchasable","22":"product-type-variable"},"_links":{"self":[{"href":"https:\/\/mod.wisdar.net\/tr\/wp-json\/wp\/v2\/product\/107550","targetHints":{"allow":["GET"]}}],"collection":[{"href":"https:\/\/mod.wisdar.net\/tr\/wp-json\/wp\/v2\/product"}],"about":[{"href":"https:\/\/mod.wisdar.net\/tr\/wp-json\/wp\/v2\/types\/product"}],"replies":[{"embeddable":true,"href":"https:\/\/mod.wisdar.net\/tr\/wp-json\/wp\/v2\/comments?post=107550"}],"wp:featuredmedia":[{"embeddable":true,"href":"https:\/\/mod.wisdar.net\/tr\/wp-json\/wp\/v2\/media\/107539"}],"wp:attachment":[{"href":"https:\/\/mod.wisdar.net\/tr\/wp-json\/wp\/v2\/media?parent=107550"}],"wp:term":[{"taxonomy":"product_brand","embeddable":true,"href":"https:\/\/mod.wisdar.net\/tr\/wp-json\/wp\/v2\/product_brand?post=107550"},{"taxonomy":"product_cat","embeddable":true,"href":"https:\/\/mod.wisdar.net\/tr\/wp-json\/wp\/v2\/product_cat?post=107550"},{"taxonomy":"product_tag","embeddable":true,"href":"https:\/\/mod.wisdar.net\/tr\/wp-json\/wp\/v2\/product_tag?post=107550"}],"curies":[{"name":"wp","href":"https:\/\/api.w.org\/{rel}","templated":true}]}}