{"id":107572,"date":"2026-02-16T19:24:12","date_gmt":"2026-02-16T19:24:12","guid":{"rendered":"https:\/\/modesthanim.com\/product\/siyah-orgu-model-gold-tokali-omuz-cantasi\/"},"modified":"2026-04-10T22:04:34","modified_gmt":"2026-04-10T22:04:34","slug":"siyah-orgu-model-gold-tokali-omuz-cantasi","status":"publish","type":"product","link":"https:\/\/mod.wisdar.net\/tr\/urun\/siyah-orgu-model-gold-tokali-omuz-cantasi\/","title":{"rendered":"Siyah \u00d6rg\u00fc Model Gold Tokal\u0131 Omuz \u00c7antas\u0131"},"content":{"rendered":"<p>BAKIMI:<br \/>\n\u00dcr\u00fcn\u00fcm\u00fcz\u00fc nemli bir bez ile silerek temizleyebilirsiniz.<br \/>\nKuru yerde muhafaza ediniz.<br \/>\nED\u0130T\u00d6R\u00dcN YORUMU<br \/>\nEl i\u015f\u00e7ili\u011fini and\u0131ran \u00f6rg\u00fc model gold tokal\u0131 omuz \u00e7antas\u0131 \u00e7antaya do\u011fal ve \u015f\u0131k bir g\u00f6r\u00fcn\u00fcm kazand\u0131r\u0131rken gold tokal\u0131 kapama detay\u0131 \u00fcr\u00fcne l\u00fcks bir hava kat\u0131yor. \u0130ster yazl\u0131k elbiselerle bohem bir stil yarat\u0131n ister klasik kombinlerle \u015f\u0131kl\u0131\u011f\u0131n\u0131z\u0131 tamamlay\u0131n; yeni omuz \u00e7antas\u0131 do\u011fal dokusu sayesinde her tarza uyum sa\u011fl\u0131yor. \u00d6zellikle bahar ve yaz aylar\u0131nda vazge\u00e7ilmez bir par\u00e7a olarak \u00f6ne \u00e7\u0131k\u0131yor. Tarz\u0131n\u0131z\u0131 \u00f6n plana \u00e7\u0131karacak \u00f6zel bir par\u00e7a olan tasar\u0131m omuz \u00e7antas\u0131  kombinlerinize zarif bir dokunu\u015f kat\u0131yor.<\/p>\n<p>\u2014 Technical Details \u2014<br \/>\nKuma\u015f: Suni Deri<br \/>\nDesen: D\u00fcz<br \/>\nKapama Tarz\u0131: Dolamal\u0131<br \/>\nY\u00fckseklik: 20 cm<br \/>\nGeni\u015flik: 3 cm<br \/>\nEn: 16 cm<\/p>\n","protected":false},"excerpt":{"rendered":"<p>BAKIMI: \u00dcr\u00fcn\u00fcm\u00fcz\u00fc nemli bir bez ile silerek temizleyebilirsiniz. Kuru yerde muhafaza ediniz. ED\u0130T\u00d6R\u00dcN YORUMU El i\u015f\u00e7ili\u011fini and\u0131ran \u00f6rg\u00fc model gold tokal\u0131 omuz \u00e7antas\u0131 \u00e7antaya do\u011fal ve \u015f\u0131k bir g\u00f6r\u00fcn\u00fcm kazand\u0131r\u0131rken gold tokal\u0131 kapama detay\u0131 \u00fcr\u00fcne l\u00fcks bir hava kat\u0131yor. \u0130ster yazl\u0131k elbiselerle bohem bir stil yarat\u0131n ister klasik kombinlerle \u015f\u0131kl\u0131\u011f\u0131n\u0131z\u0131 tamamlay\u0131n; yeni omuz \u00e7antas\u0131 do\u011fal [&hellip;]<\/p>\n","protected":false},"featured_media":107568,"comment_status":"open","ping_status":"closed","template":"","meta":[],"product_brand":[],"product_cat":[6960,6957],"product_tag":[7100],"class_list":{"0":"post-107572","1":"product","2":"type-product","3":"status-publish","4":"has-post-thumbnail","6":"product_cat-cantalar","7":"product_cat-cantalar-el-cantalari","8":"product_tag-suni-deri-2","9":"pa_brand-levidor","10":"pa_color-siyah","12":"first","13":"outofstock","14":"shipping-taxable","15":"product-type-variable"},"_links":{"self":[{"href":"https:\/\/mod.wisdar.net\/tr\/wp-json\/wp\/v2\/product\/107572","targetHints":{"allow":["GET"]}}],"collection":[{"href":"https:\/\/mod.wisdar.net\/tr\/wp-json\/wp\/v2\/product"}],"about":[{"href":"https:\/\/mod.wisdar.net\/tr\/wp-json\/wp\/v2\/types\/product"}],"replies":[{"embeddable":true,"href":"https:\/\/mod.wisdar.net\/tr\/wp-json\/wp\/v2\/comments?post=107572"}],"wp:featuredmedia":[{"embeddable":true,"href":"https:\/\/mod.wisdar.net\/tr\/wp-json\/wp\/v2\/media\/107568"}],"wp:attachment":[{"href":"https:\/\/mod.wisdar.net\/tr\/wp-json\/wp\/v2\/media?parent=107572"}],"wp:term":[{"taxonomy":"product_brand","embeddable":true,"href":"https:\/\/mod.wisdar.net\/tr\/wp-json\/wp\/v2\/product_brand?post=107572"},{"taxonomy":"product_cat","embeddable":true,"href":"https:\/\/mod.wisdar.net\/tr\/wp-json\/wp\/v2\/product_cat?post=107572"},{"taxonomy":"product_tag","embeddable":true,"href":"https:\/\/mod.wisdar.net\/tr\/wp-json\/wp\/v2\/product_tag?post=107572"}],"curies":[{"name":"wp","href":"https:\/\/api.w.org\/{rel}","templated":true}]}}