{"id":10760,"date":"2025-11-01T20:59:51","date_gmt":"2025-11-01T20:59:51","guid":{"rendered":"https:\/\/modesthanim.com\/product\/pile-detayli-cepli-etek-olive\/"},"modified":"2026-04-02T22:03:21","modified_gmt":"2026-04-02T22:03:21","slug":"pile-detayli-cepli-etek-olive","status":"publish","type":"product","link":"https:\/\/mod.wisdar.net\/tr\/urun\/pile-detayli-cepli-etek-olive\/","title":{"rendered":"Pile Detayl\u0131 Cepli Etek \u2013 Olive"},"content":{"rendered":"<p>\u00d6n y\u00fczeyindeki pile detaylar\u0131yla hareket kazanan bu etek, fonksiyonel cepleri sayesinde hem \u015f\u0131k hem pratik bir kullan\u0131m sunar.<\/p>\n<p>\u2014 Technical Details \u2014<br \/>\nDesen: D\u00fcz<br \/>\nBel Tipi: Normal Bel<br \/>\nEtek Tipi: A-Line<br \/>\nCep: Yan Cep<br \/>\nAstar: Astarl\u0131<br \/>\n\u00dcr\u00fcn Boyu: 93 cm<br \/>\nKal\u0131p Tipi: Normal Kal\u0131p<br \/>\nMankenin Giydi\u011fi Beden: 36<br \/>\nManken \u00d6l\u00e7\u00fcleri: {&#8216;Boy&#8217;: &#8216;174 cm&#8217;, &#8216;G\u00f6\u011f\u00fcs&#8217;: &#8217;81 cm&#8217;, &#8216;Bel&#8217;: &#8217;61 cm&#8217;, &#8216;Basen&#8217;: &#8217;92 cm&#8217;}<\/p>\n","protected":false},"excerpt":{"rendered":"<p>\u00d6n y\u00fczeyindeki pile detaylar\u0131yla hareket kazanan bu etek, fonksiyonel cepleri sayesinde hem \u015f\u0131k hem pratik bir kullan\u0131m sunar. \u2014 Technical Details \u2014 Desen: D\u00fcz Bel Tipi: Normal Bel Etek Tipi: A-Line Cep: Yan Cep Astar: Astarl\u0131 \u00dcr\u00fcn Boyu: 93 cm Kal\u0131p Tipi: Normal Kal\u0131p Mankenin Giydi\u011fi Beden: 36 Manken \u00d6l\u00e7\u00fcleri: {&#8216;Boy&#8217;: &#8216;174 cm&#8217;, &#8216;G\u00f6\u011f\u00fcs&#8217;: &#8217;81 [&hellip;]<\/p>\n","protected":false},"featured_media":0,"comment_status":"open","ping_status":"closed","template":"","meta":[],"product_brand":[],"product_cat":[1969],"product_tag":[7352,5014,6747],"class_list":{"0":"post-10760","1":"product","2":"type-product","3":"status-publish","5":"product_cat-etekler","6":"product_tag-cepli","7":"product_tag-olive","8":"product_tag-pile-detayli","9":"pa_brand-tugba","10":"pa_color-olive","11":"pa_size-4701","12":"pa_size-4706","13":"pa_size-4711","14":"pa_size-4713","16":"first","17":"instock","18":"sale","19":"shipping-taxable","20":"purchasable","21":"product-type-variable"},"_links":{"self":[{"href":"https:\/\/mod.wisdar.net\/tr\/wp-json\/wp\/v2\/product\/10760","targetHints":{"allow":["GET"]}}],"collection":[{"href":"https:\/\/mod.wisdar.net\/tr\/wp-json\/wp\/v2\/product"}],"about":[{"href":"https:\/\/mod.wisdar.net\/tr\/wp-json\/wp\/v2\/types\/product"}],"replies":[{"embeddable":true,"href":"https:\/\/mod.wisdar.net\/tr\/wp-json\/wp\/v2\/comments?post=10760"}],"wp:attachment":[{"href":"https:\/\/mod.wisdar.net\/tr\/wp-json\/wp\/v2\/media?parent=10760"}],"wp:term":[{"taxonomy":"product_brand","embeddable":true,"href":"https:\/\/mod.wisdar.net\/tr\/wp-json\/wp\/v2\/product_brand?post=10760"},{"taxonomy":"product_cat","embeddable":true,"href":"https:\/\/mod.wisdar.net\/tr\/wp-json\/wp\/v2\/product_cat?post=10760"},{"taxonomy":"product_tag","embeddable":true,"href":"https:\/\/mod.wisdar.net\/tr\/wp-json\/wp\/v2\/product_tag?post=10760"}],"curies":[{"name":"wp","href":"https:\/\/api.w.org\/{rel}","templated":true}]}}