{"id":107610,"date":"2026-02-16T19:25:23","date_gmt":"2026-02-16T19:25:23","guid":{"rendered":"https:\/\/modesthanim.com\/product\/kahve-silindir-form-kapitone-omuz-cantasi\/"},"modified":"2026-04-10T22:04:00","modified_gmt":"2026-04-10T22:04:00","slug":"kahve-silindir-form-kapitone-omuz-cantasi","status":"publish","type":"product","link":"https:\/\/mod.wisdar.net\/tr\/urun\/kahve-silindir-form-kapitone-omuz-cantasi\/","title":{"rendered":"Kahve Silindir Form Kapitone Omuz \u00c7antas\u0131"},"content":{"rendered":"<p>BAKIMI:<br \/>\n\u00dcr\u00fcn\u00fcm\u00fcz\u00fc nemli bir bez ile silerek temizleyebilirsiniz.<br \/>\nKuru yerde muhafaza ediniz.<br \/>\nED\u0130T\u00d6R\u00dcN YORUMU<br \/>\nGe\u00e7ici trendlerin \u00f6tesine ge\u00e7en tasar\u0131m\u0131yla gard\u0131robunuzda uzun y\u0131llar yerini koruyan silindir form kapitone omuz \u00e7antas\u0131  modern \u015fehir stilinin vazge\u00e7ilmezidir. Silindir formun verdi\u011fi g\u00fc\u00e7l\u00fc duru\u015f \u00fcst kapak detay\u0131yla yumu\u015fat\u0131larak zamans\u0131z bir denge olu\u015fturuyor. Omuzda rahat ta\u015f\u0131nabilen ergonomik yap\u0131s\u0131 sayesinde g\u00fcn boyu konfor sa\u011fl\u0131yor. \u0130ddial\u0131 ve g\u00f6zal\u0131c\u0131 olan bu tasar\u0131m stilinde \u00e7ekicilik arayan bayanlar i\u00e7in \u00f6zel olarak tasarlanm\u0131\u015ft\u0131r. \u00dcst kapak tasar\u0131m\u0131 \u00e7antaya hem g\u00fcvenli bir kullan\u0131m hem de \u015f\u0131k bir g\u00f6r\u00fcn\u00fcm kazand\u0131r\u0131yor. Basic bir bayan bluz jean pantolon ve spor-\u015f\u0131k sneakerlarla birlikte kullan\u0131ld\u0131\u011f\u0131nda kombininizi sade ama bilin\u00e7li bir stile ta\u015f\u0131yor.<\/p>\n<p>\u2014 Technical Details \u2014<br \/>\nKuma\u015f: Suni Deri<br \/>\nDesen: Kapitone<br \/>\nKapama Tarz\u0131: Fermuarl\u0131<br \/>\nY\u00fckseklik: 17 cm<br \/>\nGeni\u015flik: 5 cm<br \/>\nEn: 12 cm<\/p>\n","protected":false},"excerpt":{"rendered":"<p>BAKIMI: \u00dcr\u00fcn\u00fcm\u00fcz\u00fc nemli bir bez ile silerek temizleyebilirsiniz. Kuru yerde muhafaza ediniz. ED\u0130T\u00d6R\u00dcN YORUMU Ge\u00e7ici trendlerin \u00f6tesine ge\u00e7en tasar\u0131m\u0131yla gard\u0131robunuzda uzun y\u0131llar yerini koruyan silindir form kapitone omuz \u00e7antas\u0131 modern \u015fehir stilinin vazge\u00e7ilmezidir. Silindir formun verdi\u011fi g\u00fc\u00e7l\u00fc duru\u015f \u00fcst kapak detay\u0131yla yumu\u015fat\u0131larak zamans\u0131z bir denge olu\u015fturuyor. Omuzda rahat ta\u015f\u0131nabilen ergonomik yap\u0131s\u0131 sayesinde g\u00fcn boyu konfor [&hellip;]<\/p>\n","protected":false},"featured_media":107602,"comment_status":"open","ping_status":"closed","template":"","meta":[],"product_brand":[],"product_cat":[6960,6957],"product_tag":[7164,6825,6998],"class_list":{"0":"post-107610","1":"product","2":"type-product","3":"status-publish","4":"has-post-thumbnail","6":"product_cat-cantalar","7":"product_cat-cantalar-el-cantalari","8":"product_tag-kahve-canta","9":"product_tag-sehir-stili","10":"product_tag-suni-deri","11":"pa_brand-levidor","12":"pa_color-kahve","14":"first","15":"outofstock","16":"shipping-taxable","17":"product-type-variable"},"_links":{"self":[{"href":"https:\/\/mod.wisdar.net\/tr\/wp-json\/wp\/v2\/product\/107610","targetHints":{"allow":["GET"]}}],"collection":[{"href":"https:\/\/mod.wisdar.net\/tr\/wp-json\/wp\/v2\/product"}],"about":[{"href":"https:\/\/mod.wisdar.net\/tr\/wp-json\/wp\/v2\/types\/product"}],"replies":[{"embeddable":true,"href":"https:\/\/mod.wisdar.net\/tr\/wp-json\/wp\/v2\/comments?post=107610"}],"wp:featuredmedia":[{"embeddable":true,"href":"https:\/\/mod.wisdar.net\/tr\/wp-json\/wp\/v2\/media\/107602"}],"wp:attachment":[{"href":"https:\/\/mod.wisdar.net\/tr\/wp-json\/wp\/v2\/media?parent=107610"}],"wp:term":[{"taxonomy":"product_brand","embeddable":true,"href":"https:\/\/mod.wisdar.net\/tr\/wp-json\/wp\/v2\/product_brand?post=107610"},{"taxonomy":"product_cat","embeddable":true,"href":"https:\/\/mod.wisdar.net\/tr\/wp-json\/wp\/v2\/product_cat?post=107610"},{"taxonomy":"product_tag","embeddable":true,"href":"https:\/\/mod.wisdar.net\/tr\/wp-json\/wp\/v2\/product_tag?post=107610"}],"curies":[{"name":"wp","href":"https:\/\/api.w.org\/{rel}","templated":true}]}}