{"id":107641,"date":"2026-02-16T19:26:12","date_gmt":"2026-02-16T19:26:12","guid":{"rendered":"https:\/\/modesthanim.com\/product\/haki-buzgu-yama-detayli-etek-takim\/"},"modified":"2026-02-16T19:27:34","modified_gmt":"2026-02-16T19:27:34","slug":"haki-buzgu-yama-detayli-etek-takim","status":"publish","type":"product","link":"https:\/\/mod.wisdar.net\/tr\/urun\/haki-buzgu-yama-detayli-etek-takim\/","title":{"rendered":"Haki B\u00fczg\u00fc Yama Detayl\u0131 Etek Tak\u0131m"},"content":{"rendered":"<p>\u2014 Technical Details \u2014<br \/>\nKuma\u015f: Scuba Cupra<br \/>\nDesen: D\u00fcz<br \/>\nManken \u00d6l\u00e7\u00fcs\u00fc: Boy:174 cm, G\u00f6\u011f\u00fcs: 87 cm, Basen: 100 cm, Kol Boyu: 60 cm<\/p>\n","protected":false},"excerpt":{"rendered":"<p>\u2014 Technical Details \u2014 Kuma\u015f: Scuba Cupra Desen: D\u00fcz Manken \u00d6l\u00e7\u00fcs\u00fc: Boy:174 cm, G\u00f6\u011f\u00fcs: 87 cm, Basen: 100 cm, Kol Boyu: 60 cm<\/p>\n","protected":false},"featured_media":107633,"comment_status":"open","ping_status":"closed","template":"","meta":[],"product_brand":[],"product_cat":[1900],"product_tag":[],"class_list":{"0":"post-107641","1":"product","2":"type-product","3":"status-publish","4":"has-post-thumbnail","6":"product_cat-koordinatlar-setler","7":"pa_brand-levidor","8":"pa_color-haki","9":"pa_size-4706","10":"pa_size-4711","11":"pa_size-4713","12":"pa_size-4751","14":"first","15":"instock","16":"sale","17":"shipping-taxable","18":"purchasable","19":"product-type-variable"},"_links":{"self":[{"href":"https:\/\/mod.wisdar.net\/tr\/wp-json\/wp\/v2\/product\/107641","targetHints":{"allow":["GET"]}}],"collection":[{"href":"https:\/\/mod.wisdar.net\/tr\/wp-json\/wp\/v2\/product"}],"about":[{"href":"https:\/\/mod.wisdar.net\/tr\/wp-json\/wp\/v2\/types\/product"}],"replies":[{"embeddable":true,"href":"https:\/\/mod.wisdar.net\/tr\/wp-json\/wp\/v2\/comments?post=107641"}],"wp:featuredmedia":[{"embeddable":true,"href":"https:\/\/mod.wisdar.net\/tr\/wp-json\/wp\/v2\/media\/107633"}],"wp:attachment":[{"href":"https:\/\/mod.wisdar.net\/tr\/wp-json\/wp\/v2\/media?parent=107641"}],"wp:term":[{"taxonomy":"product_brand","embeddable":true,"href":"https:\/\/mod.wisdar.net\/tr\/wp-json\/wp\/v2\/product_brand?post=107641"},{"taxonomy":"product_cat","embeddable":true,"href":"https:\/\/mod.wisdar.net\/tr\/wp-json\/wp\/v2\/product_cat?post=107641"},{"taxonomy":"product_tag","embeddable":true,"href":"https:\/\/mod.wisdar.net\/tr\/wp-json\/wp\/v2\/product_tag?post=107641"}],"curies":[{"name":"wp","href":"https:\/\/api.w.org\/{rel}","templated":true}]}}