{"id":107769,"date":"2026-02-16T19:31:39","date_gmt":"2026-02-16T19:31:39","guid":{"rendered":"https:\/\/modesthanim.com\/product\/antrasit-omuz-fermuar-detayli-etek-takim\/"},"modified":"2026-02-16T19:32:12","modified_gmt":"2026-02-16T19:32:12","slug":"antrasit-omuz-fermuar-detayli-etek-takim","status":"publish","type":"product","link":"https:\/\/mod.wisdar.net\/tr\/urun\/antrasit-omuz-fermuar-detayli-etek-takim\/","title":{"rendered":"Antrasit Omuz Fermuar Detayl\u0131 Etek Tak\u0131m"},"content":{"rendered":"<p>BAKIMI:<br \/>\n\u00dcr\u00fcn\u00fcm\u00fcz\u00fc tersinden hassas programda tek y\u0131kay\u0131n\u0131z.<br \/>\n S\u0131v\u0131 deterjanla y\u0131kamal\u0131 ve d\u00fc\u015f\u00fck devirde s\u0131kma yapmal\u0131s\u0131n\u0131z.<br \/>\n Sererek kurutmal\u0131 ve d\u00fc\u015f\u00fck s\u0131cakl\u0131kta \u00fct\u00fc yapmal\u0131s\u0131n\u0131z.<br \/>\nED\u0130T\u00d6R\u00dcN YORUMU<br \/>\nY\u00fcksek kaliteli kuma\u015f\u0131 ve ideal kesimi sayesinde g\u00fcn boyu konfor sunan omuz fermuar detayl\u0131 etek tak\u0131m minimal aksesuarlarla tamamland\u0131\u011f\u0131nda modern ve \u00f6zg\u00fcn bir stil yarat\u0131yor. K\u0131sa bluz ve etek par\u00e7alar\u0131n\u0131n kusursuz uyumu \u015f\u0131kl\u0131\u011f\u0131 tek bir ad\u0131mda tamamlaman\u0131z\u0131 sa\u011fl\u0131yor. Omuzundaki fermuar detay\u0131 tak\u0131ma \u00e7a\u011fda\u015f bir dokunu\u015f eklerken dinamik bir duru\u015f sergiliyor.  Topuklu ayakkab\u0131lar ve zarif bir clutch \u00e7anta ile kombinlendi\u011finde ofis \u015f\u0131kl\u0131\u011f\u0131n\u0131za \u015f\u0131k bir dokunu\u015f ekliyor. Par\u00e7alar\u0131 ayr\u0131 kombinleyerek farkl\u0131 stiller olu\u015fturabilirsiniz. D\u00f6rt mevsim gard\u0131robunuzun kurtar\u0131c\u0131s\u0131 olan \u015f\u0131k ikili tak\u0131m modelimiz be\u011feninize sunuluyor.<\/p>\n<p>\u2014 Technical Details \u2014<br \/>\nKuma\u015f: Tensel<br \/>\nDesen: D\u00fcz<br \/>\nManken \u00d6l\u00e7\u00fcs\u00fc: Boy:174 cm,G\u00f6g\u00fcs 90 cm, Bel 65 cm, Basen 95 cm, Kol Boyu 60 cm.<br \/>\nKapama Tarz\u0131: Ba\u011fc\u0131kl\u0131 ve Fermuarl\u0131<br \/>\nCep Tipi: Sahte Cep<br \/>\nYaka Tipi: S\u0131f\u0131r Yaka<\/p>\n","protected":false},"excerpt":{"rendered":"<p>BAKIMI: \u00dcr\u00fcn\u00fcm\u00fcz\u00fc tersinden hassas programda tek y\u0131kay\u0131n\u0131z. S\u0131v\u0131 deterjanla y\u0131kamal\u0131 ve d\u00fc\u015f\u00fck devirde s\u0131kma yapmal\u0131s\u0131n\u0131z. Sererek kurutmal\u0131 ve d\u00fc\u015f\u00fck s\u0131cakl\u0131kta \u00fct\u00fc yapmal\u0131s\u0131n\u0131z. ED\u0130T\u00d6R\u00dcN YORUMU Y\u00fcksek kaliteli kuma\u015f\u0131 ve ideal kesimi sayesinde g\u00fcn boyu konfor sunan omuz fermuar detayl\u0131 etek tak\u0131m minimal aksesuarlarla tamamland\u0131\u011f\u0131nda modern ve \u00f6zg\u00fcn bir stil yarat\u0131yor. K\u0131sa bluz ve etek par\u00e7alar\u0131n\u0131n kusursuz [&hellip;]<\/p>\n","protected":false},"featured_media":107763,"comment_status":"open","ping_status":"closed","template":"","meta":[],"product_brand":[],"product_cat":[1900],"product_tag":[6777,8398,6744,6845,6754],"class_list":{"0":"post-107769","1":"product","2":"type-product","3":"status-publish","4":"has-post-thumbnail","6":"product_cat-koordinatlar-setler","7":"product_tag-antrasit","8":"product_tag-etek-takim","9":"product_tag-kadin-modasi","10":"product_tag-modern-stil","11":"product_tag-ofis-kiyafeti","12":"pa_brand-levidor","13":"pa_color-antrasit","14":"pa_size-4706","15":"pa_size-4711","16":"pa_size-4713","17":"pa_size-4751","19":"first","20":"instock","21":"sale","22":"shipping-taxable","23":"purchasable","24":"product-type-variable"},"_links":{"self":[{"href":"https:\/\/mod.wisdar.net\/tr\/wp-json\/wp\/v2\/product\/107769","targetHints":{"allow":["GET"]}}],"collection":[{"href":"https:\/\/mod.wisdar.net\/tr\/wp-json\/wp\/v2\/product"}],"about":[{"href":"https:\/\/mod.wisdar.net\/tr\/wp-json\/wp\/v2\/types\/product"}],"replies":[{"embeddable":true,"href":"https:\/\/mod.wisdar.net\/tr\/wp-json\/wp\/v2\/comments?post=107769"}],"wp:featuredmedia":[{"embeddable":true,"href":"https:\/\/mod.wisdar.net\/tr\/wp-json\/wp\/v2\/media\/107763"}],"wp:attachment":[{"href":"https:\/\/mod.wisdar.net\/tr\/wp-json\/wp\/v2\/media?parent=107769"}],"wp:term":[{"taxonomy":"product_brand","embeddable":true,"href":"https:\/\/mod.wisdar.net\/tr\/wp-json\/wp\/v2\/product_brand?post=107769"},{"taxonomy":"product_cat","embeddable":true,"href":"https:\/\/mod.wisdar.net\/tr\/wp-json\/wp\/v2\/product_cat?post=107769"},{"taxonomy":"product_tag","embeddable":true,"href":"https:\/\/mod.wisdar.net\/tr\/wp-json\/wp\/v2\/product_tag?post=107769"}],"curies":[{"name":"wp","href":"https:\/\/api.w.org\/{rel}","templated":true}]}}