{"id":107827,"date":"2026-02-16T19:32:34","date_gmt":"2026-02-16T19:32:34","guid":{"rendered":"https:\/\/modesthanim.com\/product\/camel-citcit-ruzgarlik-detayli-sisme-yelek\/"},"modified":"2026-04-10T22:12:05","modified_gmt":"2026-04-10T22:12:05","slug":"camel-citcit-ruzgarlik-detayli-sisme-yelek","status":"publish","type":"product","link":"https:\/\/mod.wisdar.net\/tr\/urun\/camel-citcit-ruzgarlik-detayli-sisme-yelek\/","title":{"rendered":"Camel \u00c7\u0131t\u00e7\u0131t R\u00fczgarl\u0131k Detayl\u0131 \u015ei\u015fme Yelek"},"content":{"rendered":"<p>BAKIMI:<br \/>\n\u00dcr\u00fcn\u00fcm\u00fcz\u00fc tersinden hassas programda tek y\u0131kay\u0131n\u0131z.<br \/>\n S\u0131v\u0131 deterjanla y\u0131kamal\u0131 ve d\u00fc\u015f\u00fck devirde s\u0131kma yapmal\u0131s\u0131n\u0131z.<br \/>\n Sererek kurutmal\u0131 ve d\u00fc\u015f\u00fck s\u0131cakl\u0131kta \u00fct\u00fc yapmal\u0131s\u0131n\u0131z.<br \/>\nED\u0130T\u00d6R\u00dcN YORUMU<br \/>\nHafif ve dolgun yap\u0131ya sahip \u00e7\u0131t\u00e7\u0131t r\u00fczgarl\u0131k detayl\u0131 \u015fi\u015fme yelek v\u00fccut \u0131s\u0131s\u0131n\u0131 dengede tutarak s\u0131cak kalman\u0131z\u0131 sa\u011fl\u0131yor. G\u00fcnl\u00fck kullan\u0131ma uygun rahat kal\u0131b\u0131 sayesinde hem g\u00fcnl\u00fck hayat\u0131n\u0131zda hem de outdoor kombinlerde ideal bir tercih oluyor. \u00d6nden fermuar kapama detay\u0131 kullan\u0131m kolayl\u0131\u011f\u0131 sa\u011flarken yele\u011fe sportif ve dinamik bir hava kazand\u0131r\u0131yor. R\u00fczg\u00e2ra kar\u015f\u0131 koruma sa\u011flayan \u015fapka ve r\u00fczgarl\u0131k detay\u0131 serin ve de\u011fi\u015fken havalarda maksimum konfor sunuyor. \u00c7e\u015fitli renk ve beden se\u00e7enekleriyle her tarzdan kullan\u0131c\u0131ya hitap eden uzun yele\u011fimiz dolab\u0131n\u0131z\u0131n uzun y\u0131llar vazge\u00e7ilmezi olmaya adayd\u0131r. Bol kesimi sayesinde kombinleyece\u011finiz uzun sweat modelleri ile g\u00fcn boyu \u015f\u0131k ve sofistike bir g\u00f6r\u00fcn\u00fcm sunuyor.<\/p>\n<p>\u2014 Technical Details \u2014<br \/>\nDesen: Kapitone<br \/>\nManken \u00d6l\u00e7\u00fcs\u00fc: Boy:174 cm,G\u00f6g\u00fcs 90 cm, Bel 65 cm, Basen 95 cm, Kol Boyu 60 cm.<br \/>\nKapama Tarz\u0131: Fermuarl\u0131<br \/>\nAstar Durumu: Astarl\u0131<br \/>\nCep Tipi: Cepli<br \/>\nYaka Tipi: Kap\u00fc\u015fonlu<\/p>\n","protected":false},"excerpt":{"rendered":"<p>BAKIMI: \u00dcr\u00fcn\u00fcm\u00fcz\u00fc tersinden hassas programda tek y\u0131kay\u0131n\u0131z. S\u0131v\u0131 deterjanla y\u0131kamal\u0131 ve d\u00fc\u015f\u00fck devirde s\u0131kma yapmal\u0131s\u0131n\u0131z. Sererek kurutmal\u0131 ve d\u00fc\u015f\u00fck s\u0131cakl\u0131kta \u00fct\u00fc yapmal\u0131s\u0131n\u0131z. ED\u0130T\u00d6R\u00dcN YORUMU Hafif ve dolgun yap\u0131ya sahip \u00e7\u0131t\u00e7\u0131t r\u00fczgarl\u0131k detayl\u0131 \u015fi\u015fme yelek v\u00fccut \u0131s\u0131s\u0131n\u0131 dengede tutarak s\u0131cak kalman\u0131z\u0131 sa\u011fl\u0131yor. G\u00fcnl\u00fck kullan\u0131ma uygun rahat kal\u0131b\u0131 sayesinde hem g\u00fcnl\u00fck hayat\u0131n\u0131zda hem de outdoor kombinlerde ideal [&hellip;]<\/p>\n","protected":false},"featured_media":107815,"comment_status":"open","ping_status":"closed","template":"","meta":[],"product_brand":[],"product_cat":[2053],"product_tag":[7309,7426,7421],"class_list":{"0":"post-107827","1":"product","2":"type-product","3":"status-publish","4":"has-post-thumbnail","6":"product_cat-yelekler-yelekler","7":"product_tag-fermuarli","8":"product_tag-gunluk-giyim-3","9":"product_tag-kapusonlu","10":"pa_brand-levidor","11":"pa_color-camel","12":"pa_size-4711","13":"pa_size-4713","14":"pa_size-4751","15":"pa_size-4749","17":"first","18":"instock","19":"sale","20":"shipping-taxable","21":"purchasable","22":"product-type-variable"},"_links":{"self":[{"href":"https:\/\/mod.wisdar.net\/tr\/wp-json\/wp\/v2\/product\/107827","targetHints":{"allow":["GET"]}}],"collection":[{"href":"https:\/\/mod.wisdar.net\/tr\/wp-json\/wp\/v2\/product"}],"about":[{"href":"https:\/\/mod.wisdar.net\/tr\/wp-json\/wp\/v2\/types\/product"}],"replies":[{"embeddable":true,"href":"https:\/\/mod.wisdar.net\/tr\/wp-json\/wp\/v2\/comments?post=107827"}],"wp:featuredmedia":[{"embeddable":true,"href":"https:\/\/mod.wisdar.net\/tr\/wp-json\/wp\/v2\/media\/107815"}],"wp:attachment":[{"href":"https:\/\/mod.wisdar.net\/tr\/wp-json\/wp\/v2\/media?parent=107827"}],"wp:term":[{"taxonomy":"product_brand","embeddable":true,"href":"https:\/\/mod.wisdar.net\/tr\/wp-json\/wp\/v2\/product_brand?post=107827"},{"taxonomy":"product_cat","embeddable":true,"href":"https:\/\/mod.wisdar.net\/tr\/wp-json\/wp\/v2\/product_cat?post=107827"},{"taxonomy":"product_tag","embeddable":true,"href":"https:\/\/mod.wisdar.net\/tr\/wp-json\/wp\/v2\/product_tag?post=107827"}],"curies":[{"name":"wp","href":"https:\/\/api.w.org\/{rel}","templated":true}]}}