{"id":107832,"date":"2026-02-16T19:32:37","date_gmt":"2026-02-16T19:32:37","guid":{"rendered":"https:\/\/modesthanim.com\/product\/antrasit-file-cep-detayli-ikili-takim\/"},"modified":"2026-02-16T19:32:57","modified_gmt":"2026-02-16T19:32:57","slug":"antrasit-file-cep-detayli-ikili-takim","status":"publish","type":"product","link":"https:\/\/mod.wisdar.net\/tr\/urun\/antrasit-file-cep-detayli-ikili-takim\/","title":{"rendered":"Antrasit File Cep Detayl\u0131 \u0130kili Tak\u0131m"},"content":{"rendered":"<p>BAKIMI:<br \/>\n\u00dcr\u00fcn\u00fcm\u00fcz\u00fc tersinden hassas programda tek y\u0131kay\u0131n\u0131z.<br \/>\n S\u0131v\u0131 deterjanla y\u0131kamal\u0131 ve d\u00fc\u015f\u00fck devirde s\u0131kma yapmal\u0131s\u0131n\u0131z.<br \/>\n Sererek kurutmal\u0131 ve d\u00fc\u015f\u00fck s\u0131cakl\u0131kta \u00fct\u00fc yapmal\u0131s\u0131n\u0131z.<br \/>\nED\u0130T\u00d6R\u00dcN YORUMU<br \/>\nMarkam\u0131z\u0131n en \u015f\u0131k file cep detayl\u0131 ikili tak\u0131m modeli modern tasar\u0131m\u0131yla g\u00fcnl\u00fck \u015f\u0131kl\u0131\u011f\u0131n\u0131z\u0131 yeniden yorumluyor. Tak\u0131ma \u00f6zg\u00fcnl\u00fck katan file cep detay\u0131 sportif ve trend bir g\u00f6r\u00fcn\u00fcm sunarken ayn\u0131 zamanda pratik kullan\u0131m sa\u011fl\u0131yor. \u00dcst ve alt par\u00e7an\u0131n uyumlu kesimi sayesinde \u015fehir hayat\u0131ndan hafta sonu kombinlerine kadar geni\u015f bir kullan\u0131m alan\u0131 sunuyor. Hem \u00f6zel davetlerde hem de g\u00fcnl\u00fck stilinizde rahatl\u0131kla kullanabilece\u011finiz \u00e7ok y\u00f6nl\u00fc tasar\u0131m\u0131yla gard\u0131robunuzun de\u011ferli par\u00e7alar\u0131ndan biri olmaya adayd\u0131r.<\/p>\n<p>\u2014 Technical Details \u2014<br \/>\nKuma\u015f: Scuba Cupra<br \/>\nDesen: D\u00fcz<br \/>\nManken \u00d6l\u00e7\u00fcs\u00fc: Boy: 176 cm,Gog\u00fcs: 94 cm,Bel: 75 cm,Basen: 107 cm,Kol Boyu: 61 cm<br \/>\nKapama Tarz\u0131: \u00c7\u0131t \u00c7\u0131t<br \/>\nCep Tipi: Cepli<br \/>\n\u00dcr\u00fcn Detay\u0131: Ba\u011flama Detay<br \/>\nYaka Tipi: G\u00f6mlek Yaka<\/p>\n","protected":false},"excerpt":{"rendered":"<p>BAKIMI: \u00dcr\u00fcn\u00fcm\u00fcz\u00fc tersinden hassas programda tek y\u0131kay\u0131n\u0131z. S\u0131v\u0131 deterjanla y\u0131kamal\u0131 ve d\u00fc\u015f\u00fck devirde s\u0131kma yapmal\u0131s\u0131n\u0131z. Sererek kurutmal\u0131 ve d\u00fc\u015f\u00fck s\u0131cakl\u0131kta \u00fct\u00fc yapmal\u0131s\u0131n\u0131z. ED\u0130T\u00d6R\u00dcN YORUMU Markam\u0131z\u0131n en \u015f\u0131k file cep detayl\u0131 ikili tak\u0131m modeli modern tasar\u0131m\u0131yla g\u00fcnl\u00fck \u015f\u0131kl\u0131\u011f\u0131n\u0131z\u0131 yeniden yorumluyor. Tak\u0131ma \u00f6zg\u00fcnl\u00fck katan file cep detay\u0131 sportif ve trend bir g\u00f6r\u00fcn\u00fcm sunarken ayn\u0131 zamanda pratik kullan\u0131m [&hellip;]<\/p>\n","protected":false},"featured_media":107816,"comment_status":"open","ping_status":"closed","template":"","meta":[],"product_brand":[],"product_cat":[1900],"product_tag":[],"class_list":{"0":"post-107832","1":"product","2":"type-product","3":"status-publish","4":"has-post-thumbnail","6":"product_cat-koordinatlar-setler","7":"pa_brand-levidor","8":"pa_color-antrasit","9":"pa_size-4713","10":"pa_size-4751","11":"pa_size-4749","12":"pa_size-4747","14":"first","15":"instock","16":"sale","17":"shipping-taxable","18":"purchasable","19":"product-type-variable"},"_links":{"self":[{"href":"https:\/\/mod.wisdar.net\/tr\/wp-json\/wp\/v2\/product\/107832","targetHints":{"allow":["GET"]}}],"collection":[{"href":"https:\/\/mod.wisdar.net\/tr\/wp-json\/wp\/v2\/product"}],"about":[{"href":"https:\/\/mod.wisdar.net\/tr\/wp-json\/wp\/v2\/types\/product"}],"replies":[{"embeddable":true,"href":"https:\/\/mod.wisdar.net\/tr\/wp-json\/wp\/v2\/comments?post=107832"}],"wp:featuredmedia":[{"embeddable":true,"href":"https:\/\/mod.wisdar.net\/tr\/wp-json\/wp\/v2\/media\/107816"}],"wp:attachment":[{"href":"https:\/\/mod.wisdar.net\/tr\/wp-json\/wp\/v2\/media?parent=107832"}],"wp:term":[{"taxonomy":"product_brand","embeddable":true,"href":"https:\/\/mod.wisdar.net\/tr\/wp-json\/wp\/v2\/product_brand?post=107832"},{"taxonomy":"product_cat","embeddable":true,"href":"https:\/\/mod.wisdar.net\/tr\/wp-json\/wp\/v2\/product_cat?post=107832"},{"taxonomy":"product_tag","embeddable":true,"href":"https:\/\/mod.wisdar.net\/tr\/wp-json\/wp\/v2\/product_tag?post=107832"}],"curies":[{"name":"wp","href":"https:\/\/api.w.org\/{rel}","templated":true}]}}