{"id":107906,"date":"2026-02-16T19:33:38","date_gmt":"2026-02-16T19:33:38","guid":{"rendered":"https:\/\/modesthanim.com\/product\/bordo-belden-oturmali-pile-detayli-ikili-takim\/"},"modified":"2026-02-16T19:33:58","modified_gmt":"2026-02-16T19:33:58","slug":"bordo-belden-oturmali-pile-detayli-ikili-takim","status":"publish","type":"product","link":"https:\/\/mod.wisdar.net\/tr\/urun\/bordo-belden-oturmali-pile-detayli-ikili-takim\/","title":{"rendered":"Bordo Belden Oturmal\u0131 Pile Detayl\u0131 \u0130kili Tak\u0131m"},"content":{"rendered":"<p>BAKIMI:<br \/>\n\u00dcr\u00fcn\u00fcm\u00fcz\u00fc tersinden hassas programda tek y\u0131kay\u0131n\u0131z.<br \/>\n S\u0131v\u0131 deterjanla y\u0131kamal\u0131 ve d\u00fc\u015f\u00fck devirde s\u0131kma yapmal\u0131s\u0131n\u0131z.<br \/>\n Sererek kurutmal\u0131 ve d\u00fc\u015f\u00fck s\u0131cakl\u0131kta \u00fct\u00fc yapmal\u0131s\u0131n\u0131z.<br \/>\nED\u0130T\u00d6R\u00dcN YORUMU<br \/>\nBelden oturmal\u0131 pile detayl\u0131 ikili tak\u0131m ilk bak\u0131\u015fta fark edilen kusursuz tasar\u0131m\u0131yla stil anlay\u0131\u015f\u0131n\u0131z\u0131 bamba\u015fka bir seviyeye ta\u015f\u0131yor. Bel k\u0131sm\u0131ndaki oturmal\u0131 yap\u0131 v\u00fccudu zarif\u00e7e sararken pile detaylar\u0131 hareketli bir g\u00f6r\u00fcn\u00fcm kazand\u0131r\u0131yor. Her ad\u0131mda ak\u0131\u015fkan bir duru\u015f sunan bu tasar\u0131m \u015f\u0131kl\u0131\u011f\u0131n\u0131z\u0131 modern \u00e7izgilerle bulu\u015fturuyor. Kuma\u015f se\u00e7imi g\u00fcn boyu konforu garanti alt\u0131na al\u0131rken formunu uzun s\u00fcre koruyacak \u015fekilde \u00f6zel olarak se\u00e7ilmi\u015ftir. \u00dcst ve alt par\u00e7an\u0131n kusursuz uyumu zahmetsiz \u015f\u0131kl\u0131k arayanlar i\u00e7in ideal bir kombin avantaj\u0131 sunuyor. Ofis \u015f\u0131kl\u0131\u011f\u0131ndan \u00f6zel davetlere kadar geni\u015f bir kullan\u0131m alan\u0131 yaratan bu tak\u0131m tek bir dokunu\u015fla g\u00fc\u00e7l\u00fc bir stil ifadesi olu\u015fturuyor.<\/p>\n<p>\u2014 Technical Details \u2014<br \/>\nKuma\u015f: Scuba Cupra<br \/>\nDesen: D\u00fcz<br \/>\nManken \u00d6l\u00e7\u00fcs\u00fc: Boy:174 cm, G\u00f6\u011f\u00fcs: 87 cm, Basen: 100 cm, Kol Boyu: 60 cm<br \/>\nBel: Lastikli<br \/>\nKapama Tarz\u0131: Fermuarl\u0131<br \/>\nCep Tipi: Cepli<br \/>\nYaka Tipi: G\u00f6mlek Yaka<\/p>\n","protected":false},"excerpt":{"rendered":"<p>BAKIMI: \u00dcr\u00fcn\u00fcm\u00fcz\u00fc tersinden hassas programda tek y\u0131kay\u0131n\u0131z. S\u0131v\u0131 deterjanla y\u0131kamal\u0131 ve d\u00fc\u015f\u00fck devirde s\u0131kma yapmal\u0131s\u0131n\u0131z. Sererek kurutmal\u0131 ve d\u00fc\u015f\u00fck s\u0131cakl\u0131kta \u00fct\u00fc yapmal\u0131s\u0131n\u0131z. ED\u0130T\u00d6R\u00dcN YORUMU Belden oturmal\u0131 pile detayl\u0131 ikili tak\u0131m ilk bak\u0131\u015fta fark edilen kusursuz tasar\u0131m\u0131yla stil anlay\u0131\u015f\u0131n\u0131z\u0131 bamba\u015fka bir seviyeye ta\u015f\u0131yor. Bel k\u0131sm\u0131ndaki oturmal\u0131 yap\u0131 v\u00fccudu zarif\u00e7e sararken pile detaylar\u0131 hareketli bir g\u00f6r\u00fcn\u00fcm kazand\u0131r\u0131yor. [&hellip;]<\/p>\n","protected":false},"featured_media":107890,"comment_status":"open","ping_status":"closed","template":"","meta":[],"product_brand":[],"product_cat":[1900],"product_tag":[7150,5012,6744,5013,6754],"class_list":{"0":"post-107906","1":"product","2":"type-product","3":"status-publish","4":"has-post-thumbnail","6":"product_cat-koordinatlar-setler","7":"product_tag-bordo","8":"product_tag-elegant","9":"product_tag-kadin-modasi","10":"product_tag-modern","11":"product_tag-ofis-kiyafeti","12":"pa_brand-levidor","13":"pa_color-bordo","14":"pa_size-4706","15":"pa_size-4711","16":"pa_size-4713","17":"pa_size-4751","19":"first","20":"instock","21":"sale","22":"shipping-taxable","23":"purchasable","24":"product-type-variable"},"_links":{"self":[{"href":"https:\/\/mod.wisdar.net\/tr\/wp-json\/wp\/v2\/product\/107906","targetHints":{"allow":["GET"]}}],"collection":[{"href":"https:\/\/mod.wisdar.net\/tr\/wp-json\/wp\/v2\/product"}],"about":[{"href":"https:\/\/mod.wisdar.net\/tr\/wp-json\/wp\/v2\/types\/product"}],"replies":[{"embeddable":true,"href":"https:\/\/mod.wisdar.net\/tr\/wp-json\/wp\/v2\/comments?post=107906"}],"wp:featuredmedia":[{"embeddable":true,"href":"https:\/\/mod.wisdar.net\/tr\/wp-json\/wp\/v2\/media\/107890"}],"wp:attachment":[{"href":"https:\/\/mod.wisdar.net\/tr\/wp-json\/wp\/v2\/media?parent=107906"}],"wp:term":[{"taxonomy":"product_brand","embeddable":true,"href":"https:\/\/mod.wisdar.net\/tr\/wp-json\/wp\/v2\/product_brand?post=107906"},{"taxonomy":"product_cat","embeddable":true,"href":"https:\/\/mod.wisdar.net\/tr\/wp-json\/wp\/v2\/product_cat?post=107906"},{"taxonomy":"product_tag","embeddable":true,"href":"https:\/\/mod.wisdar.net\/tr\/wp-json\/wp\/v2\/product_tag?post=107906"}],"curies":[{"name":"wp","href":"https:\/\/api.w.org\/{rel}","templated":true}]}}