{"id":10791,"date":"2025-11-07T20:16:06","date_gmt":"2025-11-01T21:00:18","guid":{"rendered":"https:\/\/modesthanim.com\/product\/nicol-dikisli-pantolon-siyah\/"},"modified":"2026-04-15T21:52:01","modified_gmt":"2026-04-15T21:52:01","slug":"nicol-dikisli-pantolon-siyah","status":"publish","type":"product","link":"https:\/\/mod.wisdar.net\/tr\/urun\/nicol-dikisli-pantolon-siyah\/","title":{"rendered":"Nicol Diki\u015fli Pantolon Siyah"},"content":{"rendered":"<p>Nicol Diki\u015fli Pantolon Siyah, double krep kuma\u015f\u0131n\u0131n zarif dokusuyla hem \u015f\u0131kl\u0131\u011f\u0131 hem de konforu bir arada sunuyor. Y\u00fcksek bel tasar\u0131m\u0131, arka beldeki lastik detaylar\u0131 ve fermuar kapama ile m\u00fckemmel bir uyum sa\u011flarken, cepler ve diki\u015f detaylar\u0131 modern bir dokunu\u015f ekler. Geni\u015f pa\u00e7a kesimiyle hareket \u00f6zg\u00fcrl\u00fc\u011f\u00fc sa\u011flar. \u015e\u0131k bir bluzla g\u00fcnl\u00fck \u015f\u0131kl\u0131\u011f\u0131n\u0131z\u0131 tamamlayabilece\u011finiz gibi, daha sofistike bir hava i\u00e7in topuklu ayakkab\u0131larla da kombinleyebilirsiniz. Her an\u0131n\u0131za zarif bir stil eklemek i\u00e7in m\u00fckemmel bir tercih! \u00dcR\u00dcN \u00d6ZELL\u0130KLER\u0130: Double krep kuma\u015f, Y\u00fcksek bel, fermuar kapama, Cepli, \u00f6nden \u00e7\u0131ma diki\u015fli, Double pa\u00e7a pantolon. \u0130\u00c7ER\u0130K VE BAKIM: %100 PES. \u00c7ama\u015f\u0131r makinas\u0131nda d\u00fc\u015f\u00fck \u0131s\u0131da y\u0131kanabilir. Sererek kurutunuz. D\u00fc\u015f\u00fck \u0131s\u0131da tersten \u00fct\u00fclenebilir. Elle \u00f6l\u00e7\u00fcmlerde 2-3 cm de\u011fi\u015fiklik g\u00f6sterebilir. Manken \u00d6l\u00e7\u00fcleri: Boy 174cm, G\u00f6\u011f\u00fcs 81cm, Basen 93cm. Manken \u00fczerindeki \u00fcr\u00fcn 36 bedendir.<\/p>\n","protected":false},"excerpt":{"rendered":"<p>Nicol Diki\u015fli Pantolon Siyah, double krep kuma\u015f\u0131n\u0131n zarif dokusuyla hem \u015f\u0131kl\u0131\u011f\u0131 hem de konforu bir arada sunuyor. Y\u00fcksek bel tasar\u0131m\u0131, arka beldeki lastik detaylar\u0131 ve fermuar kapama ile m\u00fckemmel bir uyum sa\u011flarken, cepler ve diki\u015f detaylar\u0131 modern bir dokunu\u015f ekler. Geni\u015f pa\u00e7a kesimiyle hareket \u00f6zg\u00fcrl\u00fc\u011f\u00fc sa\u011flar. \u015e\u0131k bir bluzla g\u00fcnl\u00fck \u015f\u0131kl\u0131\u011f\u0131n\u0131z\u0131 tamamlayabilece\u011finiz gibi, daha sofistike [&hellip;]<\/p>\n","protected":false},"featured_media":0,"comment_status":"open","ping_status":"closed","template":"","meta":[],"product_brand":[],"product_cat":[1882],"product_tag":[],"class_list":{"0":"post-10791","1":"product","2":"type-product","3":"status-publish","5":"product_cat-alt-giyim","6":"pa_brand-kadriye-basturk","7":"pa_color-siyah","8":"pa_size-4701","9":"pa_size-4706","10":"pa_size-4711","11":"pa_size-4713","13":"first","14":"outofstock","15":"shipping-taxable","16":"product-type-variable"},"_links":{"self":[{"href":"https:\/\/mod.wisdar.net\/tr\/wp-json\/wp\/v2\/product\/10791","targetHints":{"allow":["GET"]}}],"collection":[{"href":"https:\/\/mod.wisdar.net\/tr\/wp-json\/wp\/v2\/product"}],"about":[{"href":"https:\/\/mod.wisdar.net\/tr\/wp-json\/wp\/v2\/types\/product"}],"replies":[{"embeddable":true,"href":"https:\/\/mod.wisdar.net\/tr\/wp-json\/wp\/v2\/comments?post=10791"}],"wp:attachment":[{"href":"https:\/\/mod.wisdar.net\/tr\/wp-json\/wp\/v2\/media?parent=10791"}],"wp:term":[{"taxonomy":"product_brand","embeddable":true,"href":"https:\/\/mod.wisdar.net\/tr\/wp-json\/wp\/v2\/product_brand?post=10791"},{"taxonomy":"product_cat","embeddable":true,"href":"https:\/\/mod.wisdar.net\/tr\/wp-json\/wp\/v2\/product_cat?post=10791"},{"taxonomy":"product_tag","embeddable":true,"href":"https:\/\/mod.wisdar.net\/tr\/wp-json\/wp\/v2\/product_tag?post=10791"}],"curies":[{"name":"wp","href":"https:\/\/api.w.org\/{rel}","templated":true}]}}