{"id":107982,"date":"2026-02-16T19:35:02","date_gmt":"2026-02-16T19:35:02","guid":{"rendered":"https:\/\/modesthanim.com\/product\/siyah-fermuar-kapama-detayli-el-cantasi\/"},"modified":"2026-04-10T22:14:59","modified_gmt":"2026-04-10T22:14:59","slug":"siyah-fermuar-kapama-detayli-el-cantasi","status":"publish","type":"product","link":"https:\/\/mod.wisdar.net\/tr\/urun\/siyah-fermuar-kapama-detayli-el-cantasi\/","title":{"rendered":"Siyah Fermuar Kapama Detayl\u0131 El \u00c7antas\u0131"},"content":{"rendered":"<p>\u2014 Technical Details \u2014<br \/>\nDesen: D\u00fcz<\/p>\n","protected":false},"excerpt":{"rendered":"<p>\u2014 Technical Details \u2014 Desen: D\u00fcz<\/p>\n","protected":false},"featured_media":107978,"comment_status":"open","ping_status":"closed","template":"","meta":[],"product_brand":[],"product_cat":[6960,6957],"product_tag":[],"class_list":{"0":"post-107982","1":"product","2":"type-product","3":"status-publish","4":"has-post-thumbnail","6":"product_cat-cantalar","7":"product_cat-cantalar-el-cantalari","8":"pa_brand-levidor","9":"pa_color-siyah","11":"first","12":"outofstock","13":"shipping-taxable","14":"product-type-variable"},"_links":{"self":[{"href":"https:\/\/mod.wisdar.net\/tr\/wp-json\/wp\/v2\/product\/107982","targetHints":{"allow":["GET"]}}],"collection":[{"href":"https:\/\/mod.wisdar.net\/tr\/wp-json\/wp\/v2\/product"}],"about":[{"href":"https:\/\/mod.wisdar.net\/tr\/wp-json\/wp\/v2\/types\/product"}],"replies":[{"embeddable":true,"href":"https:\/\/mod.wisdar.net\/tr\/wp-json\/wp\/v2\/comments?post=107982"}],"wp:featuredmedia":[{"embeddable":true,"href":"https:\/\/mod.wisdar.net\/tr\/wp-json\/wp\/v2\/media\/107978"}],"wp:attachment":[{"href":"https:\/\/mod.wisdar.net\/tr\/wp-json\/wp\/v2\/media?parent=107982"}],"wp:term":[{"taxonomy":"product_brand","embeddable":true,"href":"https:\/\/mod.wisdar.net\/tr\/wp-json\/wp\/v2\/product_brand?post=107982"},{"taxonomy":"product_cat","embeddable":true,"href":"https:\/\/mod.wisdar.net\/tr\/wp-json\/wp\/v2\/product_cat?post=107982"},{"taxonomy":"product_tag","embeddable":true,"href":"https:\/\/mod.wisdar.net\/tr\/wp-json\/wp\/v2\/product_tag?post=107982"}],"curies":[{"name":"wp","href":"https:\/\/api.w.org\/{rel}","templated":true}]}}