{"id":108006,"date":"2026-02-16T19:35:23","date_gmt":"2026-02-16T19:35:23","guid":{"rendered":"https:\/\/modesthanim.com\/product\/koyu-kahve-aski-cuzdan-detayli-el-cantasi\/"},"modified":"2026-04-10T22:15:02","modified_gmt":"2026-04-10T22:15:02","slug":"koyu-kahve-aski-cuzdan-detayli-el-cantasi","status":"publish","type":"product","link":"https:\/\/mod.wisdar.net\/tr\/urun\/koyu-kahve-aski-cuzdan-detayli-el-cantasi\/","title":{"rendered":"Koyu Kahve Ask\u0131 C\u00fczdan Detayl\u0131 El \u00c7antas\u0131"},"content":{"rendered":"<p>\u2014 Technical Details \u2014<br \/>\nDesen: Etnik<\/p>\n","protected":false},"excerpt":{"rendered":"<p>\u2014 Technical Details \u2014 Desen: Etnik<\/p>\n","protected":false},"featured_media":107999,"comment_status":"open","ping_status":"closed","template":"","meta":[],"product_brand":[],"product_cat":[6960,6957],"product_tag":[7037,7145],"class_list":{"0":"post-108006","1":"product","2":"type-product","3":"status-publish","4":"has-post-thumbnail","6":"product_cat-cantalar","7":"product_cat-cantalar-el-cantalari","8":"product_tag-el-cantasi","9":"product_tag-kadin-aksesuari","10":"pa_brand-levidor","11":"pa_color-koyu-kahve","13":"first","14":"outofstock","15":"shipping-taxable","16":"product-type-variable"},"_links":{"self":[{"href":"https:\/\/mod.wisdar.net\/tr\/wp-json\/wp\/v2\/product\/108006","targetHints":{"allow":["GET"]}}],"collection":[{"href":"https:\/\/mod.wisdar.net\/tr\/wp-json\/wp\/v2\/product"}],"about":[{"href":"https:\/\/mod.wisdar.net\/tr\/wp-json\/wp\/v2\/types\/product"}],"replies":[{"embeddable":true,"href":"https:\/\/mod.wisdar.net\/tr\/wp-json\/wp\/v2\/comments?post=108006"}],"wp:featuredmedia":[{"embeddable":true,"href":"https:\/\/mod.wisdar.net\/tr\/wp-json\/wp\/v2\/media\/107999"}],"wp:attachment":[{"href":"https:\/\/mod.wisdar.net\/tr\/wp-json\/wp\/v2\/media?parent=108006"}],"wp:term":[{"taxonomy":"product_brand","embeddable":true,"href":"https:\/\/mod.wisdar.net\/tr\/wp-json\/wp\/v2\/product_brand?post=108006"},{"taxonomy":"product_cat","embeddable":true,"href":"https:\/\/mod.wisdar.net\/tr\/wp-json\/wp\/v2\/product_cat?post=108006"},{"taxonomy":"product_tag","embeddable":true,"href":"https:\/\/mod.wisdar.net\/tr\/wp-json\/wp\/v2\/product_tag?post=108006"}],"curies":[{"name":"wp","href":"https:\/\/api.w.org\/{rel}","templated":true}]}}