{"id":108049,"date":"2026-02-16T19:36:01","date_gmt":"2026-02-16T19:36:01","guid":{"rendered":"https:\/\/modesthanim.com\/product\/koyu-kahve-coklu-canta-detayli-omuz-cantasi\/"},"modified":"2026-04-10T22:22:17","modified_gmt":"2026-04-10T22:22:17","slug":"koyu-kahve-coklu-canta-detayli-omuz-cantasi","status":"publish","type":"product","link":"https:\/\/mod.wisdar.net\/tr\/urun\/koyu-kahve-coklu-canta-detayli-omuz-cantasi\/","title":{"rendered":"Koyu Kahve \u00c7oklu \u00c7anta Detayl\u0131 Omuz \u00c7antas\u0131"},"content":{"rendered":"<p>\u2014 Technical Details \u2014<br \/>\nDesen: Etnik<\/p>\n","protected":false},"excerpt":{"rendered":"<p>\u2014 Technical Details \u2014 Desen: Etnik<\/p>\n","protected":false},"featured_media":108043,"comment_status":"open","ping_status":"closed","template":"","meta":[],"product_brand":[],"product_cat":[6960,6957],"product_tag":[8408,6980],"class_list":{"0":"post-108049","1":"product","2":"type-product","3":"status-publish","4":"has-post-thumbnail","6":"product_cat-cantalar","7":"product_cat-cantalar-el-cantalari","8":"product_tag-detayli-tasarim","9":"product_tag-omuz-cantasi","10":"pa_brand-levidor","11":"pa_color-koyu-kahve","13":"first","14":"outofstock","15":"shipping-taxable","16":"product-type-variable"},"_links":{"self":[{"href":"https:\/\/mod.wisdar.net\/tr\/wp-json\/wp\/v2\/product\/108049","targetHints":{"allow":["GET"]}}],"collection":[{"href":"https:\/\/mod.wisdar.net\/tr\/wp-json\/wp\/v2\/product"}],"about":[{"href":"https:\/\/mod.wisdar.net\/tr\/wp-json\/wp\/v2\/types\/product"}],"replies":[{"embeddable":true,"href":"https:\/\/mod.wisdar.net\/tr\/wp-json\/wp\/v2\/comments?post=108049"}],"wp:featuredmedia":[{"embeddable":true,"href":"https:\/\/mod.wisdar.net\/tr\/wp-json\/wp\/v2\/media\/108043"}],"wp:attachment":[{"href":"https:\/\/mod.wisdar.net\/tr\/wp-json\/wp\/v2\/media?parent=108049"}],"wp:term":[{"taxonomy":"product_brand","embeddable":true,"href":"https:\/\/mod.wisdar.net\/tr\/wp-json\/wp\/v2\/product_brand?post=108049"},{"taxonomy":"product_cat","embeddable":true,"href":"https:\/\/mod.wisdar.net\/tr\/wp-json\/wp\/v2\/product_cat?post=108049"},{"taxonomy":"product_tag","embeddable":true,"href":"https:\/\/mod.wisdar.net\/tr\/wp-json\/wp\/v2\/product_tag?post=108049"}],"curies":[{"name":"wp","href":"https:\/\/api.w.org\/{rel}","templated":true}]}}