{"id":108237,"date":"2026-02-16T19:38:41","date_gmt":"2026-02-16T19:38:41","guid":{"rendered":"https:\/\/modesthanim.com\/product\/tas-plise-sifonlu-ceket-takim\/"},"modified":"2026-03-26T08:14:07","modified_gmt":"2026-03-26T08:14:07","slug":"tas-plise-sifonlu-ceket-takim","status":"publish","type":"product","link":"https:\/\/mod.wisdar.net\/tr\/urun\/tas-plise-sifonlu-ceket-takim\/","title":{"rendered":"Ta\u015f Plise \u015eifonlu Ceket Tak\u0131m"},"content":{"rendered":"<p>BAKIMI:<br \/>\n\u00dcr\u00fcn\u00fcm\u00fcz\u00fc tersinden hassas programda tek y\u0131kay\u0131n\u0131z.<br \/>\n S\u0131v\u0131 deterjanla y\u0131kamal\u0131 ve d\u00fc\u015f\u00fck devirde s\u0131kma yapmal\u0131s\u0131n\u0131z.<br \/>\n Sererek kurutmal\u0131 ve d\u00fc\u015f\u00fck s\u0131cakl\u0131kta \u00fct\u00fc yapmal\u0131s\u0131n\u0131z.<br \/>\nED\u0130T\u00d6R\u00dcN YORUMU<br \/>\n Sezonun en be\u011fenilen pantolon tak\u0131mlar\u0131 aras\u0131nda yer alan plise \u015fifonlu ceket tak\u0131m tarz\u0131na \u00f6zen g\u00f6steren kad\u0131nlar\u0131n favorisi oluyor. \u015eifon plise detaylar\u0131 ile romantik bir g\u00f6r\u00fcn\u00fcm sunarken modern ve enerjik bir stil yarat\u0131yor. Dilerseniz tak\u0131m\u0131n par\u00e7alar\u0131 ile ayr\u0131 ayr\u0131 farkl\u0131 kombinler olu\u015fturabilirsiniz. Stil sahibi bir g\u00f6r\u00fcn\u00fcm isteyen kad\u0131nlar i\u00e7in hem g\u00fcnl\u00fck hem \u00f6zel davetlerde sofistike bir g\u00f6r\u00fcn\u00fcm kazanarak g\u00f6z dolduruyor. Haz\u0131r \u015fal modelleri ile kombinlendi\u011finde g\u00fcn boyu rahatl\u0131k sunarken k\u0131r\u0131\u015fmaya kar\u015f\u0131 dayan\u0131kl\u0131 yap\u0131s\u0131yla formunu koruyor.<\/p>\n<p>\u2014 Technical Details \u2014<br \/>\nKuma\u015f: Polyester<br \/>\nDesen: D\u00fcz<br \/>\nManken \u00d6l\u00e7\u00fcs\u00fc: Boy:170 cm,Gog\u00fcs:86 cm,Bel:64 cm,Basen:95 cm,Kol Boyu:60 cm.<br \/>\nKapama Tarz\u0131: D\u00fc\u011fmeli<br \/>\nAstar Durumu: Astarl\u0131<br \/>\nCep Tipi: Cepli<br \/>\nYaka Tipi: Ceket Yaka<\/p>\n","protected":false},"excerpt":{"rendered":"<p>BAKIMI: \u00dcr\u00fcn\u00fcm\u00fcz\u00fc tersinden hassas programda tek y\u0131kay\u0131n\u0131z. S\u0131v\u0131 deterjanla y\u0131kamal\u0131 ve d\u00fc\u015f\u00fck devirde s\u0131kma yapmal\u0131s\u0131n\u0131z. Sererek kurutmal\u0131 ve d\u00fc\u015f\u00fck s\u0131cakl\u0131kta \u00fct\u00fc yapmal\u0131s\u0131n\u0131z. ED\u0130T\u00d6R\u00dcN YORUMU Sezonun en be\u011fenilen pantolon tak\u0131mlar\u0131 aras\u0131nda yer alan plise \u015fifonlu ceket tak\u0131m tarz\u0131na \u00f6zen g\u00f6steren kad\u0131nlar\u0131n favorisi oluyor. \u015eifon plise detaylar\u0131 ile romantik bir g\u00f6r\u00fcn\u00fcm sunarken modern ve enerjik bir stil [&hellip;]<\/p>\n","protected":false},"featured_media":108230,"comment_status":"open","ping_status":"closed","template":"","meta":[],"product_brand":[],"product_cat":[1900],"product_tag":[8377,6744,6844],"class_list":{"0":"post-108237","1":"product","2":"type-product","3":"status-publish","4":"has-post-thumbnail","6":"product_cat-koordinatlar-setler","7":"product_tag-ceket-takimi","8":"product_tag-kadin-modasi","9":"product_tag-modern-siklik","10":"pa_brand-levidor","11":"pa_color-tas","12":"pa_size-4706","13":"pa_size-4711","14":"pa_size-4713","15":"pa_size-4751","17":"first","18":"instock","19":"shipping-taxable","20":"purchasable","21":"product-type-variable"},"_links":{"self":[{"href":"https:\/\/mod.wisdar.net\/tr\/wp-json\/wp\/v2\/product\/108237","targetHints":{"allow":["GET"]}}],"collection":[{"href":"https:\/\/mod.wisdar.net\/tr\/wp-json\/wp\/v2\/product"}],"about":[{"href":"https:\/\/mod.wisdar.net\/tr\/wp-json\/wp\/v2\/types\/product"}],"replies":[{"embeddable":true,"href":"https:\/\/mod.wisdar.net\/tr\/wp-json\/wp\/v2\/comments?post=108237"}],"wp:featuredmedia":[{"embeddable":true,"href":"https:\/\/mod.wisdar.net\/tr\/wp-json\/wp\/v2\/media\/108230"}],"wp:attachment":[{"href":"https:\/\/mod.wisdar.net\/tr\/wp-json\/wp\/v2\/media?parent=108237"}],"wp:term":[{"taxonomy":"product_brand","embeddable":true,"href":"https:\/\/mod.wisdar.net\/tr\/wp-json\/wp\/v2\/product_brand?post=108237"},{"taxonomy":"product_cat","embeddable":true,"href":"https:\/\/mod.wisdar.net\/tr\/wp-json\/wp\/v2\/product_cat?post=108237"},{"taxonomy":"product_tag","embeddable":true,"href":"https:\/\/mod.wisdar.net\/tr\/wp-json\/wp\/v2\/product_tag?post=108237"}],"curies":[{"name":"wp","href":"https:\/\/api.w.org\/{rel}","templated":true}]}}