{"id":108334,"date":"2026-02-16T19:40:06","date_gmt":"2026-02-16T19:40:06","guid":{"rendered":"https:\/\/modesthanim.com\/product\/kahve-kendinden-desenli-yelekli-uclu-takim\/"},"modified":"2026-02-16T19:57:34","modified_gmt":"2026-02-16T19:57:34","slug":"kahve-kendinden-desenli-yelekli-uclu-takim","status":"publish","type":"product","link":"https:\/\/mod.wisdar.net\/tr\/urun\/kahve-kendinden-desenli-yelekli-uclu-takim\/","title":{"rendered":"Kahve Kendinden Desenli Yelekli \u00dc\u00e7l\u00fc Tak\u0131m"},"content":{"rendered":"<p>BAKIMI:<br \/>\n\u00dcr\u00fcn\u00fcm\u00fcz\u00fc tersinden hassas programda tek y\u0131kay\u0131n\u0131z.<br \/>\n S\u0131v\u0131 deterjanla y\u0131kamal\u0131 ve d\u00fc\u015f\u00fck devirde s\u0131kma yapmal\u0131s\u0131n\u0131z.<br \/>\n Sererek kurutmal\u0131 ve d\u00fc\u015f\u00fck s\u0131cakl\u0131kta \u00fct\u00fc yapmal\u0131s\u0131n\u0131z.<br \/>\nED\u0130T\u00d6R\u00dcN YORUMU:<br \/>\nKendinden desenli yelekli \u00fc\u00e7l\u00fc tak\u0131m rahatl\u0131\u011f\u0131 ve zarafetiyle \u00f6ne \u00e7\u0131k\u0131yor. Hem g\u00fcnl\u00fck ya\u015famda hem de \u00f6zel g\u00fcnlerde tercih edebilece\u011finiz bu tak\u0131m \u00e7ok y\u00f6nl\u00fc bir kullan\u0131m sunuyor. \u00dc\u00e7 par\u00e7adan olu\u015fan bu tak\u0131m \u015f\u0131k yelek detay\u0131yla kombinlerinize sofistike bir hava kat\u0131yor. Kendinden desenli kuma\u015f\u0131 sayesinde sade ama dikkat \u00e7ekici bir g\u00f6r\u00fcn\u00fcm olu\u015fturuyor. V\u00fccudu zarif\u00e7e saran kesimiyle estetik bir siluet olu\u015fturuyor. Kad\u0131n \u00fc\u00e7l\u00fc tak\u0131m modelleri aras\u0131nda hem klasik hem modern tarz\u0131 bir araya getiren bu \u00fcr\u00fcn sayesinde hem g\u00fcnl\u00fck hayatta hem de \u00f6zel davetlerde stilinizi kolayca yans\u0131tabilirsiniz. Omuz \u00e7antas\u0131 modelleri ile kombinledi\u011finizde \u015f\u0131kl\u0131\u011f\u0131 ve rahatl\u0131\u011f\u0131 bir arada sunarak size e\u015flik ediyor.<\/p>\n<p>\u2014 Technical Details \u2014<br \/>\nKuma\u015f: Viskon Scuba<br \/>\nDesen: Dokulu<br \/>\nManken \u00d6l\u00e7\u00fcs\u00fc: Boy:174 cm, G\u00f6\u011f\u00fcs: 87 cm, Basen: 100 cm, Kol Boyu: 60 cm<br \/>\nKapama Tarz\u0131: Ba\u011fc\u0131kl\u0131 ve Fermuarl\u0131<br \/>\nCep Tipi: Cepli<\/p>\n","protected":false},"excerpt":{"rendered":"<p>BAKIMI: \u00dcr\u00fcn\u00fcm\u00fcz\u00fc tersinden hassas programda tek y\u0131kay\u0131n\u0131z. S\u0131v\u0131 deterjanla y\u0131kamal\u0131 ve d\u00fc\u015f\u00fck devirde s\u0131kma yapmal\u0131s\u0131n\u0131z. Sererek kurutmal\u0131 ve d\u00fc\u015f\u00fck s\u0131cakl\u0131kta \u00fct\u00fc yapmal\u0131s\u0131n\u0131z. ED\u0130T\u00d6R\u00dcN YORUMU: Kendinden desenli yelekli \u00fc\u00e7l\u00fc tak\u0131m rahatl\u0131\u011f\u0131 ve zarafetiyle \u00f6ne \u00e7\u0131k\u0131yor. Hem g\u00fcnl\u00fck ya\u015famda hem de \u00f6zel g\u00fcnlerde tercih edebilece\u011finiz bu tak\u0131m \u00e7ok y\u00f6nl\u00fc bir kullan\u0131m sunuyor. \u00dc\u00e7 par\u00e7adan olu\u015fan bu tak\u0131m [&hellip;]<\/p>\n","protected":false},"featured_media":108323,"comment_status":"open","ping_status":"closed","template":"","meta":[],"product_brand":[],"product_cat":[1900],"product_tag":[6936,5012,6744,6840],"class_list":{"0":"post-108334","1":"product","2":"type-product","3":"status-publish","4":"has-post-thumbnail","6":"product_cat-koordinatlar-setler","7":"product_tag-cok-yonlu","8":"product_tag-elegant","9":"product_tag-kadin-modasi","10":"product_tag-kahve-rengi","11":"pa_brand-levidor","12":"pa_color-kahve","13":"pa_size-4711","14":"pa_size-4713","15":"pa_size-4751","16":"pa_size-4749","18":"first","19":"instock","20":"sale","21":"shipping-taxable","22":"purchasable","23":"product-type-variable"},"_links":{"self":[{"href":"https:\/\/mod.wisdar.net\/tr\/wp-json\/wp\/v2\/product\/108334","targetHints":{"allow":["GET"]}}],"collection":[{"href":"https:\/\/mod.wisdar.net\/tr\/wp-json\/wp\/v2\/product"}],"about":[{"href":"https:\/\/mod.wisdar.net\/tr\/wp-json\/wp\/v2\/types\/product"}],"replies":[{"embeddable":true,"href":"https:\/\/mod.wisdar.net\/tr\/wp-json\/wp\/v2\/comments?post=108334"}],"wp:featuredmedia":[{"embeddable":true,"href":"https:\/\/mod.wisdar.net\/tr\/wp-json\/wp\/v2\/media\/108323"}],"wp:attachment":[{"href":"https:\/\/mod.wisdar.net\/tr\/wp-json\/wp\/v2\/media?parent=108334"}],"wp:term":[{"taxonomy":"product_brand","embeddable":true,"href":"https:\/\/mod.wisdar.net\/tr\/wp-json\/wp\/v2\/product_brand?post=108334"},{"taxonomy":"product_cat","embeddable":true,"href":"https:\/\/mod.wisdar.net\/tr\/wp-json\/wp\/v2\/product_cat?post=108334"},{"taxonomy":"product_tag","embeddable":true,"href":"https:\/\/mod.wisdar.net\/tr\/wp-json\/wp\/v2\/product_tag?post=108334"}],"curies":[{"name":"wp","href":"https:\/\/api.w.org\/{rel}","templated":true}]}}